{"id":19198,"date":"2024-09-18T15:13:01","date_gmt":"2024-09-18T13:13:01","guid":{"rendered":"https:\/\/www.toulouse-tournages.fr\/filming-locations\/carnet-de-decors\/"},"modified":"2024-10-16T14:10:50","modified_gmt":"2024-10-16T12:10:50","slug":"film-sets","status":"publish","type":"page","link":"https:\/\/www.toulouse-tournages.fr\/en\/filming-locations\/film-sets\/","title":{"rendered":"Film sets"},"content":{"rendered":"\n<div class=\"wp-block-group has-global-padding is-layout-constrained wp-block-group-is-layout-constrained\">\n<div class=\"wp-block-columns is-layout-flex wp-container-core-columns-is-layout-28f84493 wp-block-columns-is-layout-flex\">\n<div class=\"wp-block-column is-vertically-aligned-center is-layout-flow wp-block-column-is-layout-flow\" style=\"flex-basis:33.33%\">\n<iframe width=\"315\" height=\"320\"\nsrc=\"https:\/\/www.youtube.com\/embed\/BxKNshAGh1o?si=CCXPfKAHZRP9CO1e\"\ntitle=\"R\u00e9alit\u00e9 virtuelle au mus\u00e9e Aeroscopia\"\nframeborder=\"0\"\nallow=\"accelerometer; autoplay; clipboard-write; encrypted-media; gyroscope; picture-in-picture; web-share\"\nallowfullscreen><\/iframe>\n<\/div>\n\n\n\n<div class=\"wp-block-column is-vertically-aligned-center is-layout-flow wp-block-column-is-layout-flow\" style=\"flex-basis:66.66%\">\n<h2 class=\"wp-block-heading\">Toulouse; a film set that is bursting with colour<\/h2>\n\n\n\n<p>Toulouse is a major metropolis, the 4th largest city in France, boasting 2,000 years of history. It is also a town with historic areas that are full of life, narrow cobbled streets and wide avenues in the Haussmann style, little town squares and the vast banks of the River Garonne.<\/p>\n\n\n\n<p>Capital of the Occitanie region, just 2h by road from the Mediterranean Sea and 1h30 from the Pyrenees, by staging your shoot in Toulouse you can take advantage of a vast array of different locations for your film.<\/p>\n<\/div>\n<\/div>\n<\/div>\n\n\n\n<div class=\"wp-block-group has-global-padding is-layout-constrained wp-block-group-is-layout-constrained\">\n<section class=\"wp-block-group alignfull pattern-text-image has-global-padding is-layout-constrained wp-block-group-is-layout-constrained\" style=\"padding-top:var(--wp--preset--spacing--x-large);padding-bottom:var(--wp--preset--spacing--x-large)\">\n<div class=\"wp-block-columns are-vertically-aligned-center is-layout-flex wp-container-core-columns-is-layout-28f84493 wp-block-columns-is-layout-flex\">\n<div class=\"wp-block-column is-vertically-aligned-center pattern-text-image__content is-layout-flow wp-block-column-is-layout-flow\">\n<p class=\"is-style-h3-surtitle\">Scouting notebook<\/p>\n\n\n\n<h2 class=\"wp-block-heading\">Explore Toulouse M\u00e9tropole<\/h2>\n\n\n\n<p>Explore Toulouse and its metropolitan area of 37 communes.<\/p>\n\n\n\n<p>Whether you&#8217;re looking for a media library, a castle, a large park or a lock, there&#8217;s sure to be a place that&#8217;s just right for your project!<\/p>\n\n\n\n<div class=\"wp-block-buttons is-layout-flex wp-block-buttons-is-layout-flex\">\n<div class=\"wp-block-button\"><a class=\"wp-block-button__link wp-element-button\" href=\"https:\/\/www.toulouse-tournages.fr\/lieux-de-tournages\/trouver-des-decors-pour-votre-tournage\/\" target=\"_blank\" rel=\"noreferrer noopener\">Finding location for your shoot (in French)<\/a><\/div>\n<\/div>\n\n\n\n<div style=\"height:100%\" aria-hidden=\"true\" class=\"wp-block-spacer\"><\/div>\n<\/div>\n\n\n\n<div class=\"wp-block-column is-vertically-aligned-center pattern-text-image__media is-layout-flow wp-block-column-is-layout-flow\">\n<figure class=\"wp-block-embed is-type-video is-provider-youtube wp-block-embed-youtube wp-embed-aspect-16-9 wp-has-aspect-ratio\"><div class=\"wp-block-embed__wrapper\">\n<iframe title=\"Toulouse, lieux de tournages\" width=\"500\" height=\"281\" src=\"https:\/\/www.youtube.com\/embed\/PWq_FuIOnc0?feature=oembed\" frameborder=\"0\" allow=\"accelerometer; autoplay; clipboard-write; encrypted-media; gyroscope; picture-in-picture; web-share\" referrerpolicy=\"strict-origin-when-cross-origin\" allowfullscreen><\/iframe>\n<\/div><\/figure>\n<\/div>\n<\/div>\n<\/section>\n<\/div>\n\n\n\n<div class=\"wp-block-group has-global-padding is-layout-constrained wp-block-group-is-layout-constrained\">\n<h2 class=\"wp-block-heading\">Make your own list of locations<\/h2>\n\n\n\n<p>Search our database of over 200 sets to find the right locations for your shoot. You can filter the display of locations by type (square, street, church, flat, etc.) as well as by style and atmosphere.<\/p>\n\n\n\n<div class=\"wp-block-columns is-layout-flex wp-container-core-columns-is-layout-28f84493 wp-block-columns-is-layout-flex\">\n<div class=\"wp-block-column is-vertically-aligned-center is-layout-flow wp-block-column-is-layout-flow\" style=\"flex-basis:25%\">\n<button class=\"fs-favorites-button\" data-action=\"add\"><span class=\"libelle\"><strong>Add<\/strong> to my bookmark<\/span><\/button>\n<\/div>\n\n\n\n<div class=\"wp-block-column is-vertically-aligned-center is-layout-flow wp-block-column-is-layout-flow\" style=\"flex-basis:75%\">\n<p>Select the locations that interest you by adding them to your notebook, and save it!<\/p>\n<\/div>\n<\/div>\n<\/div>\n\n\n\n<div class=\"wp-block-group has-global-padding is-layout-constrained wp-block-group-is-layout-constrained\">\n<h2 class=\"wp-block-heading\">Toulouse atmosphere&#8230;<\/h2>\n\n\n\n<div class=\"wp-block-columns is-layout-flex wp-container-core-columns-is-layout-28f84493 wp-block-columns-is-layout-flex\">\n<div class=\"wp-block-column is-vertically-aligned-center is-layout-flow wp-block-column-is-layout-flow\">\n<h3 class=\"wp-block-heading\">Historic pedigree<\/h3>\n\n\n\n<p>The superb palace from the XVI Century plunges you into the Renaissance era. Toulouse boasts around one hundred mansion houses. This is the most sumptuous example of such a building; the H\u00f4tel d\u2019Ass\u00e9zat was designed by the great Toulouse architect Nicolas Bachelier, with its paved main courtyard, the arcades of its loggia and its superb stately tower in rose brick.<\/p>\n\n\n\n<p><strong>For a historical film or a documentary on heritage themes, the Ville Rose is sure to seduce you.<\/strong><\/p>\n<\/div>\n\n\n\n<div class=\"wp-block-column is-layout-flow wp-block-column-is-layout-flow\">\n<figure data-wp-context=\"{&quot;imageId&quot;:&quot;6a0787fcab22f&quot;}\" data-wp-interactive=\"core\/image\" data-wp-key=\"6a0787fcab22f\" class=\"wp-block-image size-large wp-lightbox-container\"><img decoding=\"async\" width=\"1200\" height=\"800\" data-wp-class--hide=\"state.isContentHidden\" data-wp-class--show=\"state.isContentVisible\" data-wp-init=\"callbacks.setButtonStyles\" data-wp-on--click=\"actions.showLightbox\" data-wp-on--load=\"callbacks.setButtonStyles\" data-wp-on-window--resize=\"callbacks.setButtonStyles\" src=\"https:\/\/www.toulouse-tournages.fr\/assets\/uploads\/sites\/6\/2024\/09\/hotel-assezat-1200x800.jpg\" alt=\"H\u00f4tel d'Ass\u00e9zat\" class=\"wp-image-17915\" srcset=\"https:\/\/www.toulouse-tournages.fr\/assets\/uploads\/sites\/6\/2024\/09\/hotel-assezat-1200x800.jpg 1200w, https:\/\/www.toulouse-tournages.fr\/assets\/uploads\/sites\/6\/2024\/09\/hotel-assezat-600x400.jpg 600w, https:\/\/www.toulouse-tournages.fr\/assets\/uploads\/sites\/6\/2024\/09\/hotel-assezat-400x267.jpg 400w, https:\/\/www.toulouse-tournages.fr\/assets\/uploads\/sites\/6\/2024\/09\/hotel-assezat-768x512.jpg 768w, https:\/\/www.toulouse-tournages.fr\/assets\/uploads\/sites\/6\/2024\/09\/hotel-assezat-1536x1024.jpg 1536w, https:\/\/www.toulouse-tournages.fr\/assets\/uploads\/sites\/6\/2024\/09\/hotel-assezat.jpg 1920w\" sizes=\"(max-width: 1200px) 100vw, 1200px\" \/><button\n\t\t\tclass=\"lightbox-trigger\"\n\t\t\ttype=\"button\"\n\t\t\taria-haspopup=\"dialog\"\n\t\t\taria-label=\"Enlarge\"\n\t\t\tdata-wp-init=\"callbacks.initTriggerButton\"\n\t\t\tdata-wp-on--click=\"actions.showLightbox\"\n\t\t\tdata-wp-style--right=\"state.imageButtonRight\"\n\t\t\tdata-wp-style--top=\"state.imageButtonTop\"\n\t\t>\n\t\t\t<svg xmlns=\"http:\/\/www.w3.org\/2000\/svg\" width=\"12\" height=\"12\" fill=\"none\" viewBox=\"0 0 12 12\">\n\t\t\t\t<path fill=\"#fff\" d=\"M2 0a2 2 0 0 0-2 2v2h1.5V2a.5.5 0 0 1 .5-.5h2V0H2Zm2 10.5H2a.5.5 0 0 1-.5-.5V8H0v2a2 2 0 0 0 2 2h2v-1.5ZM8 12v-1.5h2a.5.5 0 0 0 .5-.5V8H12v2a2 2 0 0 1-2 2H8Zm2-12a2 2 0 0 1 2 2v2h-1.5V2a.5.5 0 0 0-.5-.5H8V0h2Z\" \/>\n\t\t\t<\/svg>\n\t\t<\/button><figcaption class=\"wp-element-caption\">Ass\u00e9zat mansion \u00a9 R\u00e9mi Deligeon<\/figcaption><\/figure>\n<\/div>\n<\/div>\n<\/div>\n\n\n\n<div class=\"wp-block-group has-global-padding is-layout-constrained wp-block-group-is-layout-constrained\">\n<div class=\"wp-block-columns is-layout-flex wp-container-core-columns-is-layout-28f84493 wp-block-columns-is-layout-flex\">\n<div class=\"wp-block-column is-vertically-aligned-center is-layout-flow wp-block-column-is-layout-flow\">\n<h3 class=\"wp-block-heading\">Raw contemporary elegance<\/h3>\n\n\n\n<p>Gigantism is also a key aspect of Toulouse. Not long ago the Airbus A380 was assembled here and \u00ab flying whales \u00bb, Beluga aircraft, still regularly cross the Toulouse skies.<\/p>\n\n\n\n<p><strong>The &#8220;Ville rose&#8221; also offers open, bare spaces, which combine concrete and grey steel, and will give your shoot a very urban type of setting.<\/strong><\/p>\n<\/div>\n\n\n\n<div class=\"wp-block-column is-layout-flow wp-block-column-is-layout-flow\">\n<figure data-wp-context=\"{&quot;imageId&quot;:&quot;6a0787fcabffd&quot;}\" data-wp-interactive=\"core\/image\" data-wp-key=\"6a0787fcabffd\" class=\"wp-block-image size-large wp-lightbox-container\"><img decoding=\"async\" width=\"1200\" height=\"800\" data-wp-class--hide=\"state.isContentHidden\" data-wp-class--show=\"state.isContentVisible\" data-wp-init=\"callbacks.setButtonStyles\" data-wp-on--click=\"actions.showLightbox\" data-wp-on--load=\"callbacks.setButtonStyles\" data-wp-on-window--resize=\"callbacks.setButtonStyles\" src=\"https:\/\/www.toulouse-tournages.fr\/assets\/uploads\/sites\/6\/2024\/09\/meett-1200x800.jpg\" alt=\"Le MEETT centre de convention et parc d'exposition\" class=\"wp-image-17917\" srcset=\"https:\/\/www.toulouse-tournages.fr\/assets\/uploads\/sites\/6\/2024\/09\/meett-1200x800.jpg 1200w, https:\/\/www.toulouse-tournages.fr\/assets\/uploads\/sites\/6\/2024\/09\/meett-600x400.jpg 600w, https:\/\/www.toulouse-tournages.fr\/assets\/uploads\/sites\/6\/2024\/09\/meett-400x267.jpg 400w, https:\/\/www.toulouse-tournages.fr\/assets\/uploads\/sites\/6\/2024\/09\/meett-768x512.jpg 768w, https:\/\/www.toulouse-tournages.fr\/assets\/uploads\/sites\/6\/2024\/09\/meett-1536x1024.jpg 1536w, https:\/\/www.toulouse-tournages.fr\/assets\/uploads\/sites\/6\/2024\/09\/meett.jpg 1920w\" sizes=\"(max-width: 1200px) 100vw, 1200px\" \/><button\n\t\t\tclass=\"lightbox-trigger\"\n\t\t\ttype=\"button\"\n\t\t\taria-haspopup=\"dialog\"\n\t\t\taria-label=\"Enlarge\"\n\t\t\tdata-wp-init=\"callbacks.initTriggerButton\"\n\t\t\tdata-wp-on--click=\"actions.showLightbox\"\n\t\t\tdata-wp-style--right=\"state.imageButtonRight\"\n\t\t\tdata-wp-style--top=\"state.imageButtonTop\"\n\t\t>\n\t\t\t<svg xmlns=\"http:\/\/www.w3.org\/2000\/svg\" width=\"12\" height=\"12\" fill=\"none\" viewBox=\"0 0 12 12\">\n\t\t\t\t<path fill=\"#fff\" d=\"M2 0a2 2 0 0 0-2 2v2h1.5V2a.5.5 0 0 1 .5-.5h2V0H2Zm2 10.5H2a.5.5 0 0 1-.5-.5V8H0v2a2 2 0 0 0 2 2h2v-1.5ZM8 12v-1.5h2a.5.5 0 0 0 .5-.5V8H12v2a2 2 0 0 1-2 2H8Zm2-12a2 2 0 0 1 2 2v2h-1.5V2a.5.5 0 0 0-.5-.5H8V0h2Z\" \/>\n\t\t\t<\/svg>\n\t\t<\/button><figcaption class=\"wp-element-caption\">MEETT convention and exhibition centre &#8211; \u00a9 R\u00e9mi Deligeon<\/figcaption><\/figure>\n<\/div>\n<\/div>\n<\/div>\n\n\n\n<div class=\"wp-block-group has-global-padding is-layout-constrained wp-block-group-is-layout-constrained\">\n<div class=\"wp-block-columns is-layout-flex wp-container-core-columns-is-layout-28f84493 wp-block-columns-is-layout-flex\">\n<div class=\"wp-block-column is-vertically-aligned-center is-layout-flow wp-block-column-is-layout-flow\">\n<h3 class=\"wp-block-heading\">Wild nature<\/h3>\n\n\n\n<p>No sooner have you left the city centre and nature takes command. The Canal du Midi provides the ideal leafy backdrop to your shoots. A veritable green waterway, reflecting the plane trees that stand along its banks, it changes colours with the seasons.<\/p>\n\n\n\n<p><strong>A wonderful natural setting for your film.<\/strong><\/p>\n<\/div>\n\n\n\n<div class=\"wp-block-column is-layout-flow wp-block-column-is-layout-flow\">\n<figure data-wp-context=\"{&quot;imageId&quot;:&quot;6a0787fcacc4e&quot;}\" data-wp-interactive=\"core\/image\" data-wp-key=\"6a0787fcacc4e\" class=\"wp-block-image size-large wp-lightbox-container\"><img decoding=\"async\" width=\"1200\" height=\"800\" data-wp-class--hide=\"state.isContentHidden\" data-wp-class--show=\"state.isContentVisible\" data-wp-init=\"callbacks.setButtonStyles\" data-wp-on--click=\"actions.showLightbox\" data-wp-on--load=\"callbacks.setButtonStyles\" data-wp-on-window--resize=\"callbacks.setButtonStyles\" src=\"https:\/\/www.toulouse-tournages.fr\/assets\/uploads\/sites\/6\/2024\/09\/canal-du-midi-automne-1200x800.jpg\" alt=\"Canal du Midi en automne\" class=\"wp-image-17919\" srcset=\"https:\/\/www.toulouse-tournages.fr\/assets\/uploads\/sites\/6\/2024\/09\/canal-du-midi-automne-1200x800.jpg 1200w, https:\/\/www.toulouse-tournages.fr\/assets\/uploads\/sites\/6\/2024\/09\/canal-du-midi-automne-600x400.jpg 600w, https:\/\/www.toulouse-tournages.fr\/assets\/uploads\/sites\/6\/2024\/09\/canal-du-midi-automne-400x267.jpg 400w, https:\/\/www.toulouse-tournages.fr\/assets\/uploads\/sites\/6\/2024\/09\/canal-du-midi-automne-768x512.jpg 768w, https:\/\/www.toulouse-tournages.fr\/assets\/uploads\/sites\/6\/2024\/09\/canal-du-midi-automne-1536x1024.jpg 1536w, https:\/\/www.toulouse-tournages.fr\/assets\/uploads\/sites\/6\/2024\/09\/canal-du-midi-automne.jpg 1920w\" sizes=\"(max-width: 1200px) 100vw, 1200px\" \/><button\n\t\t\tclass=\"lightbox-trigger\"\n\t\t\ttype=\"button\"\n\t\t\taria-haspopup=\"dialog\"\n\t\t\taria-label=\"Enlarge\"\n\t\t\tdata-wp-init=\"callbacks.initTriggerButton\"\n\t\t\tdata-wp-on--click=\"actions.showLightbox\"\n\t\t\tdata-wp-style--right=\"state.imageButtonRight\"\n\t\t\tdata-wp-style--top=\"state.imageButtonTop\"\n\t\t>\n\t\t\t<svg xmlns=\"http:\/\/www.w3.org\/2000\/svg\" width=\"12\" height=\"12\" fill=\"none\" viewBox=\"0 0 12 12\">\n\t\t\t\t<path fill=\"#fff\" d=\"M2 0a2 2 0 0 0-2 2v2h1.5V2a.5.5 0 0 1 .5-.5h2V0H2Zm2 10.5H2a.5.5 0 0 1-.5-.5V8H0v2a2 2 0 0 0 2 2h2v-1.5ZM8 12v-1.5h2a.5.5 0 0 0 .5-.5V8H12v2a2 2 0 0 1-2 2H8Zm2-12a2 2 0 0 1 2 2v2h-1.5V2a.5.5 0 0 0-.5-.5H8V0h2Z\" \/>\n\t\t\t<\/svg>\n\t\t<\/button><figcaption class=\"wp-element-caption\">Canal du Midi in Autumn &#8211; \u00a9 R\u00e9mi Deligeon<\/figcaption><\/figure>\n<\/div>\n<\/div>\n<\/div>\n","protected":false},"excerpt":{"rendered":"<p>Toulouse; a film set that is bursting with colour Toulouse is a major metropolis, the 4th largest city in France, boasting 2,000 years of history. It is also a town with historic areas that are full of life, narrow cobbled streets and wide avenues in the Haussmann style, little town squares and the vast banks [&hellip;]<\/p>\n","protected":false},"author":3,"featured_media":17923,"parent":19182,"menu_order":0,"comment_status":"closed","ping_status":"closed","template":"","meta":{"_acf_changed":false,"footnotes":""},"class_list":["post-19198","page","type-page","status-publish","has-post-thumbnail","hentry"],"acf":[],"yoast_head":"<!-- This site is optimized with the Yoast SEO plugin v27.1.1 - https:\/\/yoast.com\/product\/yoast-seo-wordpress\/ -->\n<title>Film sets - Toulouse tournages<\/title>\n<meta name=\"description\" content=\"Do you need an ancient monument, a natural setting, modern buildings? You don\u2019t need to scour the whole of France; Toulouse has it all!\" \/>\n<meta name=\"robots\" content=\"index, follow, max-snippet:-1, max-image-preview:large, max-video-preview:-1\" \/>\n<link rel=\"canonical\" href=\"https:\/\/www.toulouse-tournages.fr\/en\/filming-locations\/film-sets\/\" \/>\n<meta property=\"og:locale\" content=\"en_US\" \/>\n<meta property=\"og:type\" content=\"article\" \/>\n<meta property=\"og:title\" content=\"Film sets - Toulouse tournages\" \/>\n<meta property=\"og:description\" content=\"Do you need an ancient monument, a natural setting, modern buildings? You don\u2019t need to scour the whole of France; Toulouse has it all!\" \/>\n<meta property=\"og:url\" content=\"https:\/\/www.toulouse-tournages.fr\/en\/filming-locations\/film-sets\/\" \/>\n<meta property=\"og:site_name\" content=\"Toulouse tournages\" \/>\n<meta property=\"article:modified_time\" content=\"2024-10-16T12:10:50+00:00\" \/>\n<meta property=\"og:image\" content=\"https:\/\/www.toulouse-tournages.fr\/assets\/uploads\/sites\/6\/2024\/09\/garonne-port-daurade.jpg\" \/>\n\t<meta property=\"og:image:width\" content=\"1920\" \/>\n\t<meta property=\"og:image:height\" content=\"1280\" \/>\n\t<meta property=\"og:image:type\" content=\"image\/jpeg\" \/>\n<meta name=\"twitter:card\" content=\"summary_large_image\" \/>\n<meta name=\"twitter:label1\" content=\"Est. reading time\" \/>\n\t<meta name=\"twitter:data1\" content=\"3 minutes\" \/>\n<script type=\"application\/ld+json\" class=\"yoast-schema-graph\">{\"@context\":\"https:\/\/schema.org\",\"@graph\":[{\"@type\":\"WebPage\",\"@id\":\"https:\/\/www.toulouse-tournages.fr\/en\/filming-locations\/film-sets\/\",\"url\":\"https:\/\/www.toulouse-tournages.fr\/en\/filming-locations\/film-sets\/\",\"name\":\"Film sets - Toulouse tournages\",\"isPartOf\":{\"@id\":\"https:\/\/www.toulouse-tournages.fr\/en\/#website\"},\"primaryImageOfPage\":{\"@id\":\"https:\/\/www.toulouse-tournages.fr\/en\/filming-locations\/film-sets\/#primaryimage\"},\"image\":{\"@id\":\"https:\/\/www.toulouse-tournages.fr\/en\/filming-locations\/film-sets\/#primaryimage\"},\"thumbnailUrl\":\"https:\/\/www.toulouse-tournages.fr\/assets\/uploads\/sites\/6\/2024\/09\/garonne-port-daurade.jpg\",\"datePublished\":\"2024-09-18T13:13:01+00:00\",\"dateModified\":\"2024-10-16T12:10:50+00:00\",\"description\":\"Do you need an ancient monument, a natural setting, modern buildings? You don\u2019t need to scour the whole of France; Toulouse has it all!\",\"breadcrumb\":{\"@id\":\"https:\/\/www.toulouse-tournages.fr\/en\/filming-locations\/film-sets\/#breadcrumb\"},\"inLanguage\":\"en-US\",\"potentialAction\":[{\"@type\":\"ReadAction\",\"target\":[\"https:\/\/www.toulouse-tournages.fr\/en\/filming-locations\/film-sets\/\"]}]},{\"@type\":\"ImageObject\",\"inLanguage\":\"en-US\",\"@id\":\"https:\/\/www.toulouse-tournages.fr\/en\/filming-locations\/film-sets\/#primaryimage\",\"url\":\"https:\/\/www.toulouse-tournages.fr\/assets\/uploads\/sites\/6\/2024\/09\/garonne-port-daurade.jpg\",\"contentUrl\":\"https:\/\/www.toulouse-tournages.fr\/assets\/uploads\/sites\/6\/2024\/09\/garonne-port-daurade.jpg\",\"width\":1920,\"height\":1280,\"caption\":\"Port de la Daurade \u00a9 R\u00e9mi Deligeon\"},{\"@type\":\"BreadcrumbList\",\"@id\":\"https:\/\/www.toulouse-tournages.fr\/en\/filming-locations\/film-sets\/#breadcrumb\",\"itemListElement\":[{\"@type\":\"ListItem\",\"position\":1,\"name\":\"Accueil\",\"item\":\"https:\/\/www.toulouse-tournages.fr\/en\/\"},{\"@type\":\"ListItem\",\"position\":2,\"name\":\"Filming locations\",\"item\":\"https:\/\/www.toulouse-tournages.fr\/en\/filming-locations\/\"},{\"@type\":\"ListItem\",\"position\":3,\"name\":\"Film sets\"}]},{\"@type\":\"WebSite\",\"@id\":\"https:\/\/www.toulouse-tournages.fr\/en\/#website\",\"url\":\"https:\/\/www.toulouse-tournages.fr\/en\/\",\"name\":\"Toulouse tournages\",\"description\":\"\",\"publisher\":{\"@id\":\"https:\/\/www.toulouse-tournages.fr\/en\/#organization\"},\"potentialAction\":[{\"@type\":\"SearchAction\",\"target\":{\"@type\":\"EntryPoint\",\"urlTemplate\":\"https:\/\/www.toulouse-tournages.fr\/en\/?s={search_term_string}\"},\"query-input\":{\"@type\":\"PropertyValueSpecification\",\"valueRequired\":true,\"valueName\":\"search_term_string\"}}],\"inLanguage\":\"en-US\"},{\"@type\":\"Organization\",\"@id\":\"https:\/\/www.toulouse-tournages.fr\/en\/#organization\",\"name\":\"Toulouse tournages\",\"url\":\"https:\/\/www.toulouse-tournages.fr\/en\/\",\"logo\":{\"@type\":\"ImageObject\",\"inLanguage\":\"en-US\",\"@id\":\"https:\/\/www.toulouse-tournages.fr\/en\/#\/schema\/logo\/image\/\",\"url\":\"https:\/\/www.toulouse-tournages.fr\/assets\/uploads\/sites\/6\/2023\/10\/toulouse.svg\",\"contentUrl\":\"https:\/\/www.toulouse-tournages.fr\/assets\/uploads\/sites\/6\/2023\/10\/toulouse.svg\",\"width\":220,\"height\":61,\"caption\":\"Toulouse tournages\"},\"image\":{\"@id\":\"https:\/\/www.toulouse-tournages.fr\/en\/#\/schema\/logo\/image\/\"},\"sameAs\":[\"https:\/\/www.linkedin.com\/company\/bureau-des-tournages-de-toulouse-m\u00e9tropole\/\",\"https:\/\/www.instagram.com\/toulouse_tournages\/\",\"https:\/\/www.youtube.com\/channel\/UCSYgbmoy_htj9wlvMalPAfg\"]}]}<\/script>\n<!-- \/ Yoast SEO plugin. -->","yoast_head_json":{"title":"Film sets - Toulouse tournages","description":"Do you need an ancient monument, a natural setting, modern buildings? You don\u2019t need to scour the whole of France; Toulouse has it all!","robots":{"index":"index","follow":"follow","max-snippet":"max-snippet:-1","max-image-preview":"max-image-preview:large","max-video-preview":"max-video-preview:-1"},"canonical":"https:\/\/www.toulouse-tournages.fr\/en\/filming-locations\/film-sets\/","og_locale":"en_US","og_type":"article","og_title":"Film sets - Toulouse tournages","og_description":"Do you need an ancient monument, a natural setting, modern buildings? You don\u2019t need to scour the whole of France; Toulouse has it all!","og_url":"https:\/\/www.toulouse-tournages.fr\/en\/filming-locations\/film-sets\/","og_site_name":"Toulouse tournages","article_modified_time":"2024-10-16T12:10:50+00:00","og_image":[{"width":1920,"height":1280,"url":"https:\/\/www.toulouse-tournages.fr\/assets\/uploads\/sites\/6\/2024\/09\/garonne-port-daurade.jpg","type":"image\/jpeg"}],"twitter_card":"summary_large_image","twitter_misc":{"Est. reading time":"3 minutes"},"schema":{"@context":"https:\/\/schema.org","@graph":[{"@type":"WebPage","@id":"https:\/\/www.toulouse-tournages.fr\/en\/filming-locations\/film-sets\/","url":"https:\/\/www.toulouse-tournages.fr\/en\/filming-locations\/film-sets\/","name":"Film sets - Toulouse tournages","isPartOf":{"@id":"https:\/\/www.toulouse-tournages.fr\/en\/#website"},"primaryImageOfPage":{"@id":"https:\/\/www.toulouse-tournages.fr\/en\/filming-locations\/film-sets\/#primaryimage"},"image":{"@id":"https:\/\/www.toulouse-tournages.fr\/en\/filming-locations\/film-sets\/#primaryimage"},"thumbnailUrl":"https:\/\/www.toulouse-tournages.fr\/assets\/uploads\/sites\/6\/2024\/09\/garonne-port-daurade.jpg","datePublished":"2024-09-18T13:13:01+00:00","dateModified":"2024-10-16T12:10:50+00:00","description":"Do you need an ancient monument, a natural setting, modern buildings? You don\u2019t need to scour the whole of France; Toulouse has it all!","breadcrumb":{"@id":"https:\/\/www.toulouse-tournages.fr\/en\/filming-locations\/film-sets\/#breadcrumb"},"inLanguage":"en-US","potentialAction":[{"@type":"ReadAction","target":["https:\/\/www.toulouse-tournages.fr\/en\/filming-locations\/film-sets\/"]}]},{"@type":"ImageObject","inLanguage":"en-US","@id":"https:\/\/www.toulouse-tournages.fr\/en\/filming-locations\/film-sets\/#primaryimage","url":"https:\/\/www.toulouse-tournages.fr\/assets\/uploads\/sites\/6\/2024\/09\/garonne-port-daurade.jpg","contentUrl":"https:\/\/www.toulouse-tournages.fr\/assets\/uploads\/sites\/6\/2024\/09\/garonne-port-daurade.jpg","width":1920,"height":1280,"caption":"Port de la Daurade \u00a9 R\u00e9mi Deligeon"},{"@type":"BreadcrumbList","@id":"https:\/\/www.toulouse-tournages.fr\/en\/filming-locations\/film-sets\/#breadcrumb","itemListElement":[{"@type":"ListItem","position":1,"name":"Accueil","item":"https:\/\/www.toulouse-tournages.fr\/en\/"},{"@type":"ListItem","position":2,"name":"Filming locations","item":"https:\/\/www.toulouse-tournages.fr\/en\/filming-locations\/"},{"@type":"ListItem","position":3,"name":"Film sets"}]},{"@type":"WebSite","@id":"https:\/\/www.toulouse-tournages.fr\/en\/#website","url":"https:\/\/www.toulouse-tournages.fr\/en\/","name":"Toulouse tournages","description":"","publisher":{"@id":"https:\/\/www.toulouse-tournages.fr\/en\/#organization"},"potentialAction":[{"@type":"SearchAction","target":{"@type":"EntryPoint","urlTemplate":"https:\/\/www.toulouse-tournages.fr\/en\/?s={search_term_string}"},"query-input":{"@type":"PropertyValueSpecification","valueRequired":true,"valueName":"search_term_string"}}],"inLanguage":"en-US"},{"@type":"Organization","@id":"https:\/\/www.toulouse-tournages.fr\/en\/#organization","name":"Toulouse tournages","url":"https:\/\/www.toulouse-tournages.fr\/en\/","logo":{"@type":"ImageObject","inLanguage":"en-US","@id":"https:\/\/www.toulouse-tournages.fr\/en\/#\/schema\/logo\/image\/","url":"https:\/\/www.toulouse-tournages.fr\/assets\/uploads\/sites\/6\/2023\/10\/toulouse.svg","contentUrl":"https:\/\/www.toulouse-tournages.fr\/assets\/uploads\/sites\/6\/2023\/10\/toulouse.svg","width":220,"height":61,"caption":"Toulouse tournages"},"image":{"@id":"https:\/\/www.toulouse-tournages.fr\/en\/#\/schema\/logo\/image\/"},"sameAs":["https:\/\/www.linkedin.com\/company\/bureau-des-tournages-de-toulouse-m\u00e9tropole\/","https:\/\/www.instagram.com\/toulouse_tournages\/","https:\/\/www.youtube.com\/channel\/UCSYgbmoy_htj9wlvMalPAfg"]}]}},"_links":{"self":[{"href":"https:\/\/www.toulouse-tournages.fr\/en\/wp-json\/wp\/v2\/pages\/19198","targetHints":{"allow":["GET"]}}],"collection":[{"href":"https:\/\/www.toulouse-tournages.fr\/en\/wp-json\/wp\/v2\/pages"}],"about":[{"href":"https:\/\/www.toulouse-tournages.fr\/en\/wp-json\/wp\/v2\/types\/page"}],"author":[{"embeddable":true,"href":"https:\/\/www.toulouse-tournages.fr\/en\/wp-json\/wp\/v2\/users\/3"}],"replies":[{"embeddable":true,"href":"https:\/\/www.toulouse-tournages.fr\/en\/wp-json\/wp\/v2\/comments?post=19198"}],"version-history":[{"count":0,"href":"https:\/\/www.toulouse-tournages.fr\/en\/wp-json\/wp\/v2\/pages\/19198\/revisions"}],"up":[{"embeddable":true,"href":"https:\/\/www.toulouse-tournages.fr\/en\/wp-json\/wp\/v2\/pages\/19182"}],"wp:featuredmedia":[{"embeddable":true,"href":"https:\/\/www.toulouse-tournages.fr\/en\/wp-json\/wp\/v2\/media\/17923"}],"wp:attachment":[{"href":"https:\/\/www.toulouse-tournages.fr\/en\/wp-json\/wp\/v2\/media?parent=19198"}],"curies":[{"name":"wp","href":"https:\/\/api.w.org\/{rel}","templated":true}]}}