{"id":19719,"date":"2024-09-11T14:47:07","date_gmt":"2024-09-11T12:47:07","guid":{"rendered":"https:\/\/www.toulouse-tournages.fr\/environnement-favorable-pour-votre-projet\/"},"modified":"2026-01-16T15:57:22","modified_gmt":"2026-01-16T14:57:22","slug":"un-marco-propicio-a-su-proyecto","status":"publish","type":"page","link":"https:\/\/www.toulouse-tournages.fr\/es\/objetivo-el-cine\/un-marco-propicio-a-su-proyecto\/","title":{"rendered":"Un marco propicio a su proyecto"},"content":{"rendered":"\n<div class=\"wp-block-group has-global-padding is-layout-constrained wp-block-group-is-layout-constrained\">\n<h2 class=\"wp-block-heading\">Instituciones y escuelas de cine y audiovisual afincados en Toulouse<\/h2>\n\n\n\n<p>Con la oficina de rodaje Toulouse Team, se organiza toda una red de instituciones para facilitar los proyectos de rodaje en Francia y en la regi\u00f3n de Occitanie.<\/p>\n\n\n\n<p>No dude en ponerse en contacto con estos organismos cinematogr\u00e1ficos que pueden ayudarle en su localizaci\u00f3n de exteriores.<\/p>\n<\/div>\n\n\n\n<div class=\"wp-block-group has-global-padding is-layout-constrained wp-block-group-is-layout-constrained\">\n<h3 class=\"wp-block-heading\">Contactos fruct\u00edferos para posibilitar la realizaci\u00f3n de su pel\u00edcula<\/h3>\n\n\n\n<p>Oficinas de informaci\u00f3n para los rodajes en la regi\u00f3n y asociaciones<\/p>\n\n\n\n<p>The Filming Bureau throughout the region and its partners<\/p>\n\n\n\n<h4 class=\"wp-block-heading is-style-h4\">l\u2019Agence Unique, Occitanie Culture<\/h4>\n\n\n\n<p>14 Rue des Arts, 31000 Toulouse<\/p>\n\n\n\n<p>Karim Ghiyati<br><strong>Directeur cin\u00e9ma et audiovisuel<\/strong><br><a href=\"mailto:k.ghiyati@lagenceunique-occitanieculture.fr\">k.ghiyati@lagenceunique-occitanieculture.fr<\/a><\/p>\n\n\n\n<p>Maxime Beaufey<br><strong>Charg\u00e9 de mission commission du film &#8211; Montpellier<\/strong><br>+33 4 67 64 95 68 &#8211; +33 7 70 39 36 03<br><a href=\"mailto:m.beaufey@lagenceunique-occitanieculture.fr\">m.beaufey@lagenceunique-occitanieculture.fr<\/a><\/p>\n\n\n\n<p>Caroline Delpoux<br><strong>Charg\u00e9e de mission commission du film<\/strong><br>+33 4 67 64 81 53<br><a href=\"mailto:c.delpoux@lagenceunique-occitanieculture.fr\">c.delpoux@lagenceunique-occitanieculture.fr<\/a><\/p>\n\n\n\n<p>Elsa Joulin<br><strong>Charg\u00e9e de mission commission du film &#8211; Toulouse<\/strong><br>+33 5 61 13 55 63 &#8211; +33 6 63 51 52 93<br><a href=\"mailto:e.joulin@lagenceunique-occitanieculture.fr\">e.joulin@lagenceunique-occitanieculture.fr<\/a><\/p>\n\n\n\n<p>Juliette Jouret<br><strong>Charg\u00e9e de mission animation de la fili\u00e8re<\/strong><br><a href=\"mailto:j.jouret@lagenceunique-occitanieculture.fr\">j.jouret@lagenceunique-occitanieculture.fr<\/a><\/p>\n\n\n\n<p>Manon Pommier<br><strong>Charg\u00e9e de mission diffusion<\/strong><br>+33 4 67 64 95 70 &#8211; +33 6 83 95 14 11<br><a href=\"mailto:m.pommier@lagenceunique-occitanieculture.fr\">m.pommier@lagenceunique-occitanieculture.fr<\/a><\/p>\n\n\n\n<p>Marin Rosenstiehl<br><strong>Responsable commission du film<\/strong><br><a href=\"mailto:m.rosenstiehl@lagenceunique-occitanieculture.fr\">m.rosenstiehl@lagenceunique-occitanieculture.fr<\/a><\/p>\n\n\n\n<div class=\"wp-block-buttons is-layout-flex wp-block-buttons-is-layout-flex\" style=\"margin-top:var(--wp--preset--spacing--large);margin-bottom:var(--wp--preset--spacing--large)\">\n<div class=\"wp-block-button is-style-outline is-style-outline--1\"><a class=\"wp-block-button__link wp-element-button\" href=\"http:\/\/lagenceunique-occitanieculture.fr\" target=\"_blank\" rel=\"noreferrer noopener\">l&#8217;Agence Unique Occitanie Culture<\/a><\/div>\n<\/div>\n\n\n\n<h4 class=\"wp-block-heading is-style-h4\">Gindou cin\u00e9ma<\/h4>\n\n\n\n<p>Sandrine Routtier<br><strong>Comisi\u00f3n del cine Occitanie \/ Gindou Cin\u00e9ma<\/strong><br>Informaci\u00f3n rodajes &#8211; Lot \/ Tarn et Garonne<br>Tel\u00e9fono: 05 65 22 89 69<br><a href=\"mailto:tournages@gindoucinema.org\" target=\"_blank\" rel=\"noreferrer noopener\">tournages@gindoucinema.org<\/a><\/p>\n\n\n\n<div class=\"wp-block-buttons is-layout-flex wp-block-buttons-is-layout-flex\">\n<div class=\"wp-block-button is-style-outline is-style-outline--2\"><a class=\"wp-block-button__link wp-element-button\" href=\"https:\/\/www.gindoucinema.org\" style=\"padding-top:var(--wp--preset--spacing--large);padding-bottom:var(--wp--preset--spacing--large)\" target=\"_blank\" rel=\"noreferrer noopener\">Gindou cin\u00e9ma<\/a><\/div>\n<\/div>\n\n\n\n<h4 class=\"wp-block-heading is-style-h4\">Cin\u00e9 32<\/h4>\n\n\n\n<p>Josiane Bled<br><strong>Comisi\u00f3n del cine Occitanie \/ Cin\u00e9 32<\/strong><br>Informaci\u00f3n rodajes &#8211; Gers \/ Haute-Garonne \/ Hautes-Pyr\u00e9n\u00e9es \/ Ari\u00e8ge<br>Tel\u00e9fono: +33 (0)5 62 63 69 30<br><a href=\"mailto:accueil.tournages@cine32.com\" target=\"_blank\" rel=\"noreferrer noopener\">accueil.tournages@cine32.com<\/a><\/p>\n\n\n\n<div class=\"wp-block-buttons is-layout-flex wp-block-buttons-is-layout-flex\" style=\"margin-top:var(--wp--preset--spacing--large);margin-bottom:var(--wp--preset--spacing--large)\">\n<div class=\"wp-block-button is-style-outline is-style-outline--3\"><a class=\"wp-block-button__link wp-element-button\" href=\"https:\/\/www.cine32.com\" target=\"_blank\" rel=\"noreferrer noopener\">Cin\u00e9 32<\/a><\/div>\n<\/div>\n<\/div>\n\n\n\n<div class=\"wp-block-group has-global-padding is-layout-constrained wp-block-group-is-layout-constrained\">\n<p class=\"is-style-h3-surtitle\" id=\"ecole\">Todo un vivero de talentos<\/p>\n\n\n\n<h2 class=\"wp-block-heading\">Escuelas del sector de profesiones cinematogr\u00e1ficas<\/h2>\n\n\n\n<p>Toulouse es la segunda ciudad universitaria de Francia con m\u00e1s de 100.000 estudiantes. Toulouse es joven y din\u00e1mica. Nuestra Ciudad Rosa est\u00e1 en todos los rankings universitarios donde aparece como una de las ciudades m\u00e1s agradables para realizar sus estudios.<\/p>\n\n\n\n<p>En todo el abanico universitario de escuelas, algunas se ocupan de la iniciaci\u00f3n en las profesiones audiovisuales. Su proyecto puede servirse de su cantera de talentos completando y fortaleciendo los equipos locales con estudiantes motivados y apasionados, descubriendo as\u00ed a los n\u00famero uno del ma\u00f1ana.<\/p>\n\n\n\n<p><strong>La ENSAV<\/strong>, la Escuela Nacional Superior de Audiovisual, enmarcada en la Universidad de Toulouse Jean-Jaur\u00e8s, despacha diplomas que van desde la Licenciatura al Doctorado. Es una de las tres escuelas oficiales estatales francesas del sector cinematogr\u00e1fico.<br><a href=\"https:\/\/www.ensav.fr\" target=\"_blank\" rel=\"noreferrer noopener\">www.esav.fr<\/a><\/p>\n\n\n\n<p><strong>El Lyc\u00e9e des Ar\u00e8nes<\/strong> propone estudios post bachillerato para obtener el BTS audiovisual franc\u00e9s (3 a\u00f1os) en opci\u00f3n gesti\u00f3n de la producci\u00f3n, montaje y postproducci\u00f3n, oficios de la imagen y oficios de sonido.<br><a href=\"https:\/\/arenes.mon-ent-occitanie.fr\" target=\"_blank\" rel=\"noreferrer noopener\">arenes.mon-ent-occitanie.fr<\/a><\/p>\n\n\n\n<p><strong>La Universidad Toulouse Jean-Jaur\u00e8s<\/strong> cursa ense\u00f1anzas de cine y audiovisual, est\u00e9tica del cine, desde la Licenciatura hasta el Doctorado, en el \u00e1mbito de su departamento de Letras Modernas, Cine y Lengua occitana.<br><a href=\"https:\/\/www.univ-tlse2.fr\/accueil\/formation-insertion\/licence-cinema-et-audiovisuel\" target=\"_blank\" rel=\"noreferrer noopener\">lettres-modernes.univ-tlse2.fr\/accueil-lettres-modernes\/navigation\/les-formations\/licence-cinema-et-audiovisuel<\/a><\/p>\n\n\n\n<p><strong>El ISPRA<\/strong> es una escuela privada con ense\u00f1anzas en las profesiones audiovisuales y de sonido, desde el nivel BTS al Bachelor, con un M\u00e1ster en animaci\u00f3n y efectos audiovisuales. Los docentes son profesionales del cine de fama internacional.<br><a href=\"https:\/\/ispra.fr\" target=\"_blank\" rel=\"noreferrer noopener\">ispra.fr<\/a><\/p>\n\n\n\n<p><strong>ACFA Multim\u00e9dia<\/strong> es una escuela privada que propone a sus estudiantes una secci\u00f3n de Realizador-Montaje en Toulouse.<br><a href=\"https:\/\/www.acfamultimedia.com\/ecole-cinema-toulouse\">w<\/a><a href=\"https:\/\/www.acfamultimedia.com\/ecole-cinema-toulouse\" target=\"_blank\" rel=\"noreferrer noopener\">ww.acfamultimedia.com\/nos-ecole\/ecole-acfa-toulouse<\/a><\/p>\n\n\n\n<p><strong>El IMA<\/strong>, (institut des m\u00e9dias avanc\u00e9s) proporciona una ense\u00f1anza encaminada a las profesiones de imagen y sonido.<br><a href=\"https:\/\/www.institutdesmediasavances.fr\/campus-toulouse\" target=\"_blank\" rel=\"noreferrer noopener\">www.institutdesmediasavances.fr\/campus-toulouse<\/a><\/p>\n\n\n\n<p><strong>La EDA<\/strong>, es la Escuela del Actor. Dispone de 600 m2 dedicados al teatro, el cine y a la expresi\u00f3n art\u00edstica propiamente dicha. En sus tres a\u00f1os de formaci\u00f3n se adiestra a los alumnos en el trabajo del actor ante la c\u00e1mara.<br><a href=\"https:\/\/www.leda-formation.fr\" target=\"_blank\" rel=\"noreferrer noopener\">www.leda-formation.fr<\/a><\/p>\n<\/div>\n","protected":false},"excerpt":{"rendered":"<p>Instituciones y escuelas de cine y audiovisual afincados en Toulouse Con la oficina de rodaje Toulouse Team, se organiza toda una red de instituciones para facilitar los proyectos de rodaje en Francia y en la regi\u00f3n de Occitanie. No dude en ponerse en contacto con estos organismos cinematogr\u00e1ficos que pueden ayudarle en su localizaci\u00f3n de [&hellip;]<\/p>\n","protected":false},"author":3,"featured_media":19720,"parent":19722,"menu_order":0,"comment_status":"closed","ping_status":"closed","template":"templates\/editorial-content.php","meta":{"_acf_changed":true,"footnotes":""},"class_list":["post-19719","page","type-page","status-publish","has-post-thumbnail","hentry"],"acf":[],"yoast_head":"<!-- This site is optimized with the Yoast SEO plugin v27.1.1 - https:\/\/yoast.com\/product\/yoast-seo-wordpress\/ -->\n<title>Un marco propicio a su proyecto - Toulouse tournages<\/title>\n<meta name=\"description\" content=\"Gracias a la oficina de rodajes de Toulouse Team, toda una red de organismos oficiales que se coordinan para facilitar su proyecto de rodar en Francia.\" \/>\n<meta name=\"robots\" content=\"index, follow, max-snippet:-1, max-image-preview:large, max-video-preview:-1\" \/>\n<link rel=\"canonical\" href=\"https:\/\/www.toulouse-tournages.fr\/es\/objetivo-el-cine\/un-marco-propicio-a-su-proyecto\/\" \/>\n<meta property=\"og:locale\" content=\"es_ES\" \/>\n<meta property=\"og:type\" content=\"article\" \/>\n<meta property=\"og:title\" content=\"Un marco propicio a su proyecto - Toulouse tournages\" \/>\n<meta property=\"og:description\" content=\"Gracias a la oficina de rodajes de Toulouse Team, toda una red de organismos oficiales que se coordinan para facilitar su proyecto de rodar en Francia.\" \/>\n<meta property=\"og:url\" content=\"https:\/\/www.toulouse-tournages.fr\/es\/objetivo-el-cine\/un-marco-propicio-a-su-proyecto\/\" \/>\n<meta property=\"og:site_name\" content=\"Toulouse tournages\" \/>\n<meta property=\"article:modified_time\" content=\"2026-01-16T14:57:22+00:00\" \/>\n<meta property=\"og:image\" content=\"https:\/\/www.toulouse-tournages.fr\/assets\/uploads\/sites\/6\/2024\/09\/tournage-a-toulouse.jpg\" \/>\n\t<meta property=\"og:image:width\" content=\"1920\" \/>\n\t<meta property=\"og:image:height\" content=\"1280\" \/>\n\t<meta property=\"og:image:type\" content=\"image\/jpeg\" \/>\n<meta name=\"twitter:card\" content=\"summary_large_image\" \/>\n<meta name=\"twitter:label1\" content=\"Tiempo de lectura\" \/>\n\t<meta name=\"twitter:data1\" content=\"4 minutos\" \/>\n<script type=\"application\/ld+json\" class=\"yoast-schema-graph\">{\"@context\":\"https:\/\/schema.org\",\"@graph\":[{\"@type\":\"WebPage\",\"@id\":\"https:\/\/www.toulouse-tournages.fr\/es\/objetivo-el-cine\/un-marco-propicio-a-su-proyecto\/\",\"url\":\"https:\/\/www.toulouse-tournages.fr\/es\/objetivo-el-cine\/un-marco-propicio-a-su-proyecto\/\",\"name\":\"Un marco propicio a su proyecto - Toulouse tournages\",\"isPartOf\":{\"@id\":\"https:\/\/www.toulouse-tournages.fr\/es\/#website\"},\"primaryImageOfPage\":{\"@id\":\"https:\/\/www.toulouse-tournages.fr\/es\/objetivo-el-cine\/un-marco-propicio-a-su-proyecto\/#primaryimage\"},\"image\":{\"@id\":\"https:\/\/www.toulouse-tournages.fr\/es\/objetivo-el-cine\/un-marco-propicio-a-su-proyecto\/#primaryimage\"},\"thumbnailUrl\":\"https:\/\/www.toulouse-tournages.fr\/assets\/uploads\/sites\/6\/2024\/09\/tournage-a-toulouse.jpg\",\"datePublished\":\"2024-09-11T12:47:07+00:00\",\"dateModified\":\"2026-01-16T14:57:22+00:00\",\"description\":\"Gracias a la oficina de rodajes de Toulouse Team, toda una red de organismos oficiales que se coordinan para facilitar su proyecto de rodar en Francia.\",\"breadcrumb\":{\"@id\":\"https:\/\/www.toulouse-tournages.fr\/es\/objetivo-el-cine\/un-marco-propicio-a-su-proyecto\/#breadcrumb\"},\"inLanguage\":\"es\",\"potentialAction\":[{\"@type\":\"ReadAction\",\"target\":[\"https:\/\/www.toulouse-tournages.fr\/es\/objetivo-el-cine\/un-marco-propicio-a-su-proyecto\/\"]}]},{\"@type\":\"ImageObject\",\"inLanguage\":\"es\",\"@id\":\"https:\/\/www.toulouse-tournages.fr\/es\/objetivo-el-cine\/un-marco-propicio-a-su-proyecto\/#primaryimage\",\"url\":\"https:\/\/www.toulouse-tournages.fr\/assets\/uploads\/sites\/6\/2024\/09\/tournage-a-toulouse.jpg\",\"contentUrl\":\"https:\/\/www.toulouse-tournages.fr\/assets\/uploads\/sites\/6\/2024\/09\/tournage-a-toulouse.jpg\",\"width\":1920,\"height\":1280,\"caption\":\"Tournage court m\u00e9trage \\\"Dominique Personne\\\" \u00a9 Sylvain Gautier\"},{\"@type\":\"BreadcrumbList\",\"@id\":\"https:\/\/www.toulouse-tournages.fr\/es\/objetivo-el-cine\/un-marco-propicio-a-su-proyecto\/#breadcrumb\",\"itemListElement\":[{\"@type\":\"ListItem\",\"position\":1,\"name\":\"Accueil\",\"item\":\"https:\/\/www.toulouse-tournages.fr\/es\/\"},{\"@type\":\"ListItem\",\"position\":2,\"name\":\"Objetivo: el cine\",\"item\":\"https:\/\/www.toulouse-tournages.fr\/es\/objetivo-el-cine\/\"},{\"@type\":\"ListItem\",\"position\":3,\"name\":\"Un marco propicio a su proyecto\"}]},{\"@type\":\"WebSite\",\"@id\":\"https:\/\/www.toulouse-tournages.fr\/es\/#website\",\"url\":\"https:\/\/www.toulouse-tournages.fr\/es\/\",\"name\":\"Toulouse tournages\",\"description\":\"\",\"potentialAction\":[{\"@type\":\"SearchAction\",\"target\":{\"@type\":\"EntryPoint\",\"urlTemplate\":\"https:\/\/www.toulouse-tournages.fr\/es\/?s={search_term_string}\"},\"query-input\":{\"@type\":\"PropertyValueSpecification\",\"valueRequired\":true,\"valueName\":\"search_term_string\"}}],\"inLanguage\":\"es\"}]}<\/script>\n<!-- \/ Yoast SEO plugin. -->","yoast_head_json":{"title":"Un marco propicio a su proyecto - Toulouse tournages","description":"Gracias a la oficina de rodajes de Toulouse Team, toda una red de organismos oficiales que se coordinan para facilitar su proyecto de rodar en Francia.","robots":{"index":"index","follow":"follow","max-snippet":"max-snippet:-1","max-image-preview":"max-image-preview:large","max-video-preview":"max-video-preview:-1"},"canonical":"https:\/\/www.toulouse-tournages.fr\/es\/objetivo-el-cine\/un-marco-propicio-a-su-proyecto\/","og_locale":"es_ES","og_type":"article","og_title":"Un marco propicio a su proyecto - Toulouse tournages","og_description":"Gracias a la oficina de rodajes de Toulouse Team, toda una red de organismos oficiales que se coordinan para facilitar su proyecto de rodar en Francia.","og_url":"https:\/\/www.toulouse-tournages.fr\/es\/objetivo-el-cine\/un-marco-propicio-a-su-proyecto\/","og_site_name":"Toulouse tournages","article_modified_time":"2026-01-16T14:57:22+00:00","og_image":[{"width":1920,"height":1280,"url":"https:\/\/www.toulouse-tournages.fr\/assets\/uploads\/sites\/6\/2024\/09\/tournage-a-toulouse.jpg","type":"image\/jpeg"}],"twitter_card":"summary_large_image","twitter_misc":{"Tiempo de lectura":"4 minutos"},"schema":{"@context":"https:\/\/schema.org","@graph":[{"@type":"WebPage","@id":"https:\/\/www.toulouse-tournages.fr\/es\/objetivo-el-cine\/un-marco-propicio-a-su-proyecto\/","url":"https:\/\/www.toulouse-tournages.fr\/es\/objetivo-el-cine\/un-marco-propicio-a-su-proyecto\/","name":"Un marco propicio a su proyecto - Toulouse tournages","isPartOf":{"@id":"https:\/\/www.toulouse-tournages.fr\/es\/#website"},"primaryImageOfPage":{"@id":"https:\/\/www.toulouse-tournages.fr\/es\/objetivo-el-cine\/un-marco-propicio-a-su-proyecto\/#primaryimage"},"image":{"@id":"https:\/\/www.toulouse-tournages.fr\/es\/objetivo-el-cine\/un-marco-propicio-a-su-proyecto\/#primaryimage"},"thumbnailUrl":"https:\/\/www.toulouse-tournages.fr\/assets\/uploads\/sites\/6\/2024\/09\/tournage-a-toulouse.jpg","datePublished":"2024-09-11T12:47:07+00:00","dateModified":"2026-01-16T14:57:22+00:00","description":"Gracias a la oficina de rodajes de Toulouse Team, toda una red de organismos oficiales que se coordinan para facilitar su proyecto de rodar en Francia.","breadcrumb":{"@id":"https:\/\/www.toulouse-tournages.fr\/es\/objetivo-el-cine\/un-marco-propicio-a-su-proyecto\/#breadcrumb"},"inLanguage":"es","potentialAction":[{"@type":"ReadAction","target":["https:\/\/www.toulouse-tournages.fr\/es\/objetivo-el-cine\/un-marco-propicio-a-su-proyecto\/"]}]},{"@type":"ImageObject","inLanguage":"es","@id":"https:\/\/www.toulouse-tournages.fr\/es\/objetivo-el-cine\/un-marco-propicio-a-su-proyecto\/#primaryimage","url":"https:\/\/www.toulouse-tournages.fr\/assets\/uploads\/sites\/6\/2024\/09\/tournage-a-toulouse.jpg","contentUrl":"https:\/\/www.toulouse-tournages.fr\/assets\/uploads\/sites\/6\/2024\/09\/tournage-a-toulouse.jpg","width":1920,"height":1280,"caption":"Tournage court m\u00e9trage \"Dominique Personne\" \u00a9 Sylvain Gautier"},{"@type":"BreadcrumbList","@id":"https:\/\/www.toulouse-tournages.fr\/es\/objetivo-el-cine\/un-marco-propicio-a-su-proyecto\/#breadcrumb","itemListElement":[{"@type":"ListItem","position":1,"name":"Accueil","item":"https:\/\/www.toulouse-tournages.fr\/es\/"},{"@type":"ListItem","position":2,"name":"Objetivo: el cine","item":"https:\/\/www.toulouse-tournages.fr\/es\/objetivo-el-cine\/"},{"@type":"ListItem","position":3,"name":"Un marco propicio a su proyecto"}]},{"@type":"WebSite","@id":"https:\/\/www.toulouse-tournages.fr\/es\/#website","url":"https:\/\/www.toulouse-tournages.fr\/es\/","name":"Toulouse tournages","description":"","potentialAction":[{"@type":"SearchAction","target":{"@type":"EntryPoint","urlTemplate":"https:\/\/www.toulouse-tournages.fr\/es\/?s={search_term_string}"},"query-input":{"@type":"PropertyValueSpecification","valueRequired":true,"valueName":"search_term_string"}}],"inLanguage":"es"}]}},"_links":{"self":[{"href":"https:\/\/www.toulouse-tournages.fr\/es\/wp-json\/wp\/v2\/pages\/19719","targetHints":{"allow":["GET"]}}],"collection":[{"href":"https:\/\/www.toulouse-tournages.fr\/es\/wp-json\/wp\/v2\/pages"}],"about":[{"href":"https:\/\/www.toulouse-tournages.fr\/es\/wp-json\/wp\/v2\/types\/page"}],"author":[{"embeddable":true,"href":"https:\/\/www.toulouse-tournages.fr\/es\/wp-json\/wp\/v2\/users\/3"}],"replies":[{"embeddable":true,"href":"https:\/\/www.toulouse-tournages.fr\/es\/wp-json\/wp\/v2\/comments?post=19719"}],"version-history":[{"count":0,"href":"https:\/\/www.toulouse-tournages.fr\/es\/wp-json\/wp\/v2\/pages\/19719\/revisions"}],"up":[{"embeddable":true,"href":"https:\/\/www.toulouse-tournages.fr\/es\/wp-json\/wp\/v2\/pages\/19722"}],"wp:featuredmedia":[{"embeddable":true,"href":"https:\/\/www.toulouse-tournages.fr\/es\/wp-json\/wp\/v2\/media\/19720"}],"wp:attachment":[{"href":"https:\/\/www.toulouse-tournages.fr\/es\/wp-json\/wp\/v2\/media?parent=19719"}],"curies":[{"name":"wp","href":"https:\/\/api.w.org\/{rel}","templated":true}]}}