{"id":20069,"date":"2024-09-12T10:25:12","date_gmt":"2024-09-12T08:25:12","guid":{"rendered":"https:\/\/www.toulouse-tournages.fr\/objetivo-el-cine\/le-bureau-des-tournages\/"},"modified":"2024-10-24T13:39:15","modified_gmt":"2024-10-24T11:39:15","slug":"la-oficina-de-rodaje-de-toulouse","status":"publish","type":"page","link":"https:\/\/www.toulouse-tournages.fr\/es\/objetivo-el-cine\/la-oficina-de-rodaje-de-toulouse\/","title":{"rendered":"La oficina de rodaje de Toulouse"},"content":{"rendered":"\n<div class=\"wp-block-group has-global-padding is-layout-constrained wp-block-group-is-layout-constrained\">\n<p>La misi\u00f3n de la oficina de rodajes es facilitar el trabajo de los productores y equipos de rodaje y tambi\u00e9n promocionar la ciudad de Toulouse entre los profesionales de la industria cinematogr\u00e1fica y audiovisual nacional e internacional.<\/p>\n\n\n\n<h3 class=\"wp-block-heading is-style-h4\">Maximizar el impacto de los rodajes facilitando las producciones<\/h3>\n\n\n\n<p>Proporcionamos herramientas para ayudar a los productores y directores desde el momento en el que empiezan a buscar y para simplificar la coordinaci\u00f3n con las autoridades locales. Ofrecemos un apoyo personalizado, que incluye la ayuda en la b\u00fasqueda previa, la puesta a disposici\u00f3n de locales municipales y los contactos con proveedores de servicios t\u00e9cnicos y log\u00edsticos, t\u00e9cnicos y actores.<\/p>\n\n\n\n<div class=\"wp-block-columns is-layout-flex wp-container-core-columns-is-layout-28f84493 wp-block-columns-is-layout-flex\">\n<div class=\"wp-block-column is-vertically-aligned-center is-layout-flow wp-block-column-is-layout-flow\">\n<figure class=\"wp-block-embed is-type-video is-provider-youtube wp-block-embed-youtube wp-embed-aspect-16-9 wp-has-aspect-ratio\"><div class=\"wp-block-embed__wrapper\">\n<iframe title=\"Vous avez les histoires, nous avons les d\u00e9cors !\" width=\"500\" height=\"281\" src=\"https:\/\/www.youtube.com\/embed\/C2-kmrry8Rw?feature=oembed\" frameborder=\"0\" allow=\"accelerometer; autoplay; clipboard-write; encrypted-media; gyroscope; picture-in-picture; web-share\" referrerpolicy=\"strict-origin-when-cross-origin\" allowfullscreen><\/iframe>\n<\/div><\/figure>\n<\/div>\n\n\n\n<div class=\"wp-block-column is-vertically-aligned-center is-layout-flow wp-block-column-is-layout-flow\">\n<h3 class=\"wp-block-heading is-style-default\">Promoci\u00f3n de Toulouse como lugar de rodaje<\/h3>\n\n\n\n<p>Prospectamos y detectamos proyectos cinematogr\u00e1ficos estando presentes y activos en los principales eventos nacionales: Festival de Luchon, Festival de Cine de La Rochelle, Festival de Cannes\u2026<\/p>\n\n\n\n<p>Gestionamos las p\u00e1ginas de <a href=\"https:\/\/www.facebook.com\/ToulouseTournages\" target=\"_blank\" rel=\"noreferrer noopener\">Facebook<\/a>, <a href=\"https:\/\/www.linkedin.com\/company\/bureau-des-tournages-de-toulouse-m\u00e9tropole\/posts\/?feedView=all\" target=\"_blank\" rel=\"noreferrer noopener\">LinkedIn<\/a> y el canal de <a href=\"https:\/\/www.youtube.com\/channel\/UCSYgbmoy_htj9wlvMalPAfg\" target=\"_blank\" rel=\"noreferrer noopener\">YouTube<\/a> de la oficina de rodajes para dar a conocer los rodajes al mayor n\u00famero de personas posible y mostrar la inagotable oferta de localizaciones de la ciudad.<\/p>\n<\/div>\n<\/div>\n<\/div>\n\n\n\n<div class=\"wp-block-group has-global-padding is-layout-constrained wp-block-group-is-layout-constrained\">\n<h2 class=\"wp-block-heading\">\u00a1Conozca al equipo!<\/h2>\n\n\n\n<p>Conozca al din\u00e1mico equipo de la oficina de rodajes de Toulouse. Nuestro equipo le da la bienvenida y le acompa\u00f1a en el rodaje para garantizar el buen desarrollo de sus producciones.<\/p>\n\n\n\n<div class=\"wp-block-columns is-layout-flex wp-container-core-columns-is-layout-28f84493 wp-block-columns-is-layout-flex\">\n<div class=\"wp-block-column is-vertically-aligned-center is-layout-flow wp-block-column-is-layout-flow\" style=\"flex-basis:33.33%\">\n<figure data-wp-context=\"{&quot;imageId&quot;:&quot;6a07358097331&quot;}\" data-wp-interactive=\"core\/image\" data-wp-key=\"6a07358097331\" class=\"wp-block-image size-full wp-lightbox-container\"><img decoding=\"async\" width=\"1145\" height=\"700\" data-wp-class--hide=\"state.isContentHidden\" data-wp-class--show=\"state.isContentVisible\" data-wp-init=\"callbacks.setButtonStyles\" data-wp-on--click=\"actions.showLightbox\" data-wp-on--load=\"callbacks.setButtonStyles\" data-wp-on-window--resize=\"callbacks.setButtonStyles\" src=\"https:\/\/www.toulouse-tournages.fr\/assets\/uploads\/sites\/6\/2024\/09\/toulouse-tournages-silvia.jpg\" alt=\"Bureau des tournages - Silivia\" class=\"wp-image-17345\" style=\"aspect-ratio:1;object-fit:cover\" srcset=\"https:\/\/www.toulouse-tournages.fr\/assets\/uploads\/sites\/6\/2024\/09\/toulouse-tournages-silvia.jpg 1145w, https:\/\/www.toulouse-tournages.fr\/assets\/uploads\/sites\/6\/2024\/09\/toulouse-tournages-silvia-600x367.jpg 600w, https:\/\/www.toulouse-tournages.fr\/assets\/uploads\/sites\/6\/2024\/09\/toulouse-tournages-silvia-400x245.jpg 400w, https:\/\/www.toulouse-tournages.fr\/assets\/uploads\/sites\/6\/2024\/09\/toulouse-tournages-silvia-768x470.jpg 768w\" sizes=\"(max-width: 1145px) 100vw, 1145px\" \/><button\n\t\t\tclass=\"lightbox-trigger\"\n\t\t\ttype=\"button\"\n\t\t\taria-haspopup=\"dialog\"\n\t\t\taria-label=\"Agrandar\"\n\t\t\tdata-wp-init=\"callbacks.initTriggerButton\"\n\t\t\tdata-wp-on--click=\"actions.showLightbox\"\n\t\t\tdata-wp-style--right=\"state.imageButtonRight\"\n\t\t\tdata-wp-style--top=\"state.imageButtonTop\"\n\t\t>\n\t\t\t<svg xmlns=\"http:\/\/www.w3.org\/2000\/svg\" width=\"12\" height=\"12\" fill=\"none\" viewBox=\"0 0 12 12\">\n\t\t\t\t<path fill=\"#fff\" d=\"M2 0a2 2 0 0 0-2 2v2h1.5V2a.5.5 0 0 1 .5-.5h2V0H2Zm2 10.5H2a.5.5 0 0 1-.5-.5V8H0v2a2 2 0 0 0 2 2h2v-1.5ZM8 12v-1.5h2a.5.5 0 0 0 .5-.5V8H12v2a2 2 0 0 1-2 2H8Zm2-12a2 2 0 0 1 2 2v2h-1.5V2a.5.5 0 0 0-.5-.5H8V0h2Z\" \/>\n\t\t\t<\/svg>\n\t\t<\/button><\/figure>\n<\/div>\n\n\n\n<div class=\"wp-block-column is-vertically-aligned-center is-layout-flow wp-block-column-is-layout-flow\" style=\"flex-basis:66.66%\">\n<p class=\"is-style-h4-surtitle\">Silvia<\/p>\n\n\n\n<p>Subdirectora de la Agence d\u2019Attractivit\u00e9, asumi\u00f3 la direcci\u00f3n del Negociado de Rodajes en junio de 2017 para desarrollar este servicio y poner en marcha la promoci\u00f3n del destino.<\/p>\n\n\n\n<p><a href=\"mailto:silvia.ferrari@toulouse-team.com\">silvia.ferrari@toulouse-team.com<\/a><\/p>\n<\/div>\n<\/div>\n\n\n\n<div class=\"wp-block-columns is-layout-flex wp-container-core-columns-is-layout-28f84493 wp-block-columns-is-layout-flex\">\n<div class=\"wp-block-column is-vertically-aligned-center is-layout-flow wp-block-column-is-layout-flow\" style=\"flex-basis:33.33%\">\n<figure data-wp-context=\"{&quot;imageId&quot;:&quot;6a073580983af&quot;}\" data-wp-interactive=\"core\/image\" data-wp-key=\"6a073580983af\" class=\"wp-block-image size-full wp-lightbox-container\"><img decoding=\"async\" width=\"1145\" height=\"700\" data-wp-class--hide=\"state.isContentHidden\" data-wp-class--show=\"state.isContentVisible\" data-wp-init=\"callbacks.setButtonStyles\" data-wp-on--click=\"actions.showLightbox\" data-wp-on--load=\"callbacks.setButtonStyles\" data-wp-on-window--resize=\"callbacks.setButtonStyles\" src=\"https:\/\/www.toulouse-tournages.fr\/assets\/uploads\/sites\/6\/2024\/09\/toulouse-tournages-isa.jpg\" alt=\"Bureau des tournages - Isabel\" class=\"wp-image-17347\" style=\"aspect-ratio:1;object-fit:cover\" srcset=\"https:\/\/www.toulouse-tournages.fr\/assets\/uploads\/sites\/6\/2024\/09\/toulouse-tournages-isa.jpg 1145w, https:\/\/www.toulouse-tournages.fr\/assets\/uploads\/sites\/6\/2024\/09\/toulouse-tournages-isa-600x367.jpg 600w, https:\/\/www.toulouse-tournages.fr\/assets\/uploads\/sites\/6\/2024\/09\/toulouse-tournages-isa-400x245.jpg 400w, https:\/\/www.toulouse-tournages.fr\/assets\/uploads\/sites\/6\/2024\/09\/toulouse-tournages-isa-768x470.jpg 768w\" sizes=\"(max-width: 1145px) 100vw, 1145px\" \/><button\n\t\t\tclass=\"lightbox-trigger\"\n\t\t\ttype=\"button\"\n\t\t\taria-haspopup=\"dialog\"\n\t\t\taria-label=\"Agrandar\"\n\t\t\tdata-wp-init=\"callbacks.initTriggerButton\"\n\t\t\tdata-wp-on--click=\"actions.showLightbox\"\n\t\t\tdata-wp-style--right=\"state.imageButtonRight\"\n\t\t\tdata-wp-style--top=\"state.imageButtonTop\"\n\t\t>\n\t\t\t<svg xmlns=\"http:\/\/www.w3.org\/2000\/svg\" width=\"12\" height=\"12\" fill=\"none\" viewBox=\"0 0 12 12\">\n\t\t\t\t<path fill=\"#fff\" d=\"M2 0a2 2 0 0 0-2 2v2h1.5V2a.5.5 0 0 1 .5-.5h2V0H2Zm2 10.5H2a.5.5 0 0 1-.5-.5V8H0v2a2 2 0 0 0 2 2h2v-1.5ZM8 12v-1.5h2a.5.5 0 0 0 .5-.5V8H12v2a2 2 0 0 1-2 2H8Zm2-12a2 2 0 0 1 2 2v2h-1.5V2a.5.5 0 0 0-.5-.5H8V0h2Z\" \/>\n\t\t\t<\/svg>\n\t\t<\/button><\/figure>\n<\/div>\n\n\n\n<div class=\"wp-block-column is-vertically-aligned-center is-layout-flow wp-block-column-is-layout-flow\" style=\"flex-basis:66.66%\">\n<p class=\"is-style-h4-surtitle\">Isabel<\/p>\n\n\n\n<p>Tras un periodo muy formativo en el departamento de eventos del Ayuntamiento de Toulouse, y habiendo identificado las necesidades de acogida de los rodajes, es el enlace esencial entre las productoras y los servicios de la ciudad.<\/p>\n\n\n\n<p>Vers\u00e1til y apasionada, podr\u00e1 abrirle todas las puertas de la ciudad y facilitarle as\u00ed sus tr\u00e1mites.<\/p>\n\n\n\n<p><a href=\"mailto:isabel.birbes@toulouse-team.com\">isabel.birbes@toulouse-team.com<\/a><\/p>\n<\/div>\n<\/div>\n\n\n\n<div class=\"wp-block-columns is-layout-flex wp-container-core-columns-is-layout-28f84493 wp-block-columns-is-layout-flex\">\n<div class=\"wp-block-column is-vertically-aligned-center is-layout-flow wp-block-column-is-layout-flow\" style=\"flex-basis:33.33%\">\n<figure data-wp-context=\"{&quot;imageId&quot;:&quot;6a07358099478&quot;}\" data-wp-interactive=\"core\/image\" data-wp-key=\"6a07358099478\" class=\"wp-block-image size-full wp-lightbox-container\"><img decoding=\"async\" width=\"1145\" height=\"700\" data-wp-class--hide=\"state.isContentHidden\" data-wp-class--show=\"state.isContentVisible\" data-wp-init=\"callbacks.setButtonStyles\" data-wp-on--click=\"actions.showLightbox\" data-wp-on--load=\"callbacks.setButtonStyles\" data-wp-on-window--resize=\"callbacks.setButtonStyles\" src=\"https:\/\/www.toulouse-tournages.fr\/assets\/uploads\/sites\/6\/2024\/09\/toulouse-tournages-emmanuelle.jpg\" alt=\"Bureau des tournages - Emmanuelle\" class=\"wp-image-17349\" style=\"aspect-ratio:1;object-fit:cover\" srcset=\"https:\/\/www.toulouse-tournages.fr\/assets\/uploads\/sites\/6\/2024\/09\/toulouse-tournages-emmanuelle.jpg 1145w, https:\/\/www.toulouse-tournages.fr\/assets\/uploads\/sites\/6\/2024\/09\/toulouse-tournages-emmanuelle-600x367.jpg 600w, https:\/\/www.toulouse-tournages.fr\/assets\/uploads\/sites\/6\/2024\/09\/toulouse-tournages-emmanuelle-400x245.jpg 400w, https:\/\/www.toulouse-tournages.fr\/assets\/uploads\/sites\/6\/2024\/09\/toulouse-tournages-emmanuelle-768x470.jpg 768w\" sizes=\"(max-width: 1145px) 100vw, 1145px\" \/><button\n\t\t\tclass=\"lightbox-trigger\"\n\t\t\ttype=\"button\"\n\t\t\taria-haspopup=\"dialog\"\n\t\t\taria-label=\"Agrandar\"\n\t\t\tdata-wp-init=\"callbacks.initTriggerButton\"\n\t\t\tdata-wp-on--click=\"actions.showLightbox\"\n\t\t\tdata-wp-style--right=\"state.imageButtonRight\"\n\t\t\tdata-wp-style--top=\"state.imageButtonTop\"\n\t\t>\n\t\t\t<svg xmlns=\"http:\/\/www.w3.org\/2000\/svg\" width=\"12\" height=\"12\" fill=\"none\" viewBox=\"0 0 12 12\">\n\t\t\t\t<path fill=\"#fff\" d=\"M2 0a2 2 0 0 0-2 2v2h1.5V2a.5.5 0 0 1 .5-.5h2V0H2Zm2 10.5H2a.5.5 0 0 1-.5-.5V8H0v2a2 2 0 0 0 2 2h2v-1.5ZM8 12v-1.5h2a.5.5 0 0 0 .5-.5V8H12v2a2 2 0 0 1-2 2H8Zm2-12a2 2 0 0 1 2 2v2h-1.5V2a.5.5 0 0 0-.5-.5H8V0h2Z\" \/>\n\t\t\t<\/svg>\n\t\t<\/button><\/figure>\n<\/div>\n\n\n\n<div class=\"wp-block-column is-vertically-aligned-center is-layout-flow wp-block-column-is-layout-flow\" style=\"flex-basis:66.66%\">\n<p class=\"is-style-h4-surtitle\">Emmanuelle<\/p>\n\n\n\n<p>Gu\u00eda tur\u00edstica desde hace 15 a\u00f1os para la oficina de turismo de Toulouse, esta amante del patrimonio podr\u00e1 guiarle en su b\u00fasqueda de decorados seg\u00fan sus proyectos.<\/p>\n\n\n\n<p>Est\u00e1 presente en los eventos (ferias y festivales) y se re\u00fane regularmente con los profesionales del sector audiovisual local para poder contar con ellos para desarrollar proyectos en Toulouse.<\/p>\n\n\n\n<p><a href=\"mailto:emmanuelle.rossignol@toulouse-team.com\">emmanuelle.rossignol@toulouse-team.com<\/a><\/p>\n<\/div>\n<\/div>\n\n\n\n<div class=\"wp-block-buttons is-content-justification-center is-layout-flex wp-container-core-buttons-is-layout-a89b3969 wp-block-buttons-is-layout-flex\">\n<div class=\"wp-block-button\"><a class=\"wp-block-button__link wp-element-button\" href=\"https:\/\/www.toulouse-tournages.fr\/es\/contactenos\/\">Cont\u00e1ctenos<\/a><\/div>\n<\/div>\n<\/div>\n","protected":false},"excerpt":{"rendered":"<p>La misi\u00f3n de la oficina de rodajes es facilitar el trabajo de los productores y equipos de rodaje y tambi\u00e9n promocionar la ciudad de Toulouse entre los profesionales de la industria cinematogr\u00e1fica y audiovisual nacional e internacional. Maximizar el impacto de los rodajes facilitando las producciones Proporcionamos herramientas para ayudar a los productores y directores [&hellip;]<\/p>\n","protected":false},"author":3,"featured_media":20070,"parent":19722,"menu_order":0,"comment_status":"closed","ping_status":"closed","template":"templates\/editorial-content.php","meta":{"_acf_changed":true,"footnotes":""},"class_list":["post-20069","page","type-page","status-publish","has-post-thumbnail","hentry"],"acf":[],"yoast_head":"<!-- This site is optimized with the Yoast SEO plugin v27.1.1 - https:\/\/yoast.com\/product\/yoast-seo-wordpress\/ -->\n<title>La oficina de rodaje de Toulouse - Toulouse tournages<\/title>\n<meta name=\"description\" content=\"Prospectamos y detectamos proyectos cinematogr\u00e1ficos estando presentes y activos en los principales eventos nacionales.\" \/>\n<meta name=\"robots\" content=\"index, follow, max-snippet:-1, max-image-preview:large, max-video-preview:-1\" \/>\n<link rel=\"canonical\" href=\"https:\/\/www.toulouse-tournages.fr\/es\/objetivo-el-cine\/la-oficina-de-rodaje-de-toulouse\/\" \/>\n<meta property=\"og:locale\" content=\"es_ES\" \/>\n<meta property=\"og:type\" content=\"article\" \/>\n<meta property=\"og:title\" content=\"La oficina de rodaje de Toulouse - Toulouse tournages\" \/>\n<meta property=\"og:description\" content=\"Prospectamos y detectamos proyectos cinematogr\u00e1ficos estando presentes y activos en los principales eventos nacionales.\" \/>\n<meta property=\"og:url\" content=\"https:\/\/www.toulouse-tournages.fr\/es\/objetivo-el-cine\/la-oficina-de-rodaje-de-toulouse\/\" \/>\n<meta property=\"og:site_name\" content=\"Toulouse tournages\" \/>\n<meta property=\"article:modified_time\" content=\"2024-10-24T11:39:15+00:00\" \/>\n<meta property=\"og:image\" content=\"https:\/\/www.toulouse-tournages.fr\/assets\/uploads\/sites\/6\/2024\/09\/tournage-toulouse-1.jpg\" \/>\n\t<meta property=\"og:image:width\" content=\"1920\" \/>\n\t<meta property=\"og:image:height\" content=\"1280\" \/>\n\t<meta property=\"og:image:type\" content=\"image\/jpeg\" \/>\n<meta name=\"twitter:card\" content=\"summary_large_image\" \/>\n<meta name=\"twitter:label1\" content=\"Tiempo de lectura\" \/>\n\t<meta name=\"twitter:data1\" content=\"3 minutos\" \/>\n<script type=\"application\/ld+json\" class=\"yoast-schema-graph\">{\"@context\":\"https:\/\/schema.org\",\"@graph\":[{\"@type\":\"WebPage\",\"@id\":\"https:\/\/www.toulouse-tournages.fr\/es\/objetivo-el-cine\/la-oficina-de-rodaje-de-toulouse\/\",\"url\":\"https:\/\/www.toulouse-tournages.fr\/es\/objetivo-el-cine\/la-oficina-de-rodaje-de-toulouse\/\",\"name\":\"La oficina de rodaje de Toulouse - Toulouse tournages\",\"isPartOf\":{\"@id\":\"https:\/\/www.toulouse-tournages.fr\/es\/#website\"},\"primaryImageOfPage\":{\"@id\":\"https:\/\/www.toulouse-tournages.fr\/es\/objetivo-el-cine\/la-oficina-de-rodaje-de-toulouse\/#primaryimage\"},\"image\":{\"@id\":\"https:\/\/www.toulouse-tournages.fr\/es\/objetivo-el-cine\/la-oficina-de-rodaje-de-toulouse\/#primaryimage\"},\"thumbnailUrl\":\"https:\/\/www.toulouse-tournages.fr\/assets\/uploads\/sites\/6\/2024\/09\/tournage-toulouse-1.jpg\",\"datePublished\":\"2024-09-12T08:25:12+00:00\",\"dateModified\":\"2024-10-24T11:39:15+00:00\",\"description\":\"Prospectamos y detectamos proyectos cinematogr\u00e1ficos estando presentes y activos en los principales eventos nacionales.\",\"breadcrumb\":{\"@id\":\"https:\/\/www.toulouse-tournages.fr\/es\/objetivo-el-cine\/la-oficina-de-rodaje-de-toulouse\/#breadcrumb\"},\"inLanguage\":\"es\",\"potentialAction\":[{\"@type\":\"ReadAction\",\"target\":[\"https:\/\/www.toulouse-tournages.fr\/es\/objetivo-el-cine\/la-oficina-de-rodaje-de-toulouse\/\"]}]},{\"@type\":\"ImageObject\",\"inLanguage\":\"es\",\"@id\":\"https:\/\/www.toulouse-tournages.fr\/es\/objetivo-el-cine\/la-oficina-de-rodaje-de-toulouse\/#primaryimage\",\"url\":\"https:\/\/www.toulouse-tournages.fr\/assets\/uploads\/sites\/6\/2024\/09\/tournage-toulouse-1.jpg\",\"contentUrl\":\"https:\/\/www.toulouse-tournages.fr\/assets\/uploads\/sites\/6\/2024\/09\/tournage-toulouse-1.jpg\",\"width\":1920,\"height\":1280,\"caption\":\"Tournage \u00e0 Toulouse\"},{\"@type\":\"BreadcrumbList\",\"@id\":\"https:\/\/www.toulouse-tournages.fr\/es\/objetivo-el-cine\/la-oficina-de-rodaje-de-toulouse\/#breadcrumb\",\"itemListElement\":[{\"@type\":\"ListItem\",\"position\":1,\"name\":\"Accueil\",\"item\":\"https:\/\/www.toulouse-tournages.fr\/es\/\"},{\"@type\":\"ListItem\",\"position\":2,\"name\":\"Objetivo: el cine\",\"item\":\"https:\/\/www.toulouse-tournages.fr\/es\/objetivo-el-cine\/\"},{\"@type\":\"ListItem\",\"position\":3,\"name\":\"La oficina de rodaje de Toulouse\"}]},{\"@type\":\"WebSite\",\"@id\":\"https:\/\/www.toulouse-tournages.fr\/es\/#website\",\"url\":\"https:\/\/www.toulouse-tournages.fr\/es\/\",\"name\":\"Toulouse tournages\",\"description\":\"\",\"potentialAction\":[{\"@type\":\"SearchAction\",\"target\":{\"@type\":\"EntryPoint\",\"urlTemplate\":\"https:\/\/www.toulouse-tournages.fr\/es\/?s={search_term_string}\"},\"query-input\":{\"@type\":\"PropertyValueSpecification\",\"valueRequired\":true,\"valueName\":\"search_term_string\"}}],\"inLanguage\":\"es\"}]}<\/script>\n<!-- \/ Yoast SEO plugin. -->","yoast_head_json":{"title":"La oficina de rodaje de Toulouse - Toulouse tournages","description":"Prospectamos y detectamos proyectos cinematogr\u00e1ficos estando presentes y activos en los principales eventos nacionales.","robots":{"index":"index","follow":"follow","max-snippet":"max-snippet:-1","max-image-preview":"max-image-preview:large","max-video-preview":"max-video-preview:-1"},"canonical":"https:\/\/www.toulouse-tournages.fr\/es\/objetivo-el-cine\/la-oficina-de-rodaje-de-toulouse\/","og_locale":"es_ES","og_type":"article","og_title":"La oficina de rodaje de Toulouse - Toulouse tournages","og_description":"Prospectamos y detectamos proyectos cinematogr\u00e1ficos estando presentes y activos en los principales eventos nacionales.","og_url":"https:\/\/www.toulouse-tournages.fr\/es\/objetivo-el-cine\/la-oficina-de-rodaje-de-toulouse\/","og_site_name":"Toulouse tournages","article_modified_time":"2024-10-24T11:39:15+00:00","og_image":[{"width":1920,"height":1280,"url":"https:\/\/www.toulouse-tournages.fr\/assets\/uploads\/sites\/6\/2024\/09\/tournage-toulouse-1.jpg","type":"image\/jpeg"}],"twitter_card":"summary_large_image","twitter_misc":{"Tiempo de lectura":"3 minutos"},"schema":{"@context":"https:\/\/schema.org","@graph":[{"@type":"WebPage","@id":"https:\/\/www.toulouse-tournages.fr\/es\/objetivo-el-cine\/la-oficina-de-rodaje-de-toulouse\/","url":"https:\/\/www.toulouse-tournages.fr\/es\/objetivo-el-cine\/la-oficina-de-rodaje-de-toulouse\/","name":"La oficina de rodaje de Toulouse - Toulouse tournages","isPartOf":{"@id":"https:\/\/www.toulouse-tournages.fr\/es\/#website"},"primaryImageOfPage":{"@id":"https:\/\/www.toulouse-tournages.fr\/es\/objetivo-el-cine\/la-oficina-de-rodaje-de-toulouse\/#primaryimage"},"image":{"@id":"https:\/\/www.toulouse-tournages.fr\/es\/objetivo-el-cine\/la-oficina-de-rodaje-de-toulouse\/#primaryimage"},"thumbnailUrl":"https:\/\/www.toulouse-tournages.fr\/assets\/uploads\/sites\/6\/2024\/09\/tournage-toulouse-1.jpg","datePublished":"2024-09-12T08:25:12+00:00","dateModified":"2024-10-24T11:39:15+00:00","description":"Prospectamos y detectamos proyectos cinematogr\u00e1ficos estando presentes y activos en los principales eventos nacionales.","breadcrumb":{"@id":"https:\/\/www.toulouse-tournages.fr\/es\/objetivo-el-cine\/la-oficina-de-rodaje-de-toulouse\/#breadcrumb"},"inLanguage":"es","potentialAction":[{"@type":"ReadAction","target":["https:\/\/www.toulouse-tournages.fr\/es\/objetivo-el-cine\/la-oficina-de-rodaje-de-toulouse\/"]}]},{"@type":"ImageObject","inLanguage":"es","@id":"https:\/\/www.toulouse-tournages.fr\/es\/objetivo-el-cine\/la-oficina-de-rodaje-de-toulouse\/#primaryimage","url":"https:\/\/www.toulouse-tournages.fr\/assets\/uploads\/sites\/6\/2024\/09\/tournage-toulouse-1.jpg","contentUrl":"https:\/\/www.toulouse-tournages.fr\/assets\/uploads\/sites\/6\/2024\/09\/tournage-toulouse-1.jpg","width":1920,"height":1280,"caption":"Tournage \u00e0 Toulouse"},{"@type":"BreadcrumbList","@id":"https:\/\/www.toulouse-tournages.fr\/es\/objetivo-el-cine\/la-oficina-de-rodaje-de-toulouse\/#breadcrumb","itemListElement":[{"@type":"ListItem","position":1,"name":"Accueil","item":"https:\/\/www.toulouse-tournages.fr\/es\/"},{"@type":"ListItem","position":2,"name":"Objetivo: el cine","item":"https:\/\/www.toulouse-tournages.fr\/es\/objetivo-el-cine\/"},{"@type":"ListItem","position":3,"name":"La oficina de rodaje de Toulouse"}]},{"@type":"WebSite","@id":"https:\/\/www.toulouse-tournages.fr\/es\/#website","url":"https:\/\/www.toulouse-tournages.fr\/es\/","name":"Toulouse tournages","description":"","potentialAction":[{"@type":"SearchAction","target":{"@type":"EntryPoint","urlTemplate":"https:\/\/www.toulouse-tournages.fr\/es\/?s={search_term_string}"},"query-input":{"@type":"PropertyValueSpecification","valueRequired":true,"valueName":"search_term_string"}}],"inLanguage":"es"}]}},"_links":{"self":[{"href":"https:\/\/www.toulouse-tournages.fr\/es\/wp-json\/wp\/v2\/pages\/20069","targetHints":{"allow":["GET"]}}],"collection":[{"href":"https:\/\/www.toulouse-tournages.fr\/es\/wp-json\/wp\/v2\/pages"}],"about":[{"href":"https:\/\/www.toulouse-tournages.fr\/es\/wp-json\/wp\/v2\/types\/page"}],"author":[{"embeddable":true,"href":"https:\/\/www.toulouse-tournages.fr\/es\/wp-json\/wp\/v2\/users\/3"}],"replies":[{"embeddable":true,"href":"https:\/\/www.toulouse-tournages.fr\/es\/wp-json\/wp\/v2\/comments?post=20069"}],"version-history":[{"count":0,"href":"https:\/\/www.toulouse-tournages.fr\/es\/wp-json\/wp\/v2\/pages\/20069\/revisions"}],"up":[{"embeddable":true,"href":"https:\/\/www.toulouse-tournages.fr\/es\/wp-json\/wp\/v2\/pages\/19722"}],"wp:featuredmedia":[{"embeddable":true,"href":"https:\/\/www.toulouse-tournages.fr\/es\/wp-json\/wp\/v2\/media\/20070"}],"wp:attachment":[{"href":"https:\/\/www.toulouse-tournages.fr\/es\/wp-json\/wp\/v2\/media?parent=20069"}],"curies":[{"name":"wp","href":"https:\/\/api.w.org\/{rel}","templated":true}]}}