{"id":20078,"date":"2024-09-18T15:13:01","date_gmt":"2024-09-18T13:13:01","guid":{"rendered":"https:\/\/www.toulouse-tournages.fr\/carnet-de-decors\/"},"modified":"2024-10-16T14:42:44","modified_gmt":"2024-10-16T12:42:44","slug":"carnet-de-decorados","status":"publish","type":"page","link":"https:\/\/www.toulouse-tournages.fr\/es\/lugares-de-rodaje\/carnet-de-decorados\/","title":{"rendered":"Carnet de decorados"},"content":{"rendered":"\n<div class=\"wp-block-group has-global-padding is-layout-constrained wp-block-group-is-layout-constrained\">\n<div class=\"wp-block-columns is-layout-flex wp-container-core-columns-is-layout-28f84493 wp-block-columns-is-layout-flex\">\n<div class=\"wp-block-column is-vertically-aligned-center is-layout-flow wp-block-column-is-layout-flow\" style=\"flex-basis:33.33%\">\n<iframe width=\"315\" height=\"320\"\nsrc=\"https:\/\/www.youtube.com\/embed\/BxKNshAGh1o?si=CCXPfKAHZRP9CO1e\"\ntitle=\"R\u00e9alit\u00e9 virtuelle au mus\u00e9e Aeroscopia\"\nframeborder=\"0\"\nallow=\"accelerometer; autoplay; clipboard-write; encrypted-media; gyroscope; picture-in-picture; web-share\"\nallowfullscreen><\/iframe>\n<\/div>\n\n\n\n<div class=\"wp-block-column is-vertically-aligned-center is-layout-flow wp-block-column-is-layout-flow\" style=\"flex-basis:66.66%\">\n<h2 class=\"wp-block-heading\">Toulouse, tierra de pel\u00edculas de todos los colores<\/h2>\n\n\n\n<p>Toulouse es una gran ciudad; la cuarta de Francia. Posee 2.000 a\u00f1os de historia y en ella encontramos barrios hist\u00f3ricos y populares, calles adoquinadas y grandes avenidas de la \u00e9poca Haussman, plazuelas recoletas y los amplios muelles del r\u00edo Garona.<\/p>\n\n\n\n<p>Es la capital de la regi\u00f3n de Occitania, a 2h por carretera del Mediterr\u00e1neo y a 1h30 de los Pirineos. Al instalar su lugar de rodaje en Toulouse disfrutar\u00e1 de su gran diversidad de decorados para su pel\u00edcula.<\/p>\n<\/div>\n<\/div>\n<\/div>\n\n\n\n<div class=\"wp-block-group has-global-padding is-layout-constrained wp-block-group-is-layout-constrained\">\n<section class=\"wp-block-group alignfull pattern-text-image has-global-padding is-layout-constrained wp-block-group-is-layout-constrained\" style=\"padding-top:var(--wp--preset--spacing--x-large);padding-bottom:var(--wp--preset--spacing--x-large)\">\n<div class=\"wp-block-columns are-vertically-aligned-center is-layout-flex wp-container-core-columns-is-layout-28f84493 wp-block-columns-is-layout-flex\">\n<div class=\"wp-block-column is-vertically-aligned-center pattern-text-image__content is-layout-flow wp-block-column-is-layout-flow\">\n<p class=\"is-style-h3-surtitle\">CUADERNO DE EXPLORACI\u00d3N<\/p>\n\n\n\n<h2 class=\"wp-block-heading\">Explorar la metr\u00f3polis de Toulouse<\/h2>\n\n\n\n<p>Explore Toulouse y su \u00e1rea metropolitana de 37 municipios.<\/p>\n\n\n\n<p>Si busca una mediateca, un castillo, un gran parque o una esclusa, seguro que hay un municipio que se adapta a su proyecto, tanto si se trata de una zona muy urbanizada como de una un poco m\u00e1s verde.<\/p>\n\n\n\n<div class=\"wp-block-buttons is-layout-flex wp-block-buttons-is-layout-flex\">\n<div class=\"wp-block-button\"><a class=\"wp-block-button__link wp-element-button\" href=\"https:\/\/www.toulouse-tournages.fr\/lieux-de-tournages\/trouver-des-decors-pour-votre-tournage\/\" target=\"_blank\" rel=\"noreferrer noopener\">Buscar un decorado (en franc\u00e9s)<\/a><\/div>\n<\/div>\n\n\n\n<div style=\"height:100%\" aria-hidden=\"true\" class=\"wp-block-spacer\"><\/div>\n<\/div>\n\n\n\n<div class=\"wp-block-column is-vertically-aligned-center pattern-text-image__media is-layout-flow wp-block-column-is-layout-flow\">\n<figure class=\"wp-block-embed is-type-video is-provider-youtube wp-block-embed-youtube wp-embed-aspect-16-9 wp-has-aspect-ratio\"><div class=\"wp-block-embed__wrapper\">\n<iframe title=\"Toulouse, lieux de tournages\" width=\"500\" height=\"281\" src=\"https:\/\/www.youtube.com\/embed\/PWq_FuIOnc0?feature=oembed\" frameborder=\"0\" allow=\"accelerometer; autoplay; clipboard-write; encrypted-media; gyroscope; picture-in-picture; web-share\" referrerpolicy=\"strict-origin-when-cross-origin\" allowfullscreen><\/iframe>\n<\/div><\/figure>\n<\/div>\n<\/div>\n<\/section>\n<\/div>\n\n\n\n<div class=\"wp-block-group has-global-padding is-layout-constrained wp-block-group-is-layout-constrained\">\n<h2 class=\"wp-block-heading\">Personalice la lista de localizaciones<\/h2>\n\n\n\n<p>Busca en nuestra base de datos de m\u00e1s de 200 decorados para encontrar las localizaciones adecuadas para tu rodaje. Puedes filtrar la lista de localizaciones por tipo (plaza, calle, iglesia, piso, etc.), as\u00ed como por estilo y ambiente.<\/p>\n\n\n\n<div class=\"wp-block-columns is-layout-flex wp-container-core-columns-is-layout-28f84493 wp-block-columns-is-layout-flex\">\n<div class=\"wp-block-column is-vertically-aligned-center is-layout-flow wp-block-column-is-layout-flow\" style=\"flex-basis:25%\">\n<button class=\"fs-favorites-button fs-favorites-add-button\" data-action=\"add\" data-site-id=\"6__es_ES\"><span class=\"libelle\"><strong> A\u00f1adir<\/strong> a mis favoritos<\/span><\/button>\n<\/div>\n\n\n\n<div class=\"wp-block-column is-vertically-aligned-center is-layout-flow wp-block-column-is-layout-flow\" style=\"flex-basis:75%\">\n<p>Selecciona las localizaciones que te interesen a\u00f1adi\u00e9ndolas a tu bloc de notas, \u00a1y gu\u00e1rdalo!<\/p>\n<\/div>\n<\/div>\n<\/div>\n\n\n\n<div class=\"wp-block-group has-global-padding is-layout-constrained wp-block-group-is-layout-constrained\">\n<h2 class=\"wp-block-heading\">Ambiente de Toulouse\u2026<\/h2>\n\n\n\n<div class=\"wp-block-columns is-layout-flex wp-container-core-columns-is-layout-28f84493 wp-block-columns-is-layout-flex\">\n<div class=\"wp-block-column is-vertically-aligned-center is-layout-flow wp-block-column-is-layout-flow\">\n<h3 class=\"wp-block-heading\">Marco hist\u00f3rico<\/h3>\n\n\n\n<p>Esta magn\u00edfica mansi\u00f3n del siglo XVI nos lleva a la \u00e9poca renacentista. En Toulouse tenemos m\u00e1s de un centenar de estos palacetes. \u00c9ste es el m\u00e1s esplendoroso. Se trata del Palacete de Ass\u00e9zat. Lo construy\u00f3 el gran arquitecto tolosano Nicolas Bachelier. Posee un patio adoquinado, unos arcos en su loggia y una magn\u00edfica torre de prestigio de ladrillo rosa.<\/p>\n\n\n\n<p><strong>Es un lugar id\u00f3neo para rodar una pel\u00edcula hist\u00f3rica o para subrayar el patrimonio en un documental sobre la Ciudad Rosa.<\/strong><\/p>\n<\/div>\n\n\n\n<div class=\"wp-block-column is-layout-flow wp-block-column-is-layout-flow\">\n<figure data-wp-context=\"{&quot;imageId&quot;:&quot;6a0768a55dc62&quot;}\" data-wp-interactive=\"core\/image\" data-wp-key=\"6a0768a55dc62\" class=\"wp-block-image size-large wp-lightbox-container\"><img decoding=\"async\" width=\"1200\" height=\"800\" data-wp-class--hide=\"state.isContentHidden\" data-wp-class--show=\"state.isContentVisible\" data-wp-init=\"callbacks.setButtonStyles\" data-wp-on--click=\"actions.showLightbox\" data-wp-on--load=\"callbacks.setButtonStyles\" data-wp-on-window--resize=\"callbacks.setButtonStyles\" src=\"https:\/\/www.toulouse-tournages.fr\/assets\/uploads\/sites\/6\/2024\/09\/hotel-assezat-1200x800.jpg\" alt=\"H\u00f4tel d'Ass\u00e9zat\" class=\"wp-image-17915\" srcset=\"https:\/\/www.toulouse-tournages.fr\/assets\/uploads\/sites\/6\/2024\/09\/hotel-assezat-1200x800.jpg 1200w, https:\/\/www.toulouse-tournages.fr\/assets\/uploads\/sites\/6\/2024\/09\/hotel-assezat-600x400.jpg 600w, https:\/\/www.toulouse-tournages.fr\/assets\/uploads\/sites\/6\/2024\/09\/hotel-assezat-400x267.jpg 400w, https:\/\/www.toulouse-tournages.fr\/assets\/uploads\/sites\/6\/2024\/09\/hotel-assezat-768x512.jpg 768w, https:\/\/www.toulouse-tournages.fr\/assets\/uploads\/sites\/6\/2024\/09\/hotel-assezat-1536x1024.jpg 1536w, https:\/\/www.toulouse-tournages.fr\/assets\/uploads\/sites\/6\/2024\/09\/hotel-assezat.jpg 1920w\" sizes=\"(max-width: 1200px) 100vw, 1200px\" \/><button\n\t\t\tclass=\"lightbox-trigger\"\n\t\t\ttype=\"button\"\n\t\t\taria-haspopup=\"dialog\"\n\t\t\taria-label=\"Agrandar\"\n\t\t\tdata-wp-init=\"callbacks.initTriggerButton\"\n\t\t\tdata-wp-on--click=\"actions.showLightbox\"\n\t\t\tdata-wp-style--right=\"state.imageButtonRight\"\n\t\t\tdata-wp-style--top=\"state.imageButtonTop\"\n\t\t>\n\t\t\t<svg xmlns=\"http:\/\/www.w3.org\/2000\/svg\" width=\"12\" height=\"12\" fill=\"none\" viewBox=\"0 0 12 12\">\n\t\t\t\t<path fill=\"#fff\" d=\"M2 0a2 2 0 0 0-2 2v2h1.5V2a.5.5 0 0 1 .5-.5h2V0H2Zm2 10.5H2a.5.5 0 0 1-.5-.5V8H0v2a2 2 0 0 0 2 2h2v-1.5ZM8 12v-1.5h2a.5.5 0 0 0 .5-.5V8H12v2a2 2 0 0 1-2 2H8Zm2-12a2 2 0 0 1 2 2v2h-1.5V2a.5.5 0 0 0-.5-.5H8V0h2Z\" \/>\n\t\t\t<\/svg>\n\t\t<\/button><figcaption class=\"wp-element-caption\">Palacete Ass\u00e9zat \u00a9 R\u00e9mi Deligeon<\/figcaption><\/figure>\n<\/div>\n<\/div>\n<\/div>\n\n\n\n<div class=\"wp-block-group has-global-padding is-layout-constrained wp-block-group-is-layout-constrained\">\n<div class=\"wp-block-columns is-layout-flex wp-container-core-columns-is-layout-28f84493 wp-block-columns-is-layout-flex\">\n<div class=\"wp-block-column is-vertically-aligned-center is-layout-flow wp-block-column-is-layout-flow\">\n<h3 class=\"wp-block-heading\">Contempor\u00e1neo bruto<\/h3>\n\n\n\n<p>Otro de los aspectos de Toulouse es el gigantismo. No hace mucho el Airbus A380 ten\u00eda aqu\u00ed su taller de montaje, y las \u201cballenas volantes\u201d, los Belugas, se pueden ver surcando los cielos tolosanos.<\/p>\n\n\n\n<p><strong>La Ciudad Rosa tiene igualmente grandes espacios brutos conjugando hormig\u00f3n y acero gris, dando a su rodaje un leg\u00edtimo decorado aut\u00e9nticamente urbano.<\/strong><\/p>\n<\/div>\n\n\n\n<div class=\"wp-block-column is-layout-flow wp-block-column-is-layout-flow\">\n<figure data-wp-context=\"{&quot;imageId&quot;:&quot;6a0768a55e7a2&quot;}\" data-wp-interactive=\"core\/image\" data-wp-key=\"6a0768a55e7a2\" class=\"wp-block-image size-large wp-lightbox-container\"><img decoding=\"async\" width=\"1200\" height=\"800\" data-wp-class--hide=\"state.isContentHidden\" data-wp-class--show=\"state.isContentVisible\" data-wp-init=\"callbacks.setButtonStyles\" data-wp-on--click=\"actions.showLightbox\" data-wp-on--load=\"callbacks.setButtonStyles\" data-wp-on-window--resize=\"callbacks.setButtonStyles\" src=\"https:\/\/www.toulouse-tournages.fr\/assets\/uploads\/sites\/6\/2024\/09\/meett-1200x800.jpg\" alt=\"Le MEETT centre de convention et parc d'exposition\" class=\"wp-image-17917\" srcset=\"https:\/\/www.toulouse-tournages.fr\/assets\/uploads\/sites\/6\/2024\/09\/meett-1200x800.jpg 1200w, https:\/\/www.toulouse-tournages.fr\/assets\/uploads\/sites\/6\/2024\/09\/meett-600x400.jpg 600w, https:\/\/www.toulouse-tournages.fr\/assets\/uploads\/sites\/6\/2024\/09\/meett-400x267.jpg 400w, https:\/\/www.toulouse-tournages.fr\/assets\/uploads\/sites\/6\/2024\/09\/meett-768x512.jpg 768w, https:\/\/www.toulouse-tournages.fr\/assets\/uploads\/sites\/6\/2024\/09\/meett-1536x1024.jpg 1536w, https:\/\/www.toulouse-tournages.fr\/assets\/uploads\/sites\/6\/2024\/09\/meett.jpg 1920w\" sizes=\"(max-width: 1200px) 100vw, 1200px\" \/><button\n\t\t\tclass=\"lightbox-trigger\"\n\t\t\ttype=\"button\"\n\t\t\taria-haspopup=\"dialog\"\n\t\t\taria-label=\"Agrandar\"\n\t\t\tdata-wp-init=\"callbacks.initTriggerButton\"\n\t\t\tdata-wp-on--click=\"actions.showLightbox\"\n\t\t\tdata-wp-style--right=\"state.imageButtonRight\"\n\t\t\tdata-wp-style--top=\"state.imageButtonTop\"\n\t\t>\n\t\t\t<svg xmlns=\"http:\/\/www.w3.org\/2000\/svg\" width=\"12\" height=\"12\" fill=\"none\" viewBox=\"0 0 12 12\">\n\t\t\t\t<path fill=\"#fff\" d=\"M2 0a2 2 0 0 0-2 2v2h1.5V2a.5.5 0 0 1 .5-.5h2V0H2Zm2 10.5H2a.5.5 0 0 1-.5-.5V8H0v2a2 2 0 0 0 2 2h2v-1.5ZM8 12v-1.5h2a.5.5 0 0 0 .5-.5V8H12v2a2 2 0 0 1-2 2H8Zm2-12a2 2 0 0 1 2 2v2h-1.5V2a.5.5 0 0 0-.5-.5H8V0h2Z\" \/>\n\t\t\t<\/svg>\n\t\t<\/button><figcaption class=\"wp-element-caption\">MEETT centro de convenciones y exposiciones \u00a9 R\u00e9mi Deligeon<\/figcaption><\/figure>\n<\/div>\n<\/div>\n<\/div>\n\n\n\n<div class=\"wp-block-group has-global-padding is-layout-constrained wp-block-group-is-layout-constrained\">\n<div class=\"wp-block-columns is-layout-flex wp-container-core-columns-is-layout-28f84493 wp-block-columns-is-layout-flex\">\n<div class=\"wp-block-column is-vertically-aligned-center is-layout-flow wp-block-column-is-layout-flow\">\n<h3 class=\"wp-block-heading\">Naturaleza salvaje<\/h3>\n\n\n\n<p>Nada m\u00e1s salir de la ciudad encontramos la naturaleza. Y el Canal du Midi nos deleita con su marco vegetal id\u00f3neo para una escena. Esta v\u00eda navegable, con el reflejo de sus \u00e1rboles en el agua, se viste de todos los colores seg\u00fan las estaciones.<\/p>\n\n\n\n<p><strong>Un verdadero decorado natural para ciertas escenas de su pel\u00edcula.<\/strong><\/p>\n<\/div>\n\n\n\n<div class=\"wp-block-column is-layout-flow wp-block-column-is-layout-flow\">\n<figure data-wp-context=\"{&quot;imageId&quot;:&quot;6a0768a55f5ca&quot;}\" data-wp-interactive=\"core\/image\" data-wp-key=\"6a0768a55f5ca\" class=\"wp-block-image size-large wp-lightbox-container\"><img decoding=\"async\" width=\"1200\" height=\"800\" data-wp-class--hide=\"state.isContentHidden\" data-wp-class--show=\"state.isContentVisible\" data-wp-init=\"callbacks.setButtonStyles\" data-wp-on--click=\"actions.showLightbox\" data-wp-on--load=\"callbacks.setButtonStyles\" data-wp-on-window--resize=\"callbacks.setButtonStyles\" src=\"https:\/\/www.toulouse-tournages.fr\/assets\/uploads\/sites\/6\/2024\/09\/canal-du-midi-automne-1200x800.jpg\" alt=\"Canal du Midi en automne\" class=\"wp-image-17919\" srcset=\"https:\/\/www.toulouse-tournages.fr\/assets\/uploads\/sites\/6\/2024\/09\/canal-du-midi-automne-1200x800.jpg 1200w, https:\/\/www.toulouse-tournages.fr\/assets\/uploads\/sites\/6\/2024\/09\/canal-du-midi-automne-600x400.jpg 600w, https:\/\/www.toulouse-tournages.fr\/assets\/uploads\/sites\/6\/2024\/09\/canal-du-midi-automne-400x267.jpg 400w, https:\/\/www.toulouse-tournages.fr\/assets\/uploads\/sites\/6\/2024\/09\/canal-du-midi-automne-768x512.jpg 768w, https:\/\/www.toulouse-tournages.fr\/assets\/uploads\/sites\/6\/2024\/09\/canal-du-midi-automne-1536x1024.jpg 1536w, https:\/\/www.toulouse-tournages.fr\/assets\/uploads\/sites\/6\/2024\/09\/canal-du-midi-automne.jpg 1920w\" sizes=\"(max-width: 1200px) 100vw, 1200px\" \/><button\n\t\t\tclass=\"lightbox-trigger\"\n\t\t\ttype=\"button\"\n\t\t\taria-haspopup=\"dialog\"\n\t\t\taria-label=\"Agrandar\"\n\t\t\tdata-wp-init=\"callbacks.initTriggerButton\"\n\t\t\tdata-wp-on--click=\"actions.showLightbox\"\n\t\t\tdata-wp-style--right=\"state.imageButtonRight\"\n\t\t\tdata-wp-style--top=\"state.imageButtonTop\"\n\t\t>\n\t\t\t<svg xmlns=\"http:\/\/www.w3.org\/2000\/svg\" width=\"12\" height=\"12\" fill=\"none\" viewBox=\"0 0 12 12\">\n\t\t\t\t<path fill=\"#fff\" d=\"M2 0a2 2 0 0 0-2 2v2h1.5V2a.5.5 0 0 1 .5-.5h2V0H2Zm2 10.5H2a.5.5 0 0 1-.5-.5V8H0v2a2 2 0 0 0 2 2h2v-1.5ZM8 12v-1.5h2a.5.5 0 0 0 .5-.5V8H12v2a2 2 0 0 1-2 2H8Zm2-12a2 2 0 0 1 2 2v2h-1.5V2a.5.5 0 0 0-.5-.5H8V0h2Z\" \/>\n\t\t\t<\/svg>\n\t\t<\/button><figcaption class=\"wp-element-caption\">Canal du Midi en oto\u00f1o \u00a9 R\u00e9mi Deligeon<\/figcaption><\/figure>\n<\/div>\n<\/div>\n<\/div>\n","protected":false},"excerpt":{"rendered":"<p>Toulouse, tierra de pel\u00edculas de todos los colores Toulouse es una gran ciudad; la cuarta de Francia. Posee 2.000 a\u00f1os de historia y en ella encontramos barrios hist\u00f3ricos y populares, calles adoquinadas y grandes avenidas de la \u00e9poca Haussman, plazuelas recoletas y los amplios muelles del r\u00edo Garona. Es la capital de la regi\u00f3n de [&hellip;]<\/p>\n","protected":false},"author":3,"featured_media":20080,"parent":20085,"menu_order":0,"comment_status":"closed","ping_status":"closed","template":"","meta":{"_acf_changed":true,"footnotes":""},"class_list":["post-20078","page","type-page","status-publish","has-post-thumbnail","hentry"],"acf":[],"yoast_head":"<!-- This site is optimized with the Yoast SEO plugin v27.1.1 - https:\/\/yoast.com\/product\/yoast-seo-wordpress\/ -->\n<title>Carnet de decorados - Toulouse tournages<\/title>\n<meta name=\"description\" content=\"\u00bfBusca un monumento hist\u00f3rico, un espacio natural o un edificio ultramoderno? No recorra todo el territorio franc\u00e9s. En Toulouse tenemos de todo.\" \/>\n<meta name=\"robots\" content=\"index, follow, max-snippet:-1, max-image-preview:large, max-video-preview:-1\" \/>\n<link rel=\"canonical\" href=\"https:\/\/www.toulouse-tournages.fr\/es\/lugares-de-rodaje\/carnet-de-decorados\/\" \/>\n<meta property=\"og:locale\" content=\"es_ES\" \/>\n<meta property=\"og:type\" content=\"article\" \/>\n<meta property=\"og:title\" content=\"Carnet de decorados - Toulouse tournages\" \/>\n<meta property=\"og:description\" content=\"\u00bfBusca un monumento hist\u00f3rico, un espacio natural o un edificio ultramoderno? No recorra todo el territorio franc\u00e9s. En Toulouse tenemos de todo.\" \/>\n<meta property=\"og:url\" content=\"https:\/\/www.toulouse-tournages.fr\/es\/lugares-de-rodaje\/carnet-de-decorados\/\" \/>\n<meta property=\"og:site_name\" content=\"Toulouse tournages\" \/>\n<meta property=\"article:modified_time\" content=\"2024-10-16T12:42:44+00:00\" \/>\n<meta property=\"og:image\" content=\"https:\/\/www.toulouse-tournages.fr\/assets\/uploads\/sites\/6\/2024\/09\/garonne-port-daurade.jpg\" \/>\n\t<meta property=\"og:image:width\" content=\"1920\" \/>\n\t<meta property=\"og:image:height\" content=\"1280\" \/>\n\t<meta property=\"og:image:type\" content=\"image\/jpeg\" \/>\n<meta name=\"twitter:card\" content=\"summary_large_image\" \/>\n<meta name=\"twitter:label1\" content=\"Tiempo de lectura\" \/>\n\t<meta name=\"twitter:data1\" content=\"4 minutos\" \/>\n<script type=\"application\/ld+json\" class=\"yoast-schema-graph\">{\"@context\":\"https:\/\/schema.org\",\"@graph\":[{\"@type\":\"WebPage\",\"@id\":\"https:\/\/www.toulouse-tournages.fr\/es\/lugares-de-rodaje\/carnet-de-decorados\/\",\"url\":\"https:\/\/www.toulouse-tournages.fr\/es\/lugares-de-rodaje\/carnet-de-decorados\/\",\"name\":\"Carnet de decorados - Toulouse tournages\",\"isPartOf\":{\"@id\":\"https:\/\/www.toulouse-tournages.fr\/es\/#website\"},\"primaryImageOfPage\":{\"@id\":\"https:\/\/www.toulouse-tournages.fr\/es\/lugares-de-rodaje\/carnet-de-decorados\/#primaryimage\"},\"image\":{\"@id\":\"https:\/\/www.toulouse-tournages.fr\/es\/lugares-de-rodaje\/carnet-de-decorados\/#primaryimage\"},\"thumbnailUrl\":\"https:\/\/www.toulouse-tournages.fr\/assets\/uploads\/sites\/6\/2024\/09\/garonne-port-daurade.jpg\",\"datePublished\":\"2024-09-18T13:13:01+00:00\",\"dateModified\":\"2024-10-16T12:42:44+00:00\",\"description\":\"\u00bfBusca un monumento hist\u00f3rico, un espacio natural o un edificio ultramoderno? No recorra todo el territorio franc\u00e9s. En Toulouse tenemos de todo.\",\"breadcrumb\":{\"@id\":\"https:\/\/www.toulouse-tournages.fr\/es\/lugares-de-rodaje\/carnet-de-decorados\/#breadcrumb\"},\"inLanguage\":\"es\",\"potentialAction\":[{\"@type\":\"ReadAction\",\"target\":[\"https:\/\/www.toulouse-tournages.fr\/es\/lugares-de-rodaje\/carnet-de-decorados\/\"]}]},{\"@type\":\"ImageObject\",\"inLanguage\":\"es\",\"@id\":\"https:\/\/www.toulouse-tournages.fr\/es\/lugares-de-rodaje\/carnet-de-decorados\/#primaryimage\",\"url\":\"https:\/\/www.toulouse-tournages.fr\/assets\/uploads\/sites\/6\/2024\/09\/garonne-port-daurade.jpg\",\"contentUrl\":\"https:\/\/www.toulouse-tournages.fr\/assets\/uploads\/sites\/6\/2024\/09\/garonne-port-daurade.jpg\",\"width\":1920,\"height\":1280,\"caption\":\"La Garonne et le port de la Daurade \u00a9 R\u00e9mi Deligeon\"},{\"@type\":\"BreadcrumbList\",\"@id\":\"https:\/\/www.toulouse-tournages.fr\/es\/lugares-de-rodaje\/carnet-de-decorados\/#breadcrumb\",\"itemListElement\":[{\"@type\":\"ListItem\",\"position\":1,\"name\":\"Accueil\",\"item\":\"https:\/\/www.toulouse-tournages.fr\/es\/\"},{\"@type\":\"ListItem\",\"position\":2,\"name\":\"Lugares de rodaje\",\"item\":\"https:\/\/www.toulouse-tournages.fr\/es\/lugares-de-rodaje\/\"},{\"@type\":\"ListItem\",\"position\":3,\"name\":\"Carnet de decorados\"}]},{\"@type\":\"WebSite\",\"@id\":\"https:\/\/www.toulouse-tournages.fr\/es\/#website\",\"url\":\"https:\/\/www.toulouse-tournages.fr\/es\/\",\"name\":\"Toulouse tournages\",\"description\":\"\",\"potentialAction\":[{\"@type\":\"SearchAction\",\"target\":{\"@type\":\"EntryPoint\",\"urlTemplate\":\"https:\/\/www.toulouse-tournages.fr\/es\/?s={search_term_string}\"},\"query-input\":{\"@type\":\"PropertyValueSpecification\",\"valueRequired\":true,\"valueName\":\"search_term_string\"}}],\"inLanguage\":\"es\"}]}<\/script>\n<!-- \/ Yoast SEO plugin. -->","yoast_head_json":{"title":"Carnet de decorados - Toulouse tournages","description":"\u00bfBusca un monumento hist\u00f3rico, un espacio natural o un edificio ultramoderno? No recorra todo el territorio franc\u00e9s. En Toulouse tenemos de todo.","robots":{"index":"index","follow":"follow","max-snippet":"max-snippet:-1","max-image-preview":"max-image-preview:large","max-video-preview":"max-video-preview:-1"},"canonical":"https:\/\/www.toulouse-tournages.fr\/es\/lugares-de-rodaje\/carnet-de-decorados\/","og_locale":"es_ES","og_type":"article","og_title":"Carnet de decorados - Toulouse tournages","og_description":"\u00bfBusca un monumento hist\u00f3rico, un espacio natural o un edificio ultramoderno? No recorra todo el territorio franc\u00e9s. En Toulouse tenemos de todo.","og_url":"https:\/\/www.toulouse-tournages.fr\/es\/lugares-de-rodaje\/carnet-de-decorados\/","og_site_name":"Toulouse tournages","article_modified_time":"2024-10-16T12:42:44+00:00","og_image":[{"width":1920,"height":1280,"url":"https:\/\/www.toulouse-tournages.fr\/assets\/uploads\/sites\/6\/2024\/09\/garonne-port-daurade.jpg","type":"image\/jpeg"}],"twitter_card":"summary_large_image","twitter_misc":{"Tiempo de lectura":"4 minutos"},"schema":{"@context":"https:\/\/schema.org","@graph":[{"@type":"WebPage","@id":"https:\/\/www.toulouse-tournages.fr\/es\/lugares-de-rodaje\/carnet-de-decorados\/","url":"https:\/\/www.toulouse-tournages.fr\/es\/lugares-de-rodaje\/carnet-de-decorados\/","name":"Carnet de decorados - Toulouse tournages","isPartOf":{"@id":"https:\/\/www.toulouse-tournages.fr\/es\/#website"},"primaryImageOfPage":{"@id":"https:\/\/www.toulouse-tournages.fr\/es\/lugares-de-rodaje\/carnet-de-decorados\/#primaryimage"},"image":{"@id":"https:\/\/www.toulouse-tournages.fr\/es\/lugares-de-rodaje\/carnet-de-decorados\/#primaryimage"},"thumbnailUrl":"https:\/\/www.toulouse-tournages.fr\/assets\/uploads\/sites\/6\/2024\/09\/garonne-port-daurade.jpg","datePublished":"2024-09-18T13:13:01+00:00","dateModified":"2024-10-16T12:42:44+00:00","description":"\u00bfBusca un monumento hist\u00f3rico, un espacio natural o un edificio ultramoderno? No recorra todo el territorio franc\u00e9s. En Toulouse tenemos de todo.","breadcrumb":{"@id":"https:\/\/www.toulouse-tournages.fr\/es\/lugares-de-rodaje\/carnet-de-decorados\/#breadcrumb"},"inLanguage":"es","potentialAction":[{"@type":"ReadAction","target":["https:\/\/www.toulouse-tournages.fr\/es\/lugares-de-rodaje\/carnet-de-decorados\/"]}]},{"@type":"ImageObject","inLanguage":"es","@id":"https:\/\/www.toulouse-tournages.fr\/es\/lugares-de-rodaje\/carnet-de-decorados\/#primaryimage","url":"https:\/\/www.toulouse-tournages.fr\/assets\/uploads\/sites\/6\/2024\/09\/garonne-port-daurade.jpg","contentUrl":"https:\/\/www.toulouse-tournages.fr\/assets\/uploads\/sites\/6\/2024\/09\/garonne-port-daurade.jpg","width":1920,"height":1280,"caption":"La Garonne et le port de la Daurade \u00a9 R\u00e9mi Deligeon"},{"@type":"BreadcrumbList","@id":"https:\/\/www.toulouse-tournages.fr\/es\/lugares-de-rodaje\/carnet-de-decorados\/#breadcrumb","itemListElement":[{"@type":"ListItem","position":1,"name":"Accueil","item":"https:\/\/www.toulouse-tournages.fr\/es\/"},{"@type":"ListItem","position":2,"name":"Lugares de rodaje","item":"https:\/\/www.toulouse-tournages.fr\/es\/lugares-de-rodaje\/"},{"@type":"ListItem","position":3,"name":"Carnet de decorados"}]},{"@type":"WebSite","@id":"https:\/\/www.toulouse-tournages.fr\/es\/#website","url":"https:\/\/www.toulouse-tournages.fr\/es\/","name":"Toulouse tournages","description":"","potentialAction":[{"@type":"SearchAction","target":{"@type":"EntryPoint","urlTemplate":"https:\/\/www.toulouse-tournages.fr\/es\/?s={search_term_string}"},"query-input":{"@type":"PropertyValueSpecification","valueRequired":true,"valueName":"search_term_string"}}],"inLanguage":"es"}]}},"_links":{"self":[{"href":"https:\/\/www.toulouse-tournages.fr\/es\/wp-json\/wp\/v2\/pages\/20078","targetHints":{"allow":["GET"]}}],"collection":[{"href":"https:\/\/www.toulouse-tournages.fr\/es\/wp-json\/wp\/v2\/pages"}],"about":[{"href":"https:\/\/www.toulouse-tournages.fr\/es\/wp-json\/wp\/v2\/types\/page"}],"author":[{"embeddable":true,"href":"https:\/\/www.toulouse-tournages.fr\/es\/wp-json\/wp\/v2\/users\/3"}],"replies":[{"embeddable":true,"href":"https:\/\/www.toulouse-tournages.fr\/es\/wp-json\/wp\/v2\/comments?post=20078"}],"version-history":[{"count":0,"href":"https:\/\/www.toulouse-tournages.fr\/es\/wp-json\/wp\/v2\/pages\/20078\/revisions"}],"up":[{"embeddable":true,"href":"https:\/\/www.toulouse-tournages.fr\/es\/wp-json\/wp\/v2\/pages\/20085"}],"wp:featuredmedia":[{"embeddable":true,"href":"https:\/\/www.toulouse-tournages.fr\/es\/wp-json\/wp\/v2\/media\/20080"}],"wp:attachment":[{"href":"https:\/\/www.toulouse-tournages.fr\/es\/wp-json\/wp\/v2\/media?parent=20078"}],"curies":[{"name":"wp","href":"https:\/\/api.w.org\/{rel}","templated":true}]}}