{"id":20085,"date":"2024-08-14T10:23:42","date_gmt":"2024-08-14T08:23:42","guid":{"rendered":"https:\/\/www.toulouse-tournages.fr\/lieux-de-tournages\/"},"modified":"2024-10-31T09:30:54","modified_gmt":"2024-10-31T08:30:54","slug":"lugares-de-rodaje","status":"publish","type":"page","link":"https:\/\/www.toulouse-tournages.fr\/es\/lugares-de-rodaje\/","title":{"rendered":"Lugares de rodaje"},"content":{"rendered":"\n<div class=\"wp-block-group has-global-padding is-layout-constrained wp-block-group-is-layout-constrained\">\n<div class=\"wp-block-columns is-layout-flex wp-container-core-columns-is-layout-28f84493 wp-block-columns-is-layout-flex\">\n<div class=\"wp-block-column is-vertically-aligned-center is-layout-flow wp-block-column-is-layout-flow\">\n<h2 class=\"wp-block-heading\">Carnet de decorados<\/h2>\n\n\n\n<p>Hemos establecido un carnet de decorados que muestra la gran diversidad de lugares para rodar por nuestro territorio que podr\u00e1n satisfacer a su producci\u00f3n por ser decorados inmejorables. \u00bfBusca un monumento hist\u00f3rico, un espacio natural o un edificio ultramoderno? No recorra todo el territorio franc\u00e9s. En Toulouse tenemos de todo.<\/p>\n\n\n\n<div class=\"wp-block-buttons is-layout-flex wp-block-buttons-is-layout-flex\">\n<div class=\"wp-block-button\"><a class=\"wp-block-button__link wp-element-button\" href=\"https:\/\/www.toulouse-tournages.fr\/es\/lugares-de-rodaje\/carnet-de-decorados\/\">Carnet de decorados<\/a><\/div>\n<\/div>\n<\/div>\n\n\n\n<div class=\"wp-block-column is-layout-flow wp-block-column-is-layout-flow\">\n<figure data-wp-context=\"{&quot;imageId&quot;:&quot;6a074544606f3&quot;}\" data-wp-interactive=\"core\/image\" data-wp-key=\"6a074544606f3\" class=\"wp-block-image size-full wp-lightbox-container\"><img decoding=\"async\" width=\"800\" height=\"1200\" data-wp-class--hide=\"state.isContentHidden\" data-wp-class--show=\"state.isContentVisible\" data-wp-init=\"callbacks.setButtonStyles\" data-wp-on--click=\"actions.showLightbox\" data-wp-on--load=\"callbacks.setButtonStyles\" data-wp-on-window--resize=\"callbacks.setButtonStyles\" src=\"https:\/\/www.toulouse-tournages.fr\/assets\/uploads\/sites\/6\/2024\/09\/toulouse-la-rue-du-taur.jpg\" alt=\"Toulouse, la rue du Taur\" class=\"wp-image-17355\" srcset=\"https:\/\/www.toulouse-tournages.fr\/assets\/uploads\/sites\/6\/2024\/09\/toulouse-la-rue-du-taur.jpg 800w, https:\/\/www.toulouse-tournages.fr\/assets\/uploads\/sites\/6\/2024\/09\/toulouse-la-rue-du-taur-600x900.jpg 600w, https:\/\/www.toulouse-tournages.fr\/assets\/uploads\/sites\/6\/2024\/09\/toulouse-la-rue-du-taur-400x600.jpg 400w, https:\/\/www.toulouse-tournages.fr\/assets\/uploads\/sites\/6\/2024\/09\/toulouse-la-rue-du-taur-768x1152.jpg 768w\" sizes=\"(max-width: 800px) 100vw, 800px\" \/><button\n\t\t\tclass=\"lightbox-trigger\"\n\t\t\ttype=\"button\"\n\t\t\taria-haspopup=\"dialog\"\n\t\t\taria-label=\"Agrandar\"\n\t\t\tdata-wp-init=\"callbacks.initTriggerButton\"\n\t\t\tdata-wp-on--click=\"actions.showLightbox\"\n\t\t\tdata-wp-style--right=\"state.imageButtonRight\"\n\t\t\tdata-wp-style--top=\"state.imageButtonTop\"\n\t\t>\n\t\t\t<svg xmlns=\"http:\/\/www.w3.org\/2000\/svg\" width=\"12\" height=\"12\" fill=\"none\" viewBox=\"0 0 12 12\">\n\t\t\t\t<path fill=\"#fff\" d=\"M2 0a2 2 0 0 0-2 2v2h1.5V2a.5.5 0 0 1 .5-.5h2V0H2Zm2 10.5H2a.5.5 0 0 1-.5-.5V8H0v2a2 2 0 0 0 2 2h2v-1.5ZM8 12v-1.5h2a.5.5 0 0 0 .5-.5V8H12v2a2 2 0 0 1-2 2H8Zm2-12a2 2 0 0 1 2 2v2h-1.5V2a.5.5 0 0 0-.5-.5H8V0h2Z\" \/>\n\t\t\t<\/svg>\n\t\t<\/button><\/figure>\n<\/div>\n\n\n\n<div class=\"wp-block-column is-layout-flow wp-block-column-is-layout-flow\">\n<figure data-wp-context=\"{&quot;imageId&quot;:&quot;6a0745446108d&quot;}\" data-wp-interactive=\"core\/image\" data-wp-key=\"6a0745446108d\" class=\"wp-block-image size-full wp-lightbox-container\"><img decoding=\"async\" width=\"433\" height=\"650\" data-wp-class--hide=\"state.isContentHidden\" data-wp-class--show=\"state.isContentVisible\" data-wp-init=\"callbacks.setButtonStyles\" data-wp-on--click=\"actions.showLightbox\" data-wp-on--load=\"callbacks.setButtonStyles\" data-wp-on-window--resize=\"callbacks.setButtonStyles\" src=\"https:\/\/www.toulouse-tournages.fr\/assets\/uploads\/sites\/6\/2024\/08\/decor-tournage-meett-allee.jpg\" alt=\"Lieu de tournage - Le MEETT\" class=\"wp-image-19986\" srcset=\"https:\/\/www.toulouse-tournages.fr\/assets\/uploads\/sites\/6\/2024\/08\/decor-tournage-meett-allee.jpg 433w, https:\/\/www.toulouse-tournages.fr\/assets\/uploads\/sites\/6\/2024\/08\/decor-tournage-meett-allee-400x600.jpg 400w\" sizes=\"(max-width: 433px) 100vw, 433px\" \/><button\n\t\t\tclass=\"lightbox-trigger\"\n\t\t\ttype=\"button\"\n\t\t\taria-haspopup=\"dialog\"\n\t\t\taria-label=\"Agrandar\"\n\t\t\tdata-wp-init=\"callbacks.initTriggerButton\"\n\t\t\tdata-wp-on--click=\"actions.showLightbox\"\n\t\t\tdata-wp-style--right=\"state.imageButtonRight\"\n\t\t\tdata-wp-style--top=\"state.imageButtonTop\"\n\t\t>\n\t\t\t<svg xmlns=\"http:\/\/www.w3.org\/2000\/svg\" width=\"12\" height=\"12\" fill=\"none\" viewBox=\"0 0 12 12\">\n\t\t\t\t<path fill=\"#fff\" d=\"M2 0a2 2 0 0 0-2 2v2h1.5V2a.5.5 0 0 1 .5-.5h2V0H2Zm2 10.5H2a.5.5 0 0 1-.5-.5V8H0v2a2 2 0 0 0 2 2h2v-1.5ZM8 12v-1.5h2a.5.5 0 0 0 .5-.5V8H12v2a2 2 0 0 1-2 2H8Zm2-12a2 2 0 0 1 2 2v2h-1.5V2a.5.5 0 0 0-.5-.5H8V0h2Z\" \/>\n\t\t\t<\/svg>\n\t\t<\/button><\/figure>\n<\/div>\n<\/div>\n<\/div>\n\n\n\n<div class=\"wp-block-group alignfull has-primary-gradient-background has-background has-global-padding is-layout-constrained wp-container-core-group-is-layout-639b5052 wp-block-group-is-layout-constrained\" style=\"padding-top:0;padding-right:0;padding-bottom:0;padding-left:0\">\n<div class=\"wp-block-columns alignfull is-layout-flex wp-container-core-columns-is-layout-28f84493 wp-block-columns-is-layout-flex\">\n<div class=\"wp-block-column is-vertically-aligned-center is-layout-flow wp-block-column-is-layout-flow\">\n<figure data-wp-context=\"{&quot;imageId&quot;:&quot;6a07454462213&quot;}\" data-wp-interactive=\"core\/image\" data-wp-key=\"6a07454462213\" class=\"wp-block-image size-full is-resized wp-lightbox-container\"><img decoding=\"async\" width=\"1145\" height=\"700\" data-wp-class--hide=\"state.isContentHidden\" data-wp-class--show=\"state.isContentVisible\" data-wp-init=\"callbacks.setButtonStyles\" data-wp-on--click=\"actions.showLightbox\" data-wp-on--load=\"callbacks.setButtonStyles\" data-wp-on-window--resize=\"callbacks.setButtonStyles\" src=\"https:\/\/www.toulouse-tournages.fr\/assets\/uploads\/sites\/6\/2024\/08\/plane.png\" alt=\"\" class=\"wp-image-17073\" style=\"object-fit:cover;width:540px;height:400px\" srcset=\"https:\/\/www.toulouse-tournages.fr\/assets\/uploads\/sites\/6\/2024\/08\/plane.png 1145w, https:\/\/www.toulouse-tournages.fr\/assets\/uploads\/sites\/6\/2024\/08\/plane-600x367.png 600w, https:\/\/www.toulouse-tournages.fr\/assets\/uploads\/sites\/6\/2024\/08\/plane-400x245.png 400w, https:\/\/www.toulouse-tournages.fr\/assets\/uploads\/sites\/6\/2024\/08\/plane-768x470.png 768w\" sizes=\"(max-width: 1145px) 100vw, 1145px\" \/><button\n\t\t\tclass=\"lightbox-trigger\"\n\t\t\ttype=\"button\"\n\t\t\taria-haspopup=\"dialog\"\n\t\t\taria-label=\"Agrandar\"\n\t\t\tdata-wp-init=\"callbacks.initTriggerButton\"\n\t\t\tdata-wp-on--click=\"actions.showLightbox\"\n\t\t\tdata-wp-style--right=\"state.imageButtonRight\"\n\t\t\tdata-wp-style--top=\"state.imageButtonTop\"\n\t\t>\n\t\t\t<svg xmlns=\"http:\/\/www.w3.org\/2000\/svg\" width=\"12\" height=\"12\" fill=\"none\" viewBox=\"0 0 12 12\">\n\t\t\t\t<path fill=\"#fff\" d=\"M2 0a2 2 0 0 0-2 2v2h1.5V2a.5.5 0 0 1 .5-.5h2V0H2Zm2 10.5H2a.5.5 0 0 1-.5-.5V8H0v2a2 2 0 0 0 2 2h2v-1.5ZM8 12v-1.5h2a.5.5 0 0 0 .5-.5V8H12v2a2 2 0 0 1-2 2H8Zm2-12a2 2 0 0 1 2 2v2h-1.5V2a.5.5 0 0 0-.5-.5H8V0h2Z\" \/>\n\t\t\t<\/svg>\n\t\t<\/button><\/figure>\n<\/div>\n\n\n\n<div class=\"wp-block-column is-layout-flow wp-block-column-is-layout-flow\" style=\"padding-top:var(--wp--preset--spacing--large);padding-right:var(--wp--preset--spacing--x-large);padding-bottom:var(--wp--preset--spacing--large);padding-left:var(--wp--preset--spacing--x-large);flex-basis:66.66%\">\n<figure data-wp-context=\"{&quot;imageId&quot;:&quot;6a07454462a58&quot;}\" data-wp-interactive=\"core\/image\" data-wp-key=\"6a07454462a58\" class=\"wp-block-image size-large is-resized wp-lightbox-container\"><img decoding=\"async\" width=\"92\" height=\"92\" data-wp-class--hide=\"state.isContentHidden\" data-wp-class--show=\"state.isContentVisible\" data-wp-init=\"callbacks.setButtonStyles\" data-wp-on--click=\"actions.showLightbox\" data-wp-on--load=\"callbacks.setButtonStyles\" data-wp-on-window--resize=\"callbacks.setButtonStyles\" src=\"https:\/\/www.toulouse-tournages.fr\/assets\/uploads\/sites\/6\/2024\/08\/airport.svg\" alt=\"\" class=\"wp-image-17075\" style=\"width:80px\"\/><button\n\t\t\tclass=\"lightbox-trigger\"\n\t\t\ttype=\"button\"\n\t\t\taria-haspopup=\"dialog\"\n\t\t\taria-label=\"Agrandar\"\n\t\t\tdata-wp-init=\"callbacks.initTriggerButton\"\n\t\t\tdata-wp-on--click=\"actions.showLightbox\"\n\t\t\tdata-wp-style--right=\"state.imageButtonRight\"\n\t\t\tdata-wp-style--top=\"state.imageButtonTop\"\n\t\t>\n\t\t\t<svg xmlns=\"http:\/\/www.w3.org\/2000\/svg\" width=\"12\" height=\"12\" fill=\"none\" viewBox=\"0 0 12 12\">\n\t\t\t\t<path fill=\"#fff\" d=\"M2 0a2 2 0 0 0-2 2v2h1.5V2a.5.5 0 0 1 .5-.5h2V0H2Zm2 10.5H2a.5.5 0 0 1-.5-.5V8H0v2a2 2 0 0 0 2 2h2v-1.5ZM8 12v-1.5h2a.5.5 0 0 0 .5-.5V8H12v2a2 2 0 0 1-2 2H8Zm2-12a2 2 0 0 1 2 2v2h-1.5V2a.5.5 0 0 0-.5-.5H8V0h2Z\" \/>\n\t\t\t<\/svg>\n\t\t<\/button><\/figure>\n\n\n\n<h2 class=\"wp-block-heading has-background-color has-text-color has-link-color wp-elements-fa32b1e734c55623b853dd4cc03b2631\">Toda su decoraci\u00f3n, del avi\u00f3n al aeropuerto<\/h2>\n\n\n\n<p class=\"has-background-color has-text-color has-link-color wp-elements-33ef6311669a53e6b10b28ec6ddba48d\">Una cabina de avi\u00f3n, un avi\u00f3n militar o civil, un aeropuerto, una pista o un hangar\u2026 Toulouse On Air le facilita el acceso a decorados \u00fanicos para su proyecto de rodaje. \u00bfListo para ponerlo en marcha?<\/p>\n\n\n\n<div class=\"wp-block-buttons is-layout-flex wp-block-buttons-is-layout-flex\">\n<div class=\"wp-block-button is-style-white\"><a class=\"wp-block-button__link wp-element-button\" href=\"https:\/\/www.toulouse-tournages.fr\/es\/lugares-de-rodaje\/toulouse-on-air\/\">Toulouse on Air<\/a><\/div>\n<\/div>\n<\/div>\n<\/div>\n<\/div>\n\n\n\n<div class=\"wp-block-group has-global-padding is-layout-constrained wp-block-group-is-layout-constrained\">\n<div class=\"wp-block-columns is-layout-flex wp-container-core-columns-is-layout-28f84493 wp-block-columns-is-layout-flex\">\n<div class=\"wp-block-column has-background-highlight-light-background-color has-background is-layout-flow wp-block-column-is-layout-flow\" style=\"padding-top:var(--wp--preset--spacing--large);padding-right:var(--wp--preset--spacing--x-large);padding-bottom:var(--wp--preset--spacing--large);padding-left:var(--wp--preset--spacing--x-large)\">\n<p class=\"is-style-h3-surtitle\">Decorado para su rodaje<\/p>\n\n\n\n<p>Entre los grandes bulevares de \u00e9poca de Haussman, arquitectura medieval o sitios industriales, Toulouse ofrece una gran variedad de marcos propicios para cualquier rodaje. Para pasar de un decorado en el canal a un marco majestuoso de un palacete renacentista, de un ambiente silvestre a los paisajes urbanos.<\/p>\n\n\n\n<div class=\"wp-block-buttons is-layout-flex wp-block-buttons-is-layout-flex\">\n<div class=\"wp-block-button\"><a class=\"wp-block-button__link wp-element-button\" href=\"https:\/\/www.toulouse-tournages.fr\/lieux-de-tournages\/trouver-des-decors-pour-votre-tournage\/\">Buscar un decorado (en franc\u00e8s)<\/a><\/div>\n<\/div>\n<\/div>\n\n\n\n<div class=\"wp-block-column has-background-highlight-light-background-color has-background is-layout-flow wp-block-column-is-layout-flow\" style=\"padding-top:var(--wp--preset--spacing--large);padding-right:var(--wp--preset--spacing--x-large);padding-bottom:var(--wp--preset--spacing--large);padding-left:var(--wp--preset--spacing--x-large)\">\n<p class=\"is-style-h3-surtitle\">\u00bfC\u00f3mo se elige el lugar de rodaje?<\/p>\n\n\n\n<p>Rodar en el sitio id\u00f3neo es primordial. Por lo tanto hay que poner un cuidado especial y barajar los criterios antes de lanzarse. Si desea rodar una pel\u00edcula y no encuentra el lugar ideal debe tener en cuenta que hay que barajar ciertos criterios para elegir el lugar id\u00f3neo.<\/p>\n\n\n\n<div class=\"wp-block-buttons is-layout-flex wp-block-buttons-is-layout-flex\">\n<div class=\"wp-block-button\"><a class=\"wp-block-button__link wp-element-button\" href=\"https:\/\/www.toulouse-tournages.fr\/es\/lugares-de-rodaje\/como-elegir-un-lugar-para-rodar\/\">Elegir el lugar de rodaje<\/a><\/div>\n<\/div>\n<\/div>\n<\/div>\n<\/div>\n","protected":false},"excerpt":{"rendered":"<p>Carnet de decorados Hemos establecido un carnet de decorados que muestra la gran diversidad de lugares para rodar por nuestro territorio que podr\u00e1n satisfacer a su producci\u00f3n por ser decorados inmejorables. \u00bfBusca un monumento hist\u00f3rico, un espacio natural o un edificio ultramoderno? No recorra todo el territorio franc\u00e9s. En Toulouse tenemos de todo. Decorado para [&hellip;]<\/p>\n","protected":false},"author":2,"featured_media":19714,"parent":0,"menu_order":0,"comment_status":"closed","ping_status":"closed","template":"templates\/editorial-content.php","meta":{"_acf_changed":false,"footnotes":""},"class_list":["post-20085","page","type-page","status-publish","has-post-thumbnail","hentry"],"acf":[],"yoast_head":"<!-- This site is optimized with the Yoast SEO plugin v27.1.1 - https:\/\/yoast.com\/product\/yoast-seo-wordpress\/ -->\n<title>Lugares de rodaje - Toulouse tournages<\/title>\n<meta name=\"description\" content=\"\u00bfEst\u00e1 buscando un lugar id\u00f3neo donde rodar su pel\u00edcula? Aqu\u00ed encontrar\u00e1 toda una lista de lugares que le podr\u00e1n inspirar.\" \/>\n<meta name=\"robots\" content=\"index, follow, max-snippet:-1, max-image-preview:large, max-video-preview:-1\" \/>\n<link rel=\"canonical\" href=\"https:\/\/www.toulouse-tournages.fr\/es\/lugares-de-rodaje\/\" \/>\n<meta property=\"og:locale\" content=\"es_ES\" \/>\n<meta property=\"og:type\" content=\"article\" \/>\n<meta property=\"og:title\" content=\"Lugares de rodaje - Toulouse tournages\" \/>\n<meta property=\"og:description\" content=\"\u00bfEst\u00e1 buscando un lugar id\u00f3neo donde rodar su pel\u00edcula? Aqu\u00ed encontrar\u00e1 toda una lista de lugares que le podr\u00e1n inspirar.\" \/>\n<meta property=\"og:url\" content=\"https:\/\/www.toulouse-tournages.fr\/es\/lugares-de-rodaje\/\" \/>\n<meta property=\"og:site_name\" content=\"Toulouse tournages\" \/>\n<meta property=\"article:modified_time\" content=\"2024-10-31T08:30:54+00:00\" \/>\n<meta property=\"og:image\" content=\"https:\/\/www.toulouse-tournages.fr\/assets\/uploads\/sites\/6\/2024\/09\/tournage-ma-part-de-gaulois.jpg\" \/>\n\t<meta property=\"og:image:width\" content=\"1920\" \/>\n\t<meta property=\"og:image:height\" content=\"1280\" \/>\n\t<meta property=\"og:image:type\" content=\"image\/jpeg\" \/>\n<meta name=\"twitter:card\" content=\"summary_large_image\" \/>\n<meta name=\"twitter:label1\" content=\"Tiempo de lectura\" \/>\n\t<meta name=\"twitter:data1\" content=\"3 minutos\" \/>\n<script type=\"application\/ld+json\" class=\"yoast-schema-graph\">{\"@context\":\"https:\/\/schema.org\",\"@graph\":[{\"@type\":\"WebPage\",\"@id\":\"https:\/\/www.toulouse-tournages.fr\/es\/lugares-de-rodaje\/\",\"url\":\"https:\/\/www.toulouse-tournages.fr\/es\/lugares-de-rodaje\/\",\"name\":\"Lugares de rodaje - Toulouse tournages\",\"isPartOf\":{\"@id\":\"https:\/\/www.toulouse-tournages.fr\/es\/#website\"},\"primaryImageOfPage\":{\"@id\":\"https:\/\/www.toulouse-tournages.fr\/es\/lugares-de-rodaje\/#primaryimage\"},\"image\":{\"@id\":\"https:\/\/www.toulouse-tournages.fr\/es\/lugares-de-rodaje\/#primaryimage\"},\"thumbnailUrl\":\"https:\/\/www.toulouse-tournages.fr\/assets\/uploads\/sites\/6\/2024\/09\/tournage-ma-part-de-gaulois.jpg\",\"datePublished\":\"2024-08-14T08:23:42+00:00\",\"dateModified\":\"2024-10-31T08:30:54+00:00\",\"description\":\"\u00bfEst\u00e1 buscando un lugar id\u00f3neo donde rodar su pel\u00edcula? Aqu\u00ed encontrar\u00e1 toda una lista de lugares que le podr\u00e1n inspirar.\",\"breadcrumb\":{\"@id\":\"https:\/\/www.toulouse-tournages.fr\/es\/lugares-de-rodaje\/#breadcrumb\"},\"inLanguage\":\"es\",\"potentialAction\":[{\"@type\":\"ReadAction\",\"target\":[\"https:\/\/www.toulouse-tournages.fr\/es\/lugares-de-rodaje\/\"]}]},{\"@type\":\"ImageObject\",\"inLanguage\":\"es\",\"@id\":\"https:\/\/www.toulouse-tournages.fr\/es\/lugares-de-rodaje\/#primaryimage\",\"url\":\"https:\/\/www.toulouse-tournages.fr\/assets\/uploads\/sites\/6\/2024\/09\/tournage-ma-part-de-gaulois.jpg\",\"contentUrl\":\"https:\/\/www.toulouse-tournages.fr\/assets\/uploads\/sites\/6\/2024\/09\/tournage-ma-part-de-gaulois.jpg\",\"width\":1920,\"height\":1280,\"caption\":\"Tournage long m\u00e9trage \\\"Ma part de Gaulois\\\" \u00a9 R\u00e9mi Deligeon\"},{\"@type\":\"BreadcrumbList\",\"@id\":\"https:\/\/www.toulouse-tournages.fr\/es\/lugares-de-rodaje\/#breadcrumb\",\"itemListElement\":[{\"@type\":\"ListItem\",\"position\":1,\"name\":\"Accueil\",\"item\":\"https:\/\/www.toulouse-tournages.fr\/es\/\"},{\"@type\":\"ListItem\",\"position\":2,\"name\":\"Lugares de rodaje\"}]},{\"@type\":\"WebSite\",\"@id\":\"https:\/\/www.toulouse-tournages.fr\/es\/#website\",\"url\":\"https:\/\/www.toulouse-tournages.fr\/es\/\",\"name\":\"Toulouse tournages\",\"description\":\"\",\"potentialAction\":[{\"@type\":\"SearchAction\",\"target\":{\"@type\":\"EntryPoint\",\"urlTemplate\":\"https:\/\/www.toulouse-tournages.fr\/es\/?s={search_term_string}\"},\"query-input\":{\"@type\":\"PropertyValueSpecification\",\"valueRequired\":true,\"valueName\":\"search_term_string\"}}],\"inLanguage\":\"es\"}]}<\/script>\n<!-- \/ Yoast SEO plugin. -->","yoast_head_json":{"title":"Lugares de rodaje - Toulouse tournages","description":"\u00bfEst\u00e1 buscando un lugar id\u00f3neo donde rodar su pel\u00edcula? Aqu\u00ed encontrar\u00e1 toda una lista de lugares que le podr\u00e1n inspirar.","robots":{"index":"index","follow":"follow","max-snippet":"max-snippet:-1","max-image-preview":"max-image-preview:large","max-video-preview":"max-video-preview:-1"},"canonical":"https:\/\/www.toulouse-tournages.fr\/es\/lugares-de-rodaje\/","og_locale":"es_ES","og_type":"article","og_title":"Lugares de rodaje - Toulouse tournages","og_description":"\u00bfEst\u00e1 buscando un lugar id\u00f3neo donde rodar su pel\u00edcula? Aqu\u00ed encontrar\u00e1 toda una lista de lugares que le podr\u00e1n inspirar.","og_url":"https:\/\/www.toulouse-tournages.fr\/es\/lugares-de-rodaje\/","og_site_name":"Toulouse tournages","article_modified_time":"2024-10-31T08:30:54+00:00","og_image":[{"width":1920,"height":1280,"url":"https:\/\/www.toulouse-tournages.fr\/assets\/uploads\/sites\/6\/2024\/09\/tournage-ma-part-de-gaulois.jpg","type":"image\/jpeg"}],"twitter_card":"summary_large_image","twitter_misc":{"Tiempo de lectura":"3 minutos"},"schema":{"@context":"https:\/\/schema.org","@graph":[{"@type":"WebPage","@id":"https:\/\/www.toulouse-tournages.fr\/es\/lugares-de-rodaje\/","url":"https:\/\/www.toulouse-tournages.fr\/es\/lugares-de-rodaje\/","name":"Lugares de rodaje - Toulouse tournages","isPartOf":{"@id":"https:\/\/www.toulouse-tournages.fr\/es\/#website"},"primaryImageOfPage":{"@id":"https:\/\/www.toulouse-tournages.fr\/es\/lugares-de-rodaje\/#primaryimage"},"image":{"@id":"https:\/\/www.toulouse-tournages.fr\/es\/lugares-de-rodaje\/#primaryimage"},"thumbnailUrl":"https:\/\/www.toulouse-tournages.fr\/assets\/uploads\/sites\/6\/2024\/09\/tournage-ma-part-de-gaulois.jpg","datePublished":"2024-08-14T08:23:42+00:00","dateModified":"2024-10-31T08:30:54+00:00","description":"\u00bfEst\u00e1 buscando un lugar id\u00f3neo donde rodar su pel\u00edcula? Aqu\u00ed encontrar\u00e1 toda una lista de lugares que le podr\u00e1n inspirar.","breadcrumb":{"@id":"https:\/\/www.toulouse-tournages.fr\/es\/lugares-de-rodaje\/#breadcrumb"},"inLanguage":"es","potentialAction":[{"@type":"ReadAction","target":["https:\/\/www.toulouse-tournages.fr\/es\/lugares-de-rodaje\/"]}]},{"@type":"ImageObject","inLanguage":"es","@id":"https:\/\/www.toulouse-tournages.fr\/es\/lugares-de-rodaje\/#primaryimage","url":"https:\/\/www.toulouse-tournages.fr\/assets\/uploads\/sites\/6\/2024\/09\/tournage-ma-part-de-gaulois.jpg","contentUrl":"https:\/\/www.toulouse-tournages.fr\/assets\/uploads\/sites\/6\/2024\/09\/tournage-ma-part-de-gaulois.jpg","width":1920,"height":1280,"caption":"Tournage long m\u00e9trage \"Ma part de Gaulois\" \u00a9 R\u00e9mi Deligeon"},{"@type":"BreadcrumbList","@id":"https:\/\/www.toulouse-tournages.fr\/es\/lugares-de-rodaje\/#breadcrumb","itemListElement":[{"@type":"ListItem","position":1,"name":"Accueil","item":"https:\/\/www.toulouse-tournages.fr\/es\/"},{"@type":"ListItem","position":2,"name":"Lugares de rodaje"}]},{"@type":"WebSite","@id":"https:\/\/www.toulouse-tournages.fr\/es\/#website","url":"https:\/\/www.toulouse-tournages.fr\/es\/","name":"Toulouse tournages","description":"","potentialAction":[{"@type":"SearchAction","target":{"@type":"EntryPoint","urlTemplate":"https:\/\/www.toulouse-tournages.fr\/es\/?s={search_term_string}"},"query-input":{"@type":"PropertyValueSpecification","valueRequired":true,"valueName":"search_term_string"}}],"inLanguage":"es"}]}},"_links":{"self":[{"href":"https:\/\/www.toulouse-tournages.fr\/es\/wp-json\/wp\/v2\/pages\/20085","targetHints":{"allow":["GET"]}}],"collection":[{"href":"https:\/\/www.toulouse-tournages.fr\/es\/wp-json\/wp\/v2\/pages"}],"about":[{"href":"https:\/\/www.toulouse-tournages.fr\/es\/wp-json\/wp\/v2\/types\/page"}],"author":[{"embeddable":true,"href":"https:\/\/www.toulouse-tournages.fr\/es\/wp-json\/wp\/v2\/users\/2"}],"replies":[{"embeddable":true,"href":"https:\/\/www.toulouse-tournages.fr\/es\/wp-json\/wp\/v2\/comments?post=20085"}],"version-history":[{"count":0,"href":"https:\/\/www.toulouse-tournages.fr\/es\/wp-json\/wp\/v2\/pages\/20085\/revisions"}],"wp:featuredmedia":[{"embeddable":true,"href":"https:\/\/www.toulouse-tournages.fr\/es\/wp-json\/wp\/v2\/media\/19714"}],"wp:attachment":[{"href":"https:\/\/www.toulouse-tournages.fr\/es\/wp-json\/wp\/v2\/media?parent=20085"}],"curies":[{"name":"wp","href":"https:\/\/api.w.org\/{rel}","templated":true}]}}