{"id":20088,"date":"2024-10-10T16:06:55","date_gmt":"2024-10-10T14:06:55","guid":{"rendered":"https:\/\/www.toulouse-tournages.fr\/lugares-de-rodaje\/locations-for-your-shoot\/"},"modified":"2024-10-31T09:26:44","modified_gmt":"2024-10-31T08:26:44","slug":"encontrar-un-decorado-para-su-rodaje","status":"publish","type":"page","link":"https:\/\/www.toulouse-tournages.fr\/es\/lugares-de-rodaje\/encontrar-un-decorado-para-su-rodaje\/","title":{"rendered":"Encontrar un decorado para su rodaje"},"content":{"rendered":"\n<div class=\"wp-block-group has-global-padding is-layout-constrained wp-block-group-is-layout-constrained\">\n<p>En Toulouse son numerosas las posibilidades de que cada rodaje sea \u00fanico. Aqu\u00ed les presentamos una selecci\u00f3n de decorados que pueden darle ideas para su gui\u00f3n, el ambiente que se busca facilit\u00e1ndole la b\u00fasqueda de exteriores in situ.<\/p>\n\n\n\n<p>Tambi\u00e9n podemos examinar sus especiales sugestiones.<\/p>\n\n\n\n<div class=\"wp-block-buttons is-layout-flex wp-block-buttons-is-layout-flex\">\n<div class=\"wp-block-button\"><a class=\"wp-block-button__link wp-element-button\" href=\"https:\/\/www.toulouse-tournages.fr\/lieux-de-tournages\/trouver-des-decors-pour-votre-tournage\/\">Buscar un decorado (en franc\u00e9s)<\/a><\/div>\n<\/div>\n<\/div>\n","protected":false},"excerpt":{"rendered":"<p>En Toulouse son numerosas las posibilidades de que cada rodaje sea \u00fanico. Aqu\u00ed les presentamos una selecci\u00f3n de decorados que pueden darle ideas para su gui\u00f3n, el ambiente que se busca facilit\u00e1ndole la b\u00fasqueda de exteriores in situ. Tambi\u00e9n podemos examinar sus especiales sugestiones.<\/p>\n","protected":false},"author":3,"featured_media":18941,"parent":20085,"menu_order":0,"comment_status":"closed","ping_status":"closed","template":"templates\/editorial-content.php","meta":{"_acf_changed":false,"footnotes":""},"class_list":["post-20088","page","type-page","status-publish","has-post-thumbnail","hentry"],"acf":[],"yoast_head":"<!-- This site is optimized with the Yoast SEO plugin v27.1.1 - https:\/\/yoast.com\/product\/yoast-seo-wordpress\/ -->\n<title>Encontrar un decorado para su rodaje - Toulouse tournages<\/title>\n<meta name=\"description\" content=\"With wide Haussmann boulevards, medieval architecture and industrial sites Toulouse offers a multitude of settings that are ideal for filming.\" \/>\n<meta name=\"robots\" content=\"index, follow, max-snippet:-1, max-image-preview:large, max-video-preview:-1\" \/>\n<link rel=\"canonical\" href=\"https:\/\/www.toulouse-tournages.fr\/es\/lugares-de-rodaje\/encontrar-un-decorado-para-su-rodaje\/\" \/>\n<meta property=\"og:locale\" content=\"es_ES\" \/>\n<meta property=\"og:type\" content=\"article\" \/>\n<meta property=\"og:title\" content=\"Encontrar un decorado para su rodaje - Toulouse tournages\" \/>\n<meta property=\"og:description\" content=\"With wide Haussmann boulevards, medieval architecture and industrial sites Toulouse offers a multitude of settings that are ideal for filming.\" \/>\n<meta property=\"og:url\" content=\"https:\/\/www.toulouse-tournages.fr\/es\/lugares-de-rodaje\/encontrar-un-decorado-para-su-rodaje\/\" \/>\n<meta property=\"og:site_name\" content=\"Toulouse tournages\" \/>\n<meta property=\"article:modified_time\" content=\"2024-10-31T08:26:44+00:00\" \/>\n<meta property=\"og:image\" content=\"https:\/\/www.toulouse-tournages.fr\/assets\/uploads\/sites\/6\/2024\/09\/tournage-waltair-veerayya.jpg\" \/>\n\t<meta property=\"og:image:width\" content=\"1920\" \/>\n\t<meta property=\"og:image:height\" content=\"1081\" \/>\n\t<meta property=\"og:image:type\" content=\"image\/jpeg\" \/>\n<meta name=\"twitter:card\" content=\"summary_large_image\" \/>\n<meta name=\"twitter:label1\" content=\"Tiempo de lectura\" \/>\n\t<meta name=\"twitter:data1\" content=\"1 minuto\" \/>\n<script type=\"application\/ld+json\" class=\"yoast-schema-graph\">{\"@context\":\"https:\/\/schema.org\",\"@graph\":[{\"@type\":\"WebPage\",\"@id\":\"https:\/\/www.toulouse-tournages.fr\/es\/lugares-de-rodaje\/encontrar-un-decorado-para-su-rodaje\/\",\"url\":\"https:\/\/www.toulouse-tournages.fr\/es\/lugares-de-rodaje\/encontrar-un-decorado-para-su-rodaje\/\",\"name\":\"Encontrar un decorado para su rodaje - Toulouse tournages\",\"isPartOf\":{\"@id\":\"https:\/\/www.toulouse-tournages.fr\/es\/#website\"},\"primaryImageOfPage\":{\"@id\":\"https:\/\/www.toulouse-tournages.fr\/es\/lugares-de-rodaje\/encontrar-un-decorado-para-su-rodaje\/#primaryimage\"},\"image\":{\"@id\":\"https:\/\/www.toulouse-tournages.fr\/es\/lugares-de-rodaje\/encontrar-un-decorado-para-su-rodaje\/#primaryimage\"},\"thumbnailUrl\":\"https:\/\/www.toulouse-tournages.fr\/assets\/uploads\/sites\/6\/2024\/09\/tournage-waltair-veerayya.jpg\",\"datePublished\":\"2024-10-10T14:06:55+00:00\",\"dateModified\":\"2024-10-31T08:26:44+00:00\",\"description\":\"With wide Haussmann boulevards, medieval architecture and industrial sites Toulouse offers a multitude of settings that are ideal for filming.\",\"breadcrumb\":{\"@id\":\"https:\/\/www.toulouse-tournages.fr\/es\/lugares-de-rodaje\/encontrar-un-decorado-para-su-rodaje\/#breadcrumb\"},\"inLanguage\":\"es\",\"potentialAction\":[{\"@type\":\"ReadAction\",\"target\":[\"https:\/\/www.toulouse-tournages.fr\/es\/lugares-de-rodaje\/encontrar-un-decorado-para-su-rodaje\/\"]}]},{\"@type\":\"ImageObject\",\"inLanguage\":\"es\",\"@id\":\"https:\/\/www.toulouse-tournages.fr\/es\/lugares-de-rodaje\/encontrar-un-decorado-para-su-rodaje\/#primaryimage\",\"url\":\"https:\/\/www.toulouse-tournages.fr\/assets\/uploads\/sites\/6\/2024\/09\/tournage-waltair-veerayya.jpg\",\"contentUrl\":\"https:\/\/www.toulouse-tournages.fr\/assets\/uploads\/sites\/6\/2024\/09\/tournage-waltair-veerayya.jpg\",\"width\":1920,\"height\":1081,\"caption\":\"Tournage de Waltair Veerayya \u00a9 R\u00e9mi Deligeon\"},{\"@type\":\"BreadcrumbList\",\"@id\":\"https:\/\/www.toulouse-tournages.fr\/es\/lugares-de-rodaje\/encontrar-un-decorado-para-su-rodaje\/#breadcrumb\",\"itemListElement\":[{\"@type\":\"ListItem\",\"position\":1,\"name\":\"Accueil\",\"item\":\"https:\/\/www.toulouse-tournages.fr\/es\/\"},{\"@type\":\"ListItem\",\"position\":2,\"name\":\"Lugares de rodaje\",\"item\":\"https:\/\/www.toulouse-tournages.fr\/es\/lugares-de-rodaje\/\"},{\"@type\":\"ListItem\",\"position\":3,\"name\":\"Encontrar un decorado para su rodaje\"}]},{\"@type\":\"WebSite\",\"@id\":\"https:\/\/www.toulouse-tournages.fr\/es\/#website\",\"url\":\"https:\/\/www.toulouse-tournages.fr\/es\/\",\"name\":\"Toulouse tournages\",\"description\":\"\",\"potentialAction\":[{\"@type\":\"SearchAction\",\"target\":{\"@type\":\"EntryPoint\",\"urlTemplate\":\"https:\/\/www.toulouse-tournages.fr\/es\/?s={search_term_string}\"},\"query-input\":{\"@type\":\"PropertyValueSpecification\",\"valueRequired\":true,\"valueName\":\"search_term_string\"}}],\"inLanguage\":\"es\"}]}<\/script>\n<!-- \/ Yoast SEO plugin. -->","yoast_head_json":{"title":"Encontrar un decorado para su rodaje - Toulouse tournages","description":"With wide Haussmann boulevards, medieval architecture and industrial sites Toulouse offers a multitude of settings that are ideal for filming.","robots":{"index":"index","follow":"follow","max-snippet":"max-snippet:-1","max-image-preview":"max-image-preview:large","max-video-preview":"max-video-preview:-1"},"canonical":"https:\/\/www.toulouse-tournages.fr\/es\/lugares-de-rodaje\/encontrar-un-decorado-para-su-rodaje\/","og_locale":"es_ES","og_type":"article","og_title":"Encontrar un decorado para su rodaje - Toulouse tournages","og_description":"With wide Haussmann boulevards, medieval architecture and industrial sites Toulouse offers a multitude of settings that are ideal for filming.","og_url":"https:\/\/www.toulouse-tournages.fr\/es\/lugares-de-rodaje\/encontrar-un-decorado-para-su-rodaje\/","og_site_name":"Toulouse tournages","article_modified_time":"2024-10-31T08:26:44+00:00","og_image":[{"width":1920,"height":1081,"url":"https:\/\/www.toulouse-tournages.fr\/assets\/uploads\/sites\/6\/2024\/09\/tournage-waltair-veerayya.jpg","type":"image\/jpeg"}],"twitter_card":"summary_large_image","twitter_misc":{"Tiempo de lectura":"1 minuto"},"schema":{"@context":"https:\/\/schema.org","@graph":[{"@type":"WebPage","@id":"https:\/\/www.toulouse-tournages.fr\/es\/lugares-de-rodaje\/encontrar-un-decorado-para-su-rodaje\/","url":"https:\/\/www.toulouse-tournages.fr\/es\/lugares-de-rodaje\/encontrar-un-decorado-para-su-rodaje\/","name":"Encontrar un decorado para su rodaje - Toulouse tournages","isPartOf":{"@id":"https:\/\/www.toulouse-tournages.fr\/es\/#website"},"primaryImageOfPage":{"@id":"https:\/\/www.toulouse-tournages.fr\/es\/lugares-de-rodaje\/encontrar-un-decorado-para-su-rodaje\/#primaryimage"},"image":{"@id":"https:\/\/www.toulouse-tournages.fr\/es\/lugares-de-rodaje\/encontrar-un-decorado-para-su-rodaje\/#primaryimage"},"thumbnailUrl":"https:\/\/www.toulouse-tournages.fr\/assets\/uploads\/sites\/6\/2024\/09\/tournage-waltair-veerayya.jpg","datePublished":"2024-10-10T14:06:55+00:00","dateModified":"2024-10-31T08:26:44+00:00","description":"With wide Haussmann boulevards, medieval architecture and industrial sites Toulouse offers a multitude of settings that are ideal for filming.","breadcrumb":{"@id":"https:\/\/www.toulouse-tournages.fr\/es\/lugares-de-rodaje\/encontrar-un-decorado-para-su-rodaje\/#breadcrumb"},"inLanguage":"es","potentialAction":[{"@type":"ReadAction","target":["https:\/\/www.toulouse-tournages.fr\/es\/lugares-de-rodaje\/encontrar-un-decorado-para-su-rodaje\/"]}]},{"@type":"ImageObject","inLanguage":"es","@id":"https:\/\/www.toulouse-tournages.fr\/es\/lugares-de-rodaje\/encontrar-un-decorado-para-su-rodaje\/#primaryimage","url":"https:\/\/www.toulouse-tournages.fr\/assets\/uploads\/sites\/6\/2024\/09\/tournage-waltair-veerayya.jpg","contentUrl":"https:\/\/www.toulouse-tournages.fr\/assets\/uploads\/sites\/6\/2024\/09\/tournage-waltair-veerayya.jpg","width":1920,"height":1081,"caption":"Tournage de Waltair Veerayya \u00a9 R\u00e9mi Deligeon"},{"@type":"BreadcrumbList","@id":"https:\/\/www.toulouse-tournages.fr\/es\/lugares-de-rodaje\/encontrar-un-decorado-para-su-rodaje\/#breadcrumb","itemListElement":[{"@type":"ListItem","position":1,"name":"Accueil","item":"https:\/\/www.toulouse-tournages.fr\/es\/"},{"@type":"ListItem","position":2,"name":"Lugares de rodaje","item":"https:\/\/www.toulouse-tournages.fr\/es\/lugares-de-rodaje\/"},{"@type":"ListItem","position":3,"name":"Encontrar un decorado para su rodaje"}]},{"@type":"WebSite","@id":"https:\/\/www.toulouse-tournages.fr\/es\/#website","url":"https:\/\/www.toulouse-tournages.fr\/es\/","name":"Toulouse tournages","description":"","potentialAction":[{"@type":"SearchAction","target":{"@type":"EntryPoint","urlTemplate":"https:\/\/www.toulouse-tournages.fr\/es\/?s={search_term_string}"},"query-input":{"@type":"PropertyValueSpecification","valueRequired":true,"valueName":"search_term_string"}}],"inLanguage":"es"}]}},"_links":{"self":[{"href":"https:\/\/www.toulouse-tournages.fr\/es\/wp-json\/wp\/v2\/pages\/20088","targetHints":{"allow":["GET"]}}],"collection":[{"href":"https:\/\/www.toulouse-tournages.fr\/es\/wp-json\/wp\/v2\/pages"}],"about":[{"href":"https:\/\/www.toulouse-tournages.fr\/es\/wp-json\/wp\/v2\/types\/page"}],"author":[{"embeddable":true,"href":"https:\/\/www.toulouse-tournages.fr\/es\/wp-json\/wp\/v2\/users\/3"}],"replies":[{"embeddable":true,"href":"https:\/\/www.toulouse-tournages.fr\/es\/wp-json\/wp\/v2\/comments?post=20088"}],"version-history":[{"count":0,"href":"https:\/\/www.toulouse-tournages.fr\/es\/wp-json\/wp\/v2\/pages\/20088\/revisions"}],"up":[{"embeddable":true,"href":"https:\/\/www.toulouse-tournages.fr\/es\/wp-json\/wp\/v2\/pages\/20085"}],"wp:featuredmedia":[{"embeddable":true,"href":"https:\/\/www.toulouse-tournages.fr\/es\/wp-json\/wp\/v2\/media\/18941"}],"wp:attachment":[{"href":"https:\/\/www.toulouse-tournages.fr\/es\/wp-json\/wp\/v2\/media?parent=20088"}],"curies":[{"name":"wp","href":"https:\/\/api.w.org\/{rel}","templated":true}]}}