{"id":20092,"date":"2024-09-13T14:43:26","date_gmt":"2024-09-13T12:43:26","guid":{"rendered":"https:\/\/www.toulouse-tournages.fr\/lugares-de-rodaje\/comment-choisir-son-lieu-de-tournage\/"},"modified":"2024-10-16T14:40:47","modified_gmt":"2024-10-16T12:40:47","slug":"como-elegir-un-lugar-para-rodar","status":"publish","type":"page","link":"https:\/\/www.toulouse-tournages.fr\/es\/lugares-de-rodaje\/como-elegir-un-lugar-para-rodar\/","title":{"rendered":"\u00bfC\u00f3mo elegir un lugar para rodar?"},"content":{"rendered":"\n<div class=\"wp-block-group has-global-padding is-layout-constrained wp-block-group-is-layout-constrained\">\n<p>Si desea rodar una pel\u00edcula y no encuentra el lugar ideal debe tener en cuenta que hay que barajar ciertos criterios para elegir el lugar id\u00f3neo. Entre los numerosos criterios para su pr\u00f3ximo rodaje destaca el hecho de elegir la ciudad de Toulouse. Y m\u00e1s especialmente, \u00bfpor qu\u00e9 esta elecci\u00f3n para su pr\u00f3xima pel\u00edcula?<\/p>\n\n\n\n<h2 class=\"wp-block-heading\">La importancia de seleccionar el lugar m\u00e1s adaptado<\/h2>\n\n\n\n<p>Para saber c\u00f3mo seleccionar el lugar de rodaje no basta con tener una idea en la mente y encontrar el lugar que se acopla a \u00e9l. Encontrar el lugar id\u00f3neo es capital para garantizar que la filmaci\u00f3n se haga en las mejores condiciones. Por tanto habr\u00e1 que escoger un lugar en funci\u00f3n del marco de su futura pel\u00edcula.<\/p>\n\n\n\n<p>Si su elecci\u00f3n se decanta por una gran ciudad sepa que tendr\u00e1 que obtener autorizaciones. Ante todo recuerde que el lugar debe adaptarse al marco de su film, pero tambi\u00e9n al material de rodaje. \u00bfEst\u00e1 buscando un lugar animado y din\u00e1mico o tranquilo y lejos del ruido de la ciudad?<\/p>\n\n\n\n<p>Formule las preguntas adecuadas para hallar el lugar id\u00f3neo para rodar. T\u00f3mese el tiempo que sea necesario. Nunca es bueno precipitarse. Uno de los elementos que retener es la meteorolog\u00eda y el clima.<\/p>\n<\/div>\n\n\n\n<div class=\"wp-block-group has-global-padding is-layout-constrained wp-block-group-is-layout-constrained\">\n<div class=\"wp-block-columns is-layout-flex wp-container-core-columns-is-layout-28f84493 wp-block-columns-is-layout-flex\">\n<div class=\"wp-block-column is-vertically-aligned-center is-layout-flow wp-block-column-is-layout-flow\">\n<figure data-wp-context=\"{&quot;imageId&quot;:&quot;6a074fc6f2e0f&quot;}\" data-wp-interactive=\"core\/image\" data-wp-key=\"6a074fc6f2e0f\" class=\"wp-block-image size-large wp-lightbox-container\"><img decoding=\"async\" width=\"1200\" height=\"800\" data-wp-class--hide=\"state.isContentHidden\" data-wp-class--show=\"state.isContentVisible\" data-wp-init=\"callbacks.setButtonStyles\" data-wp-on--click=\"actions.showLightbox\" data-wp-on--load=\"callbacks.setButtonStyles\" data-wp-on-window--resize=\"callbacks.setButtonStyles\" src=\"https:\/\/www.toulouse-tournages.fr\/assets\/uploads\/sites\/6\/2024\/09\/bord-de-garonne-1200x800.jpg\" alt=\"Les bords de Garonne et d\u00f4me de La Grave\" class=\"wp-image-17353\" srcset=\"https:\/\/www.toulouse-tournages.fr\/assets\/uploads\/sites\/6\/2024\/09\/bord-de-garonne-1200x800.jpg 1200w, https:\/\/www.toulouse-tournages.fr\/assets\/uploads\/sites\/6\/2024\/09\/bord-de-garonne-600x400.jpg 600w, https:\/\/www.toulouse-tournages.fr\/assets\/uploads\/sites\/6\/2024\/09\/bord-de-garonne-400x267.jpg 400w, https:\/\/www.toulouse-tournages.fr\/assets\/uploads\/sites\/6\/2024\/09\/bord-de-garonne-768x512.jpg 768w, https:\/\/www.toulouse-tournages.fr\/assets\/uploads\/sites\/6\/2024\/09\/bord-de-garonne-1536x1024.jpg 1536w, https:\/\/www.toulouse-tournages.fr\/assets\/uploads\/sites\/6\/2024\/09\/bord-de-garonne.jpg 1920w\" sizes=\"(max-width: 1200px) 100vw, 1200px\" \/><button\n\t\t\tclass=\"lightbox-trigger\"\n\t\t\ttype=\"button\"\n\t\t\taria-haspopup=\"dialog\"\n\t\t\taria-label=\"Agrandar\"\n\t\t\tdata-wp-init=\"callbacks.initTriggerButton\"\n\t\t\tdata-wp-on--click=\"actions.showLightbox\"\n\t\t\tdata-wp-style--right=\"state.imageButtonRight\"\n\t\t\tdata-wp-style--top=\"state.imageButtonTop\"\n\t\t>\n\t\t\t<svg xmlns=\"http:\/\/www.w3.org\/2000\/svg\" width=\"12\" height=\"12\" fill=\"none\" viewBox=\"0 0 12 12\">\n\t\t\t\t<path fill=\"#fff\" d=\"M2 0a2 2 0 0 0-2 2v2h1.5V2a.5.5 0 0 1 .5-.5h2V0H2Zm2 10.5H2a.5.5 0 0 1-.5-.5V8H0v2a2 2 0 0 0 2 2h2v-1.5ZM8 12v-1.5h2a.5.5 0 0 0 .5-.5V8H12v2a2 2 0 0 1-2 2H8Zm2-12a2 2 0 0 1 2 2v2h-1.5V2a.5.5 0 0 0-.5-.5H8V0h2Z\" \/>\n\t\t\t<\/svg>\n\t\t<\/button><figcaption class=\"wp-element-caption\">Bords de Garonne et d\u00f4me de La Grave \u00a9 R\u00e9mi Deligeon<\/figcaption><\/figure>\n<\/div>\n\n\n\n<div class=\"wp-block-column is-vertically-aligned-center is-layout-flow wp-block-column-is-layout-flow\">\n<h2 class=\"wp-block-heading\">el lugar de rodaje y la meteorolog\u00eda son primordiales<\/h2>\n\n\n\n<p>Entre los criterios que debe barajar para escoger el lugar de rodaje y la meteorolog\u00eda son primordiales. Hay que comprender que siempre es dif\u00edcil hacer tomas para una pel\u00edcula con tiempo lluvioso o con mucho viento. Algunas regiones francesas brindan un marco perfecto para rodajes por su clima agradable y benigno.<\/p>\n\n\n\n<p>Siempre es por tanto sensato elegir esas regiones si no quiere que su rodaje sea interrumpido sin cesar por las condiciones meteorol\u00f3gicas. Por ello siempre es m\u00e1s sensato, antes de instalar el material de rodaje, ir en b\u00fasqueda de localizaci\u00f3n de exteriores y analizar el entorno. As\u00ed sabr\u00e1 si su entorno ser\u00e1 el adecuado o no para su rodaje.<\/p>\n<\/div>\n<\/div>\n<\/div>\n\n\n\n<div class=\"wp-block-group has-global-padding is-layout-constrained wp-container-core-group-is-layout-f33b1245 wp-block-group-is-layout-constrained\" style=\"padding-top:var(--wp--preset--spacing--x-large);padding-right:var(--wp--preset--spacing--large);padding-bottom:var(--wp--preset--spacing--x-large);padding-left:var(--wp--preset--spacing--large)\">\n<section class=\"wp-block-group pattern-text-image has-global-padding is-layout-constrained wp-container-core-group-is-layout-c043b533 wp-block-group-is-layout-constrained\" style=\"padding-top:var(--wp--preset--spacing--x-large);padding-right:var(--wp--preset--spacing--large);padding-bottom:var(--wp--preset--spacing--x-large);padding-left:var(--wp--preset--spacing--large)\">\n<div class=\"wp-block-columns are-vertically-aligned-center is-style-outlined-content is-layout-flex wp-container-core-columns-is-layout-28f84493 wp-block-columns-is-layout-flex\">\n<div class=\"wp-block-column is-vertically-aligned-center pattern-text-image__content is-layout-flow wp-block-column-is-layout-flow\">\n<p class=\"is-style-h3-surtitle\">Destino de rodaje<\/p>\n\n\n\n<h2 class=\"wp-block-heading\">Toulouse, el destino ideal para cualquier rodaje<\/h2>\n\n\n\n<p>La ciudad de Toulouse se sit\u00faa en el Suroeste de Francia; cuenta con numerosos puntos fuertes que hacen de ella un destino privilegiado, tanto para los turistas como para los productores de pel\u00edculas.<\/p>\n\n\n\n<p>En Toulouse se encuentra todo lo que un productor quiere encontrar para hacer una filmaci\u00f3n: callejuelas con su t\u00edpica tranquilidad, grandes plazas con el bullicio caracter\u00edstico, casas blasonadas, etc. Adem\u00e1s el clima de Toulouse es apacible y suele ser soleado. Esta ciudad brinda condiciones \u00f3ptimas para cualquier tipo de pel\u00edcula que se desea rodar en ella.<\/p>\n<\/div>\n\n\n\n<div class=\"wp-block-column is-vertically-aligned-center pattern-text-image__media is-layout-flow wp-block-column-is-layout-flow\">\n<figure data-wp-context=\"{&quot;imageId&quot;:&quot;6a074fc7005e1&quot;}\" data-wp-interactive=\"core\/image\" data-wp-key=\"6a074fc7005e1\" class=\"wp-block-image size-full wp-lightbox-container\"><img decoding=\"async\" width=\"800\" height=\"1200\" data-wp-class--hide=\"state.isContentHidden\" data-wp-class--show=\"state.isContentVisible\" data-wp-init=\"callbacks.setButtonStyles\" data-wp-on--click=\"actions.showLightbox\" data-wp-on--load=\"callbacks.setButtonStyles\" data-wp-on-window--resize=\"callbacks.setButtonStyles\" src=\"https:\/\/www.toulouse-tournages.fr\/assets\/uploads\/sites\/6\/2024\/09\/toulouse-la-rue-du-taur.jpg\" alt=\"Toulouse, la rue du Taur\" class=\"wp-image-17355\" style=\"aspect-ratio:1;object-fit:cover\" srcset=\"https:\/\/www.toulouse-tournages.fr\/assets\/uploads\/sites\/6\/2024\/09\/toulouse-la-rue-du-taur.jpg 800w, https:\/\/www.toulouse-tournages.fr\/assets\/uploads\/sites\/6\/2024\/09\/toulouse-la-rue-du-taur-600x900.jpg 600w, https:\/\/www.toulouse-tournages.fr\/assets\/uploads\/sites\/6\/2024\/09\/toulouse-la-rue-du-taur-400x600.jpg 400w, https:\/\/www.toulouse-tournages.fr\/assets\/uploads\/sites\/6\/2024\/09\/toulouse-la-rue-du-taur-768x1152.jpg 768w\" sizes=\"(max-width: 800px) 100vw, 800px\" \/><button\n\t\t\tclass=\"lightbox-trigger\"\n\t\t\ttype=\"button\"\n\t\t\taria-haspopup=\"dialog\"\n\t\t\taria-label=\"Agrandar\"\n\t\t\tdata-wp-init=\"callbacks.initTriggerButton\"\n\t\t\tdata-wp-on--click=\"actions.showLightbox\"\n\t\t\tdata-wp-style--right=\"state.imageButtonRight\"\n\t\t\tdata-wp-style--top=\"state.imageButtonTop\"\n\t\t>\n\t\t\t<svg xmlns=\"http:\/\/www.w3.org\/2000\/svg\" width=\"12\" height=\"12\" fill=\"none\" viewBox=\"0 0 12 12\">\n\t\t\t\t<path fill=\"#fff\" d=\"M2 0a2 2 0 0 0-2 2v2h1.5V2a.5.5 0 0 1 .5-.5h2V0H2Zm2 10.5H2a.5.5 0 0 1-.5-.5V8H0v2a2 2 0 0 0 2 2h2v-1.5ZM8 12v-1.5h2a.5.5 0 0 0 .5-.5V8H12v2a2 2 0 0 1-2 2H8Zm2-12a2 2 0 0 1 2 2v2h-1.5V2a.5.5 0 0 0-.5-.5H8V0h2Z\" \/>\n\t\t\t<\/svg>\n\t\t<\/button><\/figure>\n<\/div>\n<\/div>\n<\/section>\n<\/div>\n\n\n\n<div class=\"wp-block-group has-global-padding is-layout-constrained wp-block-group-is-layout-constrained\">\n<p>Et si la dificultad que tiene es la de escoger su decorado, la ciudad de Toulouse pone a su disposici\u00f3n innumerables decorados de todo tipo que podr\u00e1 seleccionar en nuestra p\u00e1gina web. <strong>Por lo tanto, si no sabe d\u00f3nde realizar su rodaje para su pr\u00f3xima pel\u00edcula, \u00bfpor qu\u00e9 no venir a descubrir nuestra ciudad para hacer ciertas localizaciones?<\/strong><\/p>\n\n\n\n<p>Es primordial saber elegir el lugar donde se rueda y tomarse su tiempo para hacer las localizaciones de exteriores para saber cu\u00e1les son los sitios inmejorables para cada toma de la pel\u00edcula que se propone rodar.<\/p>\n\n\n\n<p>Es evidente que no hay que escoger un lugar de rodaje s\u00f3lo porque se piensa que ser\u00e1 el marco id\u00f3neo. Hay que sopesar elementos como el entorno, la meteorolog\u00eda, etc. Hay muchos lugares que se prestan perfectamente a un rodaje de largo o cortometraje, serie u otro tipo de film, pero si hay una ciudad que le seducir\u00e1 sin duda alguna, es la ciudad de Toulouse.<\/p>\n\n\n\n<div class=\"wp-block-buttons is-layout-flex wp-block-buttons-is-layout-flex\">\n<div class=\"wp-block-button\"><a class=\"wp-block-button__link wp-element-button\" href=\"https:\/\/www.toulouse-tournages.fr\/lieux-de-tournages\/trouver-des-decors-pour-votre-tournage\/\" target=\"_blank\" rel=\"noreferrer noopener\">Buscar un decorado (en franc\u00e9s)<\/a><\/div>\n<\/div>\n<\/div>\n","protected":false},"excerpt":{"rendered":"<p>Si desea rodar una pel\u00edcula y no encuentra el lugar ideal debe tener en cuenta que hay que barajar ciertos criterios para elegir el lugar id\u00f3neo. Entre los numerosos criterios para su pr\u00f3ximo rodaje destaca el hecho de elegir la ciudad de Toulouse. Y m\u00e1s especialmente, \u00bfpor qu\u00e9 esta elecci\u00f3n para su pr\u00f3xima pel\u00edcula? La [&hellip;]<\/p>\n","protected":false},"author":3,"featured_media":20093,"parent":20085,"menu_order":0,"comment_status":"closed","ping_status":"closed","template":"templates\/editorial-content.php","meta":{"_acf_changed":true,"footnotes":""},"class_list":["post-20092","page","type-page","status-publish","has-post-thumbnail","hentry"],"acf":[],"yoast_head":"<!-- This site is optimized with the Yoast SEO plugin v27.1.1 - https:\/\/yoast.com\/product\/yoast-seo-wordpress\/ -->\n<title>\u00bfC\u00f3mo elegir un lugar para rodar? - Toulouse tournages<\/title>\n<meta name=\"description\" content=\"Rodar en el sitio id\u00f3neo es primordial. Por lo tanto hay que poner un cuidado especial y barajar los criterios antes de lanzarse.\" \/>\n<meta name=\"robots\" content=\"index, follow, max-snippet:-1, max-image-preview:large, max-video-preview:-1\" \/>\n<link rel=\"canonical\" href=\"https:\/\/www.toulouse-tournages.fr\/es\/lugares-de-rodaje\/como-elegir-un-lugar-para-rodar\/\" \/>\n<meta property=\"og:locale\" content=\"es_ES\" \/>\n<meta property=\"og:type\" content=\"article\" \/>\n<meta property=\"og:title\" content=\"\u00bfC\u00f3mo elegir un lugar para rodar? - Toulouse tournages\" \/>\n<meta property=\"og:description\" content=\"Rodar en el sitio id\u00f3neo es primordial. Por lo tanto hay que poner un cuidado especial y barajar los criterios antes de lanzarse.\" \/>\n<meta property=\"og:url\" content=\"https:\/\/www.toulouse-tournages.fr\/es\/lugares-de-rodaje\/como-elegir-un-lugar-para-rodar\/\" \/>\n<meta property=\"og:site_name\" content=\"Toulouse tournages\" \/>\n<meta property=\"article:modified_time\" content=\"2024-10-16T12:40:47+00:00\" \/>\n<meta property=\"og:image\" content=\"https:\/\/www.toulouse-tournages.fr\/assets\/uploads\/sites\/6\/2024\/09\/comment-choir-lieux-tournage.jpg\" \/>\n\t<meta property=\"og:image:width\" content=\"1920\" \/>\n\t<meta property=\"og:image:height\" content=\"1280\" \/>\n\t<meta property=\"og:image:type\" content=\"image\/jpeg\" \/>\n<meta name=\"twitter:card\" content=\"summary_large_image\" \/>\n<meta name=\"twitter:label1\" content=\"Tiempo de lectura\" \/>\n\t<meta name=\"twitter:data1\" content=\"4 minutos\" \/>\n<script type=\"application\/ld+json\" class=\"yoast-schema-graph\">{\"@context\":\"https:\/\/schema.org\",\"@graph\":[{\"@type\":\"WebPage\",\"@id\":\"https:\/\/www.toulouse-tournages.fr\/es\/lugares-de-rodaje\/como-elegir-un-lugar-para-rodar\/\",\"url\":\"https:\/\/www.toulouse-tournages.fr\/es\/lugares-de-rodaje\/como-elegir-un-lugar-para-rodar\/\",\"name\":\"\u00bfC\u00f3mo elegir un lugar para rodar? - Toulouse tournages\",\"isPartOf\":{\"@id\":\"https:\/\/www.toulouse-tournages.fr\/es\/#website\"},\"primaryImageOfPage\":{\"@id\":\"https:\/\/www.toulouse-tournages.fr\/es\/lugares-de-rodaje\/como-elegir-un-lugar-para-rodar\/#primaryimage\"},\"image\":{\"@id\":\"https:\/\/www.toulouse-tournages.fr\/es\/lugares-de-rodaje\/como-elegir-un-lugar-para-rodar\/#primaryimage\"},\"thumbnailUrl\":\"https:\/\/www.toulouse-tournages.fr\/assets\/uploads\/sites\/6\/2024\/09\/comment-choir-lieux-tournage.jpg\",\"datePublished\":\"2024-09-13T12:43:26+00:00\",\"dateModified\":\"2024-10-16T12:40:47+00:00\",\"description\":\"Rodar en el sitio id\u00f3neo es primordial. Por lo tanto hay que poner un cuidado especial y barajar los criterios antes de lanzarse.\",\"breadcrumb\":{\"@id\":\"https:\/\/www.toulouse-tournages.fr\/es\/lugares-de-rodaje\/como-elegir-un-lugar-para-rodar\/#breadcrumb\"},\"inLanguage\":\"es\",\"potentialAction\":[{\"@type\":\"ReadAction\",\"target\":[\"https:\/\/www.toulouse-tournages.fr\/es\/lugares-de-rodaje\/como-elegir-un-lugar-para-rodar\/\"]}]},{\"@type\":\"ImageObject\",\"inLanguage\":\"es\",\"@id\":\"https:\/\/www.toulouse-tournages.fr\/es\/lugares-de-rodaje\/como-elegir-un-lugar-para-rodar\/#primaryimage\",\"url\":\"https:\/\/www.toulouse-tournages.fr\/assets\/uploads\/sites\/6\/2024\/09\/comment-choir-lieux-tournage.jpg\",\"contentUrl\":\"https:\/\/www.toulouse-tournages.fr\/assets\/uploads\/sites\/6\/2024\/09\/comment-choir-lieux-tournage.jpg\",\"width\":1920,\"height\":1280,\"caption\":\"Tournage de Patience Mon Amour - saison 2 \u00a9 R\u00e9mi Deligeon\"},{\"@type\":\"BreadcrumbList\",\"@id\":\"https:\/\/www.toulouse-tournages.fr\/es\/lugares-de-rodaje\/como-elegir-un-lugar-para-rodar\/#breadcrumb\",\"itemListElement\":[{\"@type\":\"ListItem\",\"position\":1,\"name\":\"Accueil\",\"item\":\"https:\/\/www.toulouse-tournages.fr\/es\/\"},{\"@type\":\"ListItem\",\"position\":2,\"name\":\"Lugares de rodaje\",\"item\":\"https:\/\/www.toulouse-tournages.fr\/es\/lugares-de-rodaje\/\"},{\"@type\":\"ListItem\",\"position\":3,\"name\":\"\u00bfC\u00f3mo elegir un lugar para rodar?\"}]},{\"@type\":\"WebSite\",\"@id\":\"https:\/\/www.toulouse-tournages.fr\/es\/#website\",\"url\":\"https:\/\/www.toulouse-tournages.fr\/es\/\",\"name\":\"Toulouse tournages\",\"description\":\"\",\"potentialAction\":[{\"@type\":\"SearchAction\",\"target\":{\"@type\":\"EntryPoint\",\"urlTemplate\":\"https:\/\/www.toulouse-tournages.fr\/es\/?s={search_term_string}\"},\"query-input\":{\"@type\":\"PropertyValueSpecification\",\"valueRequired\":true,\"valueName\":\"search_term_string\"}}],\"inLanguage\":\"es\"}]}<\/script>\n<!-- \/ Yoast SEO plugin. -->","yoast_head_json":{"title":"\u00bfC\u00f3mo elegir un lugar para rodar? - Toulouse tournages","description":"Rodar en el sitio id\u00f3neo es primordial. Por lo tanto hay que poner un cuidado especial y barajar los criterios antes de lanzarse.","robots":{"index":"index","follow":"follow","max-snippet":"max-snippet:-1","max-image-preview":"max-image-preview:large","max-video-preview":"max-video-preview:-1"},"canonical":"https:\/\/www.toulouse-tournages.fr\/es\/lugares-de-rodaje\/como-elegir-un-lugar-para-rodar\/","og_locale":"es_ES","og_type":"article","og_title":"\u00bfC\u00f3mo elegir un lugar para rodar? - Toulouse tournages","og_description":"Rodar en el sitio id\u00f3neo es primordial. Por lo tanto hay que poner un cuidado especial y barajar los criterios antes de lanzarse.","og_url":"https:\/\/www.toulouse-tournages.fr\/es\/lugares-de-rodaje\/como-elegir-un-lugar-para-rodar\/","og_site_name":"Toulouse tournages","article_modified_time":"2024-10-16T12:40:47+00:00","og_image":[{"width":1920,"height":1280,"url":"https:\/\/www.toulouse-tournages.fr\/assets\/uploads\/sites\/6\/2024\/09\/comment-choir-lieux-tournage.jpg","type":"image\/jpeg"}],"twitter_card":"summary_large_image","twitter_misc":{"Tiempo de lectura":"4 minutos"},"schema":{"@context":"https:\/\/schema.org","@graph":[{"@type":"WebPage","@id":"https:\/\/www.toulouse-tournages.fr\/es\/lugares-de-rodaje\/como-elegir-un-lugar-para-rodar\/","url":"https:\/\/www.toulouse-tournages.fr\/es\/lugares-de-rodaje\/como-elegir-un-lugar-para-rodar\/","name":"\u00bfC\u00f3mo elegir un lugar para rodar? - Toulouse tournages","isPartOf":{"@id":"https:\/\/www.toulouse-tournages.fr\/es\/#website"},"primaryImageOfPage":{"@id":"https:\/\/www.toulouse-tournages.fr\/es\/lugares-de-rodaje\/como-elegir-un-lugar-para-rodar\/#primaryimage"},"image":{"@id":"https:\/\/www.toulouse-tournages.fr\/es\/lugares-de-rodaje\/como-elegir-un-lugar-para-rodar\/#primaryimage"},"thumbnailUrl":"https:\/\/www.toulouse-tournages.fr\/assets\/uploads\/sites\/6\/2024\/09\/comment-choir-lieux-tournage.jpg","datePublished":"2024-09-13T12:43:26+00:00","dateModified":"2024-10-16T12:40:47+00:00","description":"Rodar en el sitio id\u00f3neo es primordial. Por lo tanto hay que poner un cuidado especial y barajar los criterios antes de lanzarse.","breadcrumb":{"@id":"https:\/\/www.toulouse-tournages.fr\/es\/lugares-de-rodaje\/como-elegir-un-lugar-para-rodar\/#breadcrumb"},"inLanguage":"es","potentialAction":[{"@type":"ReadAction","target":["https:\/\/www.toulouse-tournages.fr\/es\/lugares-de-rodaje\/como-elegir-un-lugar-para-rodar\/"]}]},{"@type":"ImageObject","inLanguage":"es","@id":"https:\/\/www.toulouse-tournages.fr\/es\/lugares-de-rodaje\/como-elegir-un-lugar-para-rodar\/#primaryimage","url":"https:\/\/www.toulouse-tournages.fr\/assets\/uploads\/sites\/6\/2024\/09\/comment-choir-lieux-tournage.jpg","contentUrl":"https:\/\/www.toulouse-tournages.fr\/assets\/uploads\/sites\/6\/2024\/09\/comment-choir-lieux-tournage.jpg","width":1920,"height":1280,"caption":"Tournage de Patience Mon Amour - saison 2 \u00a9 R\u00e9mi Deligeon"},{"@type":"BreadcrumbList","@id":"https:\/\/www.toulouse-tournages.fr\/es\/lugares-de-rodaje\/como-elegir-un-lugar-para-rodar\/#breadcrumb","itemListElement":[{"@type":"ListItem","position":1,"name":"Accueil","item":"https:\/\/www.toulouse-tournages.fr\/es\/"},{"@type":"ListItem","position":2,"name":"Lugares de rodaje","item":"https:\/\/www.toulouse-tournages.fr\/es\/lugares-de-rodaje\/"},{"@type":"ListItem","position":3,"name":"\u00bfC\u00f3mo elegir un lugar para rodar?"}]},{"@type":"WebSite","@id":"https:\/\/www.toulouse-tournages.fr\/es\/#website","url":"https:\/\/www.toulouse-tournages.fr\/es\/","name":"Toulouse tournages","description":"","potentialAction":[{"@type":"SearchAction","target":{"@type":"EntryPoint","urlTemplate":"https:\/\/www.toulouse-tournages.fr\/es\/?s={search_term_string}"},"query-input":{"@type":"PropertyValueSpecification","valueRequired":true,"valueName":"search_term_string"}}],"inLanguage":"es"}]}},"_links":{"self":[{"href":"https:\/\/www.toulouse-tournages.fr\/es\/wp-json\/wp\/v2\/pages\/20092","targetHints":{"allow":["GET"]}}],"collection":[{"href":"https:\/\/www.toulouse-tournages.fr\/es\/wp-json\/wp\/v2\/pages"}],"about":[{"href":"https:\/\/www.toulouse-tournages.fr\/es\/wp-json\/wp\/v2\/types\/page"}],"author":[{"embeddable":true,"href":"https:\/\/www.toulouse-tournages.fr\/es\/wp-json\/wp\/v2\/users\/3"}],"replies":[{"embeddable":true,"href":"https:\/\/www.toulouse-tournages.fr\/es\/wp-json\/wp\/v2\/comments?post=20092"}],"version-history":[{"count":0,"href":"https:\/\/www.toulouse-tournages.fr\/es\/wp-json\/wp\/v2\/pages\/20092\/revisions"}],"up":[{"embeddable":true,"href":"https:\/\/www.toulouse-tournages.fr\/es\/wp-json\/wp\/v2\/pages\/20085"}],"wp:featuredmedia":[{"embeddable":true,"href":"https:\/\/www.toulouse-tournages.fr\/es\/wp-json\/wp\/v2\/media\/20093"}],"wp:attachment":[{"href":"https:\/\/www.toulouse-tournages.fr\/es\/wp-json\/wp\/v2\/media?parent=20092"}],"curies":[{"name":"wp","href":"https:\/\/api.w.org\/{rel}","templated":true}]}}