{"id":20114,"date":"2024-08-26T15:59:05","date_gmt":"2024-08-26T13:59:05","guid":{"rendered":"https:\/\/www.toulouse-tournages.fr\/preparez-votre-tournage\/"},"modified":"2024-10-31T09:43:34","modified_gmt":"2024-10-31T08:43:34","slug":"prepare-su-rodaje","status":"publish","type":"page","link":"https:\/\/www.toulouse-tournages.fr\/es\/prepare-su-rodaje\/","title":{"rendered":"Prepare su rodaje"},"content":{"rendered":"\n<div class=\"wp-block-group has-global-padding is-layout-constrained wp-block-group-is-layout-constrained\">\n<div class=\"wp-block-columns is-layout-flex wp-container-core-columns-is-layout-28f84493 wp-block-columns-is-layout-flex\">\n<div class=\"wp-block-column is-layout-flow wp-block-column-is-layout-flow\">\n<h2 class=\"wp-block-heading\">Listas de prestatarios<\/h2>\n\n\n\n<p>\u00bfDesea hacer el rodaje de una pel\u00edcula, un anuncio o un documental? Toulouse tiene todos los prestatarios que pueda desear. Para los profesionales de la creaci\u00f3n, estudiantes, empresarios, productores o cineastas independientes que desean rodar en Toulouse, existen listas de prestatarios disponibles que proponen paquetes dise\u00f1ados para cualquier proyecto junto con los mejores asesores t\u00e9cnicos.<\/p>\n\n\n\n<div class=\"wp-block-buttons is-layout-flex wp-block-buttons-is-layout-flex\">\n<div class=\"wp-block-button\"><a class=\"wp-block-button__link wp-element-button\" href=\"https:\/\/www.toulouse-tournages.fr\/es\/prepare-su-rodaje\/rodar-en-toulouse-listas-de-prestatarios\/\">Prestatarios<\/a><\/div>\n<\/div>\n<\/div>\n\n\n\n<div class=\"wp-block-column is-layout-flow wp-block-column-is-layout-flow\">\n<h2 class=\"wp-block-heading\">\u00bfC\u00f3mo se obtienen los permisos para rodar?<\/h2>\n\n\n\n<p>Basta con rellenar el impreso de autorizaci\u00f3n en el que deben estar inscritos el nombre de la sociedad de producci\u00f3n, el director encargado de su realizaci\u00f3n, el tipo de proyecto y las fechas previstas. Si tiene ya alg\u00fan sitio localizado deber\u00e1 mencionarlo y expresar sus necesidades en materia de circulaci\u00f3n, aparcamiento, solicitud de material t\u00e9cnico o servicio de electricidad especial.<br>La solicitud en cuesti\u00f3n dar\u00e1 pie a una toma de contacto r\u00e1pida.<\/p>\n\n\n\n<div class=\"wp-block-buttons is-layout-flex wp-block-buttons-is-layout-flex\">\n<div class=\"wp-block-button\"><a class=\"wp-block-button__link wp-element-button\" href=\"https:\/\/www.toulouse-tournages.fr\/es\/prepare-su-rodaje\/como-obtener-las-autorizaciones-para-rodar-una-pelicula\/\">Las autorizaciones<\/a><\/div>\n<\/div>\n<\/div>\n<\/div>\n<\/div>\n\n\n\n<div class=\"wp-block-cover alignfull has-background-color has-text-color has-link-color wp-elements-360bbc165c8866f4c68f0ecb9f38d4b0\" style=\"padding-right:var(--wp--preset--spacing--large);padding-left:var(--wp--preset--spacing--large)\"><span aria-hidden=\"true\" class=\"wp-block-cover__background has-background-highlight-dark-background-color has-background-dim-20 has-background-dim\"><\/span><img decoding=\"async\" width=\"1920\" height=\"1280\" class=\"wp-block-cover__image-background wp-image-17359\" alt=\"Tournage de Patience Mon Amour - saison 2\" src=\"https:\/\/www.toulouse-tournages.fr\/assets\/uploads\/sites\/6\/2024\/09\/comment-choir-lieux-tournage.jpg\" data-object-fit=\"cover\" srcset=\"https:\/\/www.toulouse-tournages.fr\/assets\/uploads\/sites\/6\/2024\/09\/comment-choir-lieux-tournage.jpg 1920w, https:\/\/www.toulouse-tournages.fr\/assets\/uploads\/sites\/6\/2024\/09\/comment-choir-lieux-tournage-600x400.jpg 600w, https:\/\/www.toulouse-tournages.fr\/assets\/uploads\/sites\/6\/2024\/09\/comment-choir-lieux-tournage-1200x800.jpg 1200w, https:\/\/www.toulouse-tournages.fr\/assets\/uploads\/sites\/6\/2024\/09\/comment-choir-lieux-tournage-400x267.jpg 400w, https:\/\/www.toulouse-tournages.fr\/assets\/uploads\/sites\/6\/2024\/09\/comment-choir-lieux-tournage-768x512.jpg 768w, https:\/\/www.toulouse-tournages.fr\/assets\/uploads\/sites\/6\/2024\/09\/comment-choir-lieux-tournage-1536x1024.jpg 1536w\" sizes=\"(max-width: 1920px) 100vw, 1920px\" \/><div class=\"wp-block-cover__inner-container has-global-padding is-layout-constrained wp-container-core-cover-is-layout-9bb21028 wp-block-cover-is-layout-constrained\">\n<div class=\"wp-block-columns is-layout-flex wp-container-core-columns-is-layout-28f84493 wp-block-columns-is-layout-flex\">\n<div class=\"wp-block-column is-layout-flow wp-block-column-is-layout-flow\">\n<h2 class=\"wp-block-heading has-text-align-left is-style-h2 has-x-large-font-size\">La oficina de rodaje<\/h2>\n\n\n\n<p class=\"is-style-default\">La oficina de rodaje es un servicio de Toulouse Team, la agencia de atracci\u00f3n de Toulouse M\u00e9tropole. Tiene una ambici\u00f3n: hacer de Toulouse una referencia para los rodajes cinematogr\u00e1ficos.<\/p>\n\n\n\n<div class=\"wp-block-buttons is-layout-flex wp-block-buttons-is-layout-flex\">\n<div class=\"wp-block-button is-style-white\"><a class=\"wp-block-button__link wp-element-button\" href=\"https:\/\/www.toulouse-tournages.fr\/es\/objetivo-el-cine\/la-oficina-de-rodaje-de-toulouse\/\">La oficina de rodaje<\/a><\/div>\n<\/div>\n<\/div>\n\n\n\n<div class=\"wp-block-column is-layout-flow wp-block-column-is-layout-flow\"><\/div>\n\n\n\n<div class=\"wp-block-column is-layout-flow wp-block-column-is-layout-flow\"><\/div>\n<\/div>\n<\/div><\/div>\n\n\n\n<div class=\"wp-block-group has-global-padding is-layout-constrained wp-block-group-is-layout-constrained\">\n<div class=\"wp-block-columns is-layout-flex wp-container-core-columns-is-layout-28f84493 wp-block-columns-is-layout-flex\">\n<div class=\"wp-block-column is-vertically-aligned-center is-layout-flow wp-block-column-is-layout-flow\" style=\"flex-basis:50%\">\n<p class=\"is-style-h3-surtitle\">Pr\u00e1ctica<\/p>\n\n\n\n<ul class=\"wp-block-list\">\n<li><a href=\"https:\/\/www.toulouse-tournages.fr\/es\/prepare-su-rodaje\/derechos-de-imagen\/\">Derechos de imagen<\/a><\/li>\n\n\n\n<li><a href=\"https:\/\/www.toulouse-tournages.fr\/es\/prepare-su-rodaje\/realizar-tomas-con-un-dron\/\">Realizar tomas con un dron<\/a><\/li>\n<\/ul>\n<\/div>\n\n\n\n<div class=\"wp-block-column is-layout-flow wp-block-column-is-layout-flow\" style=\"flex-basis:50%\">\n<figure data-wp-context=\"{&quot;imageId&quot;:&quot;6a07ce14d5f53&quot;}\" data-wp-interactive=\"core\/image\" data-wp-key=\"6a07ce14d5f53\" class=\"wp-block-image size-full wp-lightbox-container\"><img decoding=\"async\" width=\"600\" height=\"450\" data-wp-class--hide=\"state.isContentHidden\" data-wp-class--show=\"state.isContentVisible\" data-wp-init=\"callbacks.setButtonStyles\" data-wp-on--click=\"actions.showLightbox\" data-wp-on--load=\"callbacks.setButtonStyles\" data-wp-on-window--resize=\"callbacks.setButtonStyles\" src=\"https:\/\/www.toulouse-tournages.fr\/assets\/uploads\/sites\/6\/2024\/09\/tournage-olympe.jpg\" alt=\"Tournage Olympe, une femme dans la r\u00e9volution\" class=\"wp-image-17966\" srcset=\"https:\/\/www.toulouse-tournages.fr\/assets\/uploads\/sites\/6\/2024\/09\/tournage-olympe.jpg 600w, https:\/\/www.toulouse-tournages.fr\/assets\/uploads\/sites\/6\/2024\/09\/tournage-olympe-400x300.jpg 400w\" sizes=\"(max-width: 600px) 100vw, 600px\" \/><button\n\t\t\tclass=\"lightbox-trigger\"\n\t\t\ttype=\"button\"\n\t\t\taria-haspopup=\"dialog\"\n\t\t\taria-label=\"Agrandar\"\n\t\t\tdata-wp-init=\"callbacks.initTriggerButton\"\n\t\t\tdata-wp-on--click=\"actions.showLightbox\"\n\t\t\tdata-wp-style--right=\"state.imageButtonRight\"\n\t\t\tdata-wp-style--top=\"state.imageButtonTop\"\n\t\t>\n\t\t\t<svg xmlns=\"http:\/\/www.w3.org\/2000\/svg\" width=\"12\" height=\"12\" fill=\"none\" viewBox=\"0 0 12 12\">\n\t\t\t\t<path fill=\"#fff\" d=\"M2 0a2 2 0 0 0-2 2v2h1.5V2a.5.5 0 0 1 .5-.5h2V0H2Zm2 10.5H2a.5.5 0 0 1-.5-.5V8H0v2a2 2 0 0 0 2 2h2v-1.5ZM8 12v-1.5h2a.5.5 0 0 0 .5-.5V8H12v2a2 2 0 0 1-2 2H8Zm2-12a2 2 0 0 1 2 2v2h-1.5V2a.5.5 0 0 0-.5-.5H8V0h2Z\" \/>\n\t\t\t<\/svg>\n\t\t<\/button><\/figure>\n<\/div>\n<\/div>\n<\/div>\n","protected":false},"excerpt":{"rendered":"<p>Listas de prestatarios \u00bfDesea hacer el rodaje de una pel\u00edcula, un anuncio o un documental? Toulouse tiene todos los prestatarios que pueda desear. Para los profesionales de la creaci\u00f3n, estudiantes, empresarios, productores o cineastas independientes que desean rodar en Toulouse, existen listas de prestatarios disponibles que proponen paquetes dise\u00f1ados para cualquier proyecto junto con los [&hellip;]<\/p>\n","protected":false},"author":2,"featured_media":22615,"parent":0,"menu_order":0,"comment_status":"closed","ping_status":"closed","template":"","meta":{"_acf_changed":false,"footnotes":""},"class_list":["post-20114","page","type-page","status-publish","has-post-thumbnail","hentry"],"acf":[],"yoast_head":"<!-- This site is optimized with the Yoast SEO plugin v27.1.1 - https:\/\/yoast.com\/product\/yoast-seo-wordpress\/ -->\n<title>Prepare su rodaje - Toulouse tournages<\/title>\n<meta name=\"description\" content=\"Nuestros equipos le proporcionar\u00e1n todo tipo de asesoramiento, ayuda o para obtener los permisos de rodar obligatorios.\" \/>\n<meta name=\"robots\" content=\"index, follow, max-snippet:-1, max-image-preview:large, max-video-preview:-1\" \/>\n<link rel=\"canonical\" href=\"https:\/\/www.toulouse-tournages.fr\/es\/prepare-su-rodaje\/\" \/>\n<meta property=\"og:locale\" content=\"es_ES\" \/>\n<meta property=\"og:type\" content=\"article\" \/>\n<meta property=\"og:title\" content=\"Prepare su rodaje - Toulouse tournages\" \/>\n<meta property=\"og:description\" content=\"Nuestros equipos le proporcionar\u00e1n todo tipo de asesoramiento, ayuda o para obtener los permisos de rodar obligatorios.\" \/>\n<meta property=\"og:url\" content=\"https:\/\/www.toulouse-tournages.fr\/es\/prepare-su-rodaje\/\" \/>\n<meta property=\"og:site_name\" content=\"Toulouse tournages\" \/>\n<meta property=\"article:modified_time\" content=\"2024-10-31T08:43:34+00:00\" \/>\n<meta property=\"og:image\" content=\"https:\/\/www.toulouse-tournages.fr\/assets\/uploads\/sites\/6\/2024\/10\/tournage-patience-mon-amour.jpg\" \/>\n\t<meta property=\"og:image:width\" content=\"1920\" \/>\n\t<meta property=\"og:image:height\" content=\"1212\" \/>\n\t<meta property=\"og:image:type\" content=\"image\/jpeg\" \/>\n<meta name=\"twitter:card\" content=\"summary_large_image\" \/>\n<meta name=\"twitter:label1\" content=\"Tiempo de lectura\" \/>\n\t<meta name=\"twitter:data1\" content=\"2 minutos\" \/>\n<script type=\"application\/ld+json\" class=\"yoast-schema-graph\">{\"@context\":\"https:\/\/schema.org\",\"@graph\":[{\"@type\":\"WebPage\",\"@id\":\"https:\/\/www.toulouse-tournages.fr\/es\/prepare-su-rodaje\/\",\"url\":\"https:\/\/www.toulouse-tournages.fr\/es\/prepare-su-rodaje\/\",\"name\":\"Prepare su rodaje - Toulouse tournages\",\"isPartOf\":{\"@id\":\"https:\/\/www.toulouse-tournages.fr\/es\/#website\"},\"primaryImageOfPage\":{\"@id\":\"https:\/\/www.toulouse-tournages.fr\/es\/prepare-su-rodaje\/#primaryimage\"},\"image\":{\"@id\":\"https:\/\/www.toulouse-tournages.fr\/es\/prepare-su-rodaje\/#primaryimage\"},\"thumbnailUrl\":\"https:\/\/www.toulouse-tournages.fr\/assets\/uploads\/sites\/6\/2024\/10\/tournage-patience-mon-amour.jpg\",\"datePublished\":\"2024-08-26T13:59:05+00:00\",\"dateModified\":\"2024-10-31T08:43:34+00:00\",\"description\":\"Nuestros equipos le proporcionar\u00e1n todo tipo de asesoramiento, ayuda o para obtener los permisos de rodar obligatorios.\",\"breadcrumb\":{\"@id\":\"https:\/\/www.toulouse-tournages.fr\/es\/prepare-su-rodaje\/#breadcrumb\"},\"inLanguage\":\"es\",\"potentialAction\":[{\"@type\":\"ReadAction\",\"target\":[\"https:\/\/www.toulouse-tournages.fr\/es\/prepare-su-rodaje\/\"]}]},{\"@type\":\"ImageObject\",\"inLanguage\":\"es\",\"@id\":\"https:\/\/www.toulouse-tournages.fr\/es\/prepare-su-rodaje\/#primaryimage\",\"url\":\"https:\/\/www.toulouse-tournages.fr\/assets\/uploads\/sites\/6\/2024\/10\/tournage-patience-mon-amour.jpg\",\"contentUrl\":\"https:\/\/www.toulouse-tournages.fr\/assets\/uploads\/sites\/6\/2024\/10\/tournage-patience-mon-amour.jpg\",\"width\":1920,\"height\":1212,\"caption\":\"Tournage Patience Mon Amour saison 2 \u00a9 R\u00e9mi Deligeon\"},{\"@type\":\"BreadcrumbList\",\"@id\":\"https:\/\/www.toulouse-tournages.fr\/es\/prepare-su-rodaje\/#breadcrumb\",\"itemListElement\":[{\"@type\":\"ListItem\",\"position\":1,\"name\":\"Accueil\",\"item\":\"https:\/\/www.toulouse-tournages.fr\/es\/\"},{\"@type\":\"ListItem\",\"position\":2,\"name\":\"Prepare su rodaje\"}]},{\"@type\":\"WebSite\",\"@id\":\"https:\/\/www.toulouse-tournages.fr\/es\/#website\",\"url\":\"https:\/\/www.toulouse-tournages.fr\/es\/\",\"name\":\"Toulouse tournages\",\"description\":\"\",\"potentialAction\":[{\"@type\":\"SearchAction\",\"target\":{\"@type\":\"EntryPoint\",\"urlTemplate\":\"https:\/\/www.toulouse-tournages.fr\/es\/?s={search_term_string}\"},\"query-input\":{\"@type\":\"PropertyValueSpecification\",\"valueRequired\":true,\"valueName\":\"search_term_string\"}}],\"inLanguage\":\"es\"}]}<\/script>\n<!-- \/ Yoast SEO plugin. -->","yoast_head_json":{"title":"Prepare su rodaje - Toulouse tournages","description":"Nuestros equipos le proporcionar\u00e1n todo tipo de asesoramiento, ayuda o para obtener los permisos de rodar obligatorios.","robots":{"index":"index","follow":"follow","max-snippet":"max-snippet:-1","max-image-preview":"max-image-preview:large","max-video-preview":"max-video-preview:-1"},"canonical":"https:\/\/www.toulouse-tournages.fr\/es\/prepare-su-rodaje\/","og_locale":"es_ES","og_type":"article","og_title":"Prepare su rodaje - Toulouse tournages","og_description":"Nuestros equipos le proporcionar\u00e1n todo tipo de asesoramiento, ayuda o para obtener los permisos de rodar obligatorios.","og_url":"https:\/\/www.toulouse-tournages.fr\/es\/prepare-su-rodaje\/","og_site_name":"Toulouse tournages","article_modified_time":"2024-10-31T08:43:34+00:00","og_image":[{"width":1920,"height":1212,"url":"https:\/\/www.toulouse-tournages.fr\/assets\/uploads\/sites\/6\/2024\/10\/tournage-patience-mon-amour.jpg","type":"image\/jpeg"}],"twitter_card":"summary_large_image","twitter_misc":{"Tiempo de lectura":"2 minutos"},"schema":{"@context":"https:\/\/schema.org","@graph":[{"@type":"WebPage","@id":"https:\/\/www.toulouse-tournages.fr\/es\/prepare-su-rodaje\/","url":"https:\/\/www.toulouse-tournages.fr\/es\/prepare-su-rodaje\/","name":"Prepare su rodaje - Toulouse tournages","isPartOf":{"@id":"https:\/\/www.toulouse-tournages.fr\/es\/#website"},"primaryImageOfPage":{"@id":"https:\/\/www.toulouse-tournages.fr\/es\/prepare-su-rodaje\/#primaryimage"},"image":{"@id":"https:\/\/www.toulouse-tournages.fr\/es\/prepare-su-rodaje\/#primaryimage"},"thumbnailUrl":"https:\/\/www.toulouse-tournages.fr\/assets\/uploads\/sites\/6\/2024\/10\/tournage-patience-mon-amour.jpg","datePublished":"2024-08-26T13:59:05+00:00","dateModified":"2024-10-31T08:43:34+00:00","description":"Nuestros equipos le proporcionar\u00e1n todo tipo de asesoramiento, ayuda o para obtener los permisos de rodar obligatorios.","breadcrumb":{"@id":"https:\/\/www.toulouse-tournages.fr\/es\/prepare-su-rodaje\/#breadcrumb"},"inLanguage":"es","potentialAction":[{"@type":"ReadAction","target":["https:\/\/www.toulouse-tournages.fr\/es\/prepare-su-rodaje\/"]}]},{"@type":"ImageObject","inLanguage":"es","@id":"https:\/\/www.toulouse-tournages.fr\/es\/prepare-su-rodaje\/#primaryimage","url":"https:\/\/www.toulouse-tournages.fr\/assets\/uploads\/sites\/6\/2024\/10\/tournage-patience-mon-amour.jpg","contentUrl":"https:\/\/www.toulouse-tournages.fr\/assets\/uploads\/sites\/6\/2024\/10\/tournage-patience-mon-amour.jpg","width":1920,"height":1212,"caption":"Tournage Patience Mon Amour saison 2 \u00a9 R\u00e9mi Deligeon"},{"@type":"BreadcrumbList","@id":"https:\/\/www.toulouse-tournages.fr\/es\/prepare-su-rodaje\/#breadcrumb","itemListElement":[{"@type":"ListItem","position":1,"name":"Accueil","item":"https:\/\/www.toulouse-tournages.fr\/es\/"},{"@type":"ListItem","position":2,"name":"Prepare su rodaje"}]},{"@type":"WebSite","@id":"https:\/\/www.toulouse-tournages.fr\/es\/#website","url":"https:\/\/www.toulouse-tournages.fr\/es\/","name":"Toulouse tournages","description":"","potentialAction":[{"@type":"SearchAction","target":{"@type":"EntryPoint","urlTemplate":"https:\/\/www.toulouse-tournages.fr\/es\/?s={search_term_string}"},"query-input":{"@type":"PropertyValueSpecification","valueRequired":true,"valueName":"search_term_string"}}],"inLanguage":"es"}]}},"_links":{"self":[{"href":"https:\/\/www.toulouse-tournages.fr\/es\/wp-json\/wp\/v2\/pages\/20114","targetHints":{"allow":["GET"]}}],"collection":[{"href":"https:\/\/www.toulouse-tournages.fr\/es\/wp-json\/wp\/v2\/pages"}],"about":[{"href":"https:\/\/www.toulouse-tournages.fr\/es\/wp-json\/wp\/v2\/types\/page"}],"author":[{"embeddable":true,"href":"https:\/\/www.toulouse-tournages.fr\/es\/wp-json\/wp\/v2\/users\/2"}],"replies":[{"embeddable":true,"href":"https:\/\/www.toulouse-tournages.fr\/es\/wp-json\/wp\/v2\/comments?post=20114"}],"version-history":[{"count":0,"href":"https:\/\/www.toulouse-tournages.fr\/es\/wp-json\/wp\/v2\/pages\/20114\/revisions"}],"wp:featuredmedia":[{"embeddable":true,"href":"https:\/\/www.toulouse-tournages.fr\/es\/wp-json\/wp\/v2\/media\/22615"}],"wp:attachment":[{"href":"https:\/\/www.toulouse-tournages.fr\/es\/wp-json\/wp\/v2\/media?parent=20114"}],"curies":[{"name":"wp","href":"https:\/\/api.w.org\/{rel}","templated":true}]}}