{"id":20116,"date":"2024-09-18T16:29:03","date_gmt":"2024-09-18T14:29:03","guid":{"rendered":"https:\/\/www.toulouse-tournages.fr\/prepare-su-rodaje\/comment-avoir-les-autorisations-pour-tourner-un-film\/"},"modified":"2024-10-16T15:42:14","modified_gmt":"2024-10-16T13:42:14","slug":"como-obtener-las-autorizaciones-para-rodar-una-pelicula","status":"publish","type":"page","link":"https:\/\/www.toulouse-tournages.fr\/es\/prepare-su-rodaje\/como-obtener-las-autorizaciones-para-rodar-una-pelicula\/","title":{"rendered":"\u00bfC\u00f3mo obtener las autorizaciones para rodar una pel\u00edcula?"},"content":{"rendered":"\n<div class=\"wp-block-group has-global-padding is-layout-constrained wp-block-group-is-layout-constrained\">\n<div class=\"wp-block-columns is-layout-flex wp-container-core-columns-is-layout-28f84493 wp-block-columns-is-layout-flex\">\n<div class=\"wp-block-column is-vertically-aligned-center is-layout-flow wp-block-column-is-layout-flow\" style=\"flex-basis:66.66%\">\n<p>El casco antiguo de Toulouse tiene una gran diversidad de lugares que visitar: el centro hist\u00f3rico, las callejuelas adoquinadas, la bas\u00edlica o su convento: todos posibles decorados magn\u00edficos para su rodaje.<\/p>\n\n\n\n<h3 class=\"wp-block-heading\">Estas son las normas para conseguir las autorizaciones<\/h3>\n\n\n\n<p>Toulouse propone una ayuda a los proyectos. La regi\u00f3n de Occitania es favorable a los rodajes; pero siempre que se ajusten a las autorizaciones municipales. Las reglas a seguir est\u00e1n destinadas a favorecer la seguridad y a que el rodaje se haga en las condiciones \u00f3ptimas.<\/p>\n\n\n\n<h4 class=\"wp-block-heading is-style-h4\">Y, \u00bfc\u00f3mo se obtienen esas autorizaciones para rodar?<\/h4>\n\n\n\n<p>Basta con rellenar el impreso de autorizaci\u00f3n en el que deben estar inscritos el nombre de la sociedad de producci\u00f3n, el director encargado de su realizaci\u00f3n, el tipo de proyecto y las fechas previstas.<\/p>\n\n\n\n<p>Si tiene ya alg\u00fan sitio localizado deber\u00e1 mencionarlo y expresar sus necesidades en materia de circulaci\u00f3n, aparcamiento, solicitud de material t\u00e9cnico o servicio de electricidad especial.<br>La solicitud en cuesti\u00f3n dar\u00e1 pie a una toma de contacto r\u00e1pida.<\/p>\n\n\n\n<p>La ciudad de Toulouse acoge favorablemente todo proyecto cinematogr\u00e1fico. Posee estructuras adecuadas para ayudarle en sus gestiones. La Ciudad Rosa har\u00e1 todo para simplificarle la vida.<\/p>\n<\/div>\n\n\n\n<div class=\"wp-block-column is-vertically-aligned-center is-layout-flow wp-block-column-is-layout-flow\" style=\"flex-basis:33.33%\">\n<figure data-wp-context=\"{&quot;imageId&quot;:&quot;6a074f930338c&quot;}\" data-wp-interactive=\"core\/image\" data-wp-key=\"6a074f930338c\" class=\"wp-block-image size-full wp-lightbox-container\"><img decoding=\"async\" width=\"800\" height=\"1200\" data-wp-class--hide=\"state.isContentHidden\" data-wp-class--show=\"state.isContentVisible\" data-wp-init=\"callbacks.setButtonStyles\" data-wp-on--click=\"actions.showLightbox\" data-wp-on--load=\"callbacks.setButtonStyles\" data-wp-on-window--resize=\"callbacks.setButtonStyles\" src=\"https:\/\/www.toulouse-tournages.fr\/assets\/uploads\/sites\/6\/2024\/09\/tournage-toulouse.jpg\" alt=\"Tournage Olympe, une femme dans la r\u00e9volution\" class=\"wp-image-17254\" style=\"aspect-ratio:3\/4;object-fit:cover\" srcset=\"https:\/\/www.toulouse-tournages.fr\/assets\/uploads\/sites\/6\/2024\/09\/tournage-toulouse.jpg 800w, https:\/\/www.toulouse-tournages.fr\/assets\/uploads\/sites\/6\/2024\/09\/tournage-toulouse-600x900.jpg 600w, https:\/\/www.toulouse-tournages.fr\/assets\/uploads\/sites\/6\/2024\/09\/tournage-toulouse-400x600.jpg 400w, https:\/\/www.toulouse-tournages.fr\/assets\/uploads\/sites\/6\/2024\/09\/tournage-toulouse-768x1152.jpg 768w\" sizes=\"(max-width: 800px) 100vw, 800px\" \/><button\n\t\t\tclass=\"lightbox-trigger\"\n\t\t\ttype=\"button\"\n\t\t\taria-haspopup=\"dialog\"\n\t\t\taria-label=\"Agrandar\"\n\t\t\tdata-wp-init=\"callbacks.initTriggerButton\"\n\t\t\tdata-wp-on--click=\"actions.showLightbox\"\n\t\t\tdata-wp-style--right=\"state.imageButtonRight\"\n\t\t\tdata-wp-style--top=\"state.imageButtonTop\"\n\t\t>\n\t\t\t<svg xmlns=\"http:\/\/www.w3.org\/2000\/svg\" width=\"12\" height=\"12\" fill=\"none\" viewBox=\"0 0 12 12\">\n\t\t\t\t<path fill=\"#fff\" d=\"M2 0a2 2 0 0 0-2 2v2h1.5V2a.5.5 0 0 1 .5-.5h2V0H2Zm2 10.5H2a.5.5 0 0 1-.5-.5V8H0v2a2 2 0 0 0 2 2h2v-1.5ZM8 12v-1.5h2a.5.5 0 0 0 .5-.5V8H12v2a2 2 0 0 1-2 2H8Zm2-12a2 2 0 0 1 2 2v2h-1.5V2a.5.5 0 0 0-.5-.5H8V0h2Z\" \/>\n\t\t\t<\/svg>\n\t\t<\/button><figcaption class=\"wp-element-caption\">Tournage Olympe, une femme dans la r\u00e9volution \u00a9 R\u00e9mi Deligeon<\/figcaption><\/figure>\n<\/div>\n<\/div>\n<\/div>\n\n\n\n<div class=\"wp-block-group has-global-padding is-layout-constrained wp-block-group-is-layout-constrained\">\n<h2 class=\"wp-block-heading\">Toulouse, la ciudad que le simplifica la vida<\/h2>\n\n\n\n<h3 class=\"wp-block-heading\">Una oficina de rodajes le est\u00e1 esperando y atender\u00e1 a sus deseos<\/h3>\n\n\n\n<p>Una oficina de rodajes le est\u00e1 esperando y atender\u00e1 a sus deseos.<\/p>\n\n\n\n<p>Un equipo con gran experiencia le ayudar\u00e1 en su localizaci\u00f3n de exteriores para sus tomas seg\u00fan el tipo de pel\u00edcula que desea rodar: ficci\u00f3n, acci\u00f3n, hist\u00f3rica, publicitaria, etc. Tambi\u00e9n sabr\u00e1 encontrarle nuevos decorados. Toulouse posee numerosos parque frondosos, m\u00e1s de 50 monumentos hist\u00f3ricos, 3 lugares declarados patrimonio mundial por la UNESCO, e incluso una Ciudad Espacial. Un abanico enorme de posibilidades para su rodaje\u2026<\/p>\n\n\n\n<p>El equipo es competente en materia de gesti\u00f3n de autorizaciones de rodar en la v\u00eda p\u00fablica y simplifica as\u00ed cualquier gesti\u00f3n oficial en materia de seguridad.<\/p>\n\n\n\n<p>La Agencia de Fomento de la Mancomunidad de Toulouse puede agrupar las diferentes intervenciones t\u00e9cnicas incluyendo las cuestiones de tr\u00e1fico, estacionamiento, cierre de acceso a ciertos lugares, regulaci\u00f3n viaria, iluminaci\u00f3n y cualquier otro imperativo inherente al rodaje. El equipo de rodaje trabaja as\u00ed con tranquilidad sin tener que ocuparse de tareas marginales que comen mucho tiempo.<\/p>\n\n\n\n<p>Toulouse tiene otros encantos. Como es la cuarta ciudad de Francia, tiene buenas comunicaciones que facilitan los desplazamientos de los equipos. Tiene igualmente varias escuelas audiovisuales con avezados profesionales.<\/p>\n\n\n\n<p>Toulouse y su oficina de rodajes son una baza importante para ayudar a los equipos cinematogr\u00e1ficos. La ciudad allana todas las dificultades t\u00e9cnicas que pudieran surgir proponiendo una ayuda personalizada y gratuita. Son varias las estructuras que pueden ponerse en marcha para ayudarle en su proyecto. No dude en consultarnos.<\/p>\n<\/div>\n\n\n\n<div class=\"wp-block-group has-global-padding is-layout-constrained wp-block-group-is-layout-constrained\">\n<div class=\"wp-block-buttons is-layout-flex wp-block-buttons-is-layout-flex\">\n<div class=\"wp-block-button\"><a class=\"wp-block-button__link wp-element-button\">Impreso \u00abSolicitud de rodar\u00bb<\/a><\/div>\n<\/div>\n<\/div>\n","protected":false},"excerpt":{"rendered":"<p>El casco antiguo de Toulouse tiene una gran diversidad de lugares que visitar: el centro hist\u00f3rico, las callejuelas adoquinadas, la bas\u00edlica o su convento: todos posibles decorados magn\u00edficos para su rodaje. Estas son las normas para conseguir las autorizaciones Toulouse propone una ayuda a los proyectos. La regi\u00f3n de Occitania es favorable a los rodajes; [&hellip;]<\/p>\n","protected":false},"author":3,"featured_media":20118,"parent":20114,"menu_order":0,"comment_status":"closed","ping_status":"closed","template":"","meta":{"_acf_changed":true,"footnotes":""},"class_list":["post-20116","page","type-page","status-publish","has-post-thumbnail","hentry"],"acf":[],"yoast_head":"<!-- This site is optimized with the Yoast SEO plugin v27.1.1 - https:\/\/yoast.com\/product\/yoast-seo-wordpress\/ -->\n<title>\u00bfC\u00f3mo obtener las autorizaciones para rodar una pel\u00edcula? - Toulouse tournages<\/title>\n<meta name=\"description\" content=\"La Ciudad Rosa consiente a todos los proyectos cinematogr\u00e1ficos. Est\u00e1 situada en el Suroeste, su clima es benigno y la ciudad desborda de vida y de cultura.\" \/>\n<meta name=\"robots\" content=\"index, follow, max-snippet:-1, max-image-preview:large, max-video-preview:-1\" \/>\n<link rel=\"canonical\" href=\"https:\/\/www.toulouse-tournages.fr\/es\/prepare-su-rodaje\/como-obtener-las-autorizaciones-para-rodar-una-pelicula\/\" \/>\n<meta property=\"og:locale\" content=\"es_ES\" \/>\n<meta property=\"og:type\" content=\"article\" \/>\n<meta property=\"og:title\" content=\"\u00bfC\u00f3mo obtener las autorizaciones para rodar una pel\u00edcula? - Toulouse tournages\" \/>\n<meta property=\"og:description\" content=\"La Ciudad Rosa consiente a todos los proyectos cinematogr\u00e1ficos. Est\u00e1 situada en el Suroeste, su clima es benigno y la ciudad desborda de vida y de cultura.\" \/>\n<meta property=\"og:url\" content=\"https:\/\/www.toulouse-tournages.fr\/es\/prepare-su-rodaje\/como-obtener-las-autorizaciones-para-rodar-una-pelicula\/\" \/>\n<meta property=\"og:site_name\" content=\"Toulouse tournages\" \/>\n<meta property=\"article:modified_time\" content=\"2024-10-16T13:42:14+00:00\" \/>\n<meta property=\"og:image\" content=\"https:\/\/www.toulouse-tournages.fr\/assets\/uploads\/sites\/6\/2024\/09\/tournage-patience-mon-amour-2.jpg\" \/>\n\t<meta property=\"og:image:width\" content=\"1920\" \/>\n\t<meta property=\"og:image:height\" content=\"1280\" \/>\n\t<meta property=\"og:image:type\" content=\"image\/jpeg\" \/>\n<meta name=\"twitter:card\" content=\"summary_large_image\" \/>\n<meta name=\"twitter:label1\" content=\"Tiempo de lectura\" \/>\n\t<meta name=\"twitter:data1\" content=\"3 minutos\" \/>\n<script type=\"application\/ld+json\" class=\"yoast-schema-graph\">{\"@context\":\"https:\/\/schema.org\",\"@graph\":[{\"@type\":\"WebPage\",\"@id\":\"https:\/\/www.toulouse-tournages.fr\/es\/prepare-su-rodaje\/como-obtener-las-autorizaciones-para-rodar-una-pelicula\/\",\"url\":\"https:\/\/www.toulouse-tournages.fr\/es\/prepare-su-rodaje\/como-obtener-las-autorizaciones-para-rodar-una-pelicula\/\",\"name\":\"\u00bfC\u00f3mo obtener las autorizaciones para rodar una pel\u00edcula? - Toulouse tournages\",\"isPartOf\":{\"@id\":\"https:\/\/www.toulouse-tournages.fr\/es\/#website\"},\"primaryImageOfPage\":{\"@id\":\"https:\/\/www.toulouse-tournages.fr\/es\/prepare-su-rodaje\/como-obtener-las-autorizaciones-para-rodar-una-pelicula\/#primaryimage\"},\"image\":{\"@id\":\"https:\/\/www.toulouse-tournages.fr\/es\/prepare-su-rodaje\/como-obtener-las-autorizaciones-para-rodar-una-pelicula\/#primaryimage\"},\"thumbnailUrl\":\"https:\/\/www.toulouse-tournages.fr\/assets\/uploads\/sites\/6\/2024\/09\/tournage-patience-mon-amour-2.jpg\",\"datePublished\":\"2024-09-18T14:29:03+00:00\",\"dateModified\":\"2024-10-16T13:42:14+00:00\",\"description\":\"La Ciudad Rosa consiente a todos los proyectos cinematogr\u00e1ficos. Est\u00e1 situada en el Suroeste, su clima es benigno y la ciudad desborda de vida y de cultura.\",\"breadcrumb\":{\"@id\":\"https:\/\/www.toulouse-tournages.fr\/es\/prepare-su-rodaje\/como-obtener-las-autorizaciones-para-rodar-una-pelicula\/#breadcrumb\"},\"inLanguage\":\"es\",\"potentialAction\":[{\"@type\":\"ReadAction\",\"target\":[\"https:\/\/www.toulouse-tournages.fr\/es\/prepare-su-rodaje\/como-obtener-las-autorizaciones-para-rodar-una-pelicula\/\"]}]},{\"@type\":\"ImageObject\",\"inLanguage\":\"es\",\"@id\":\"https:\/\/www.toulouse-tournages.fr\/es\/prepare-su-rodaje\/como-obtener-las-autorizaciones-para-rodar-una-pelicula\/#primaryimage\",\"url\":\"https:\/\/www.toulouse-tournages.fr\/assets\/uploads\/sites\/6\/2024\/09\/tournage-patience-mon-amour-2.jpg\",\"contentUrl\":\"https:\/\/www.toulouse-tournages.fr\/assets\/uploads\/sites\/6\/2024\/09\/tournage-patience-mon-amour-2.jpg\",\"width\":1920,\"height\":1280,\"caption\":\"Tournage Patience Mon Amour - saison 2 \u00a9 R\u00e9mi Deligeon\"},{\"@type\":\"BreadcrumbList\",\"@id\":\"https:\/\/www.toulouse-tournages.fr\/es\/prepare-su-rodaje\/como-obtener-las-autorizaciones-para-rodar-una-pelicula\/#breadcrumb\",\"itemListElement\":[{\"@type\":\"ListItem\",\"position\":1,\"name\":\"Accueil\",\"item\":\"https:\/\/www.toulouse-tournages.fr\/es\/\"},{\"@type\":\"ListItem\",\"position\":2,\"name\":\"Prepare su rodaje\",\"item\":\"https:\/\/www.toulouse-tournages.fr\/es\/prepare-su-rodaje\/\"},{\"@type\":\"ListItem\",\"position\":3,\"name\":\"\u00bfC\u00f3mo obtener las autorizaciones para rodar una pel\u00edcula?\"}]},{\"@type\":\"WebSite\",\"@id\":\"https:\/\/www.toulouse-tournages.fr\/es\/#website\",\"url\":\"https:\/\/www.toulouse-tournages.fr\/es\/\",\"name\":\"Toulouse tournages\",\"description\":\"\",\"potentialAction\":[{\"@type\":\"SearchAction\",\"target\":{\"@type\":\"EntryPoint\",\"urlTemplate\":\"https:\/\/www.toulouse-tournages.fr\/es\/?s={search_term_string}\"},\"query-input\":{\"@type\":\"PropertyValueSpecification\",\"valueRequired\":true,\"valueName\":\"search_term_string\"}}],\"inLanguage\":\"es\"}]}<\/script>\n<!-- \/ Yoast SEO plugin. -->","yoast_head_json":{"title":"\u00bfC\u00f3mo obtener las autorizaciones para rodar una pel\u00edcula? - Toulouse tournages","description":"La Ciudad Rosa consiente a todos los proyectos cinematogr\u00e1ficos. Est\u00e1 situada en el Suroeste, su clima es benigno y la ciudad desborda de vida y de cultura.","robots":{"index":"index","follow":"follow","max-snippet":"max-snippet:-1","max-image-preview":"max-image-preview:large","max-video-preview":"max-video-preview:-1"},"canonical":"https:\/\/www.toulouse-tournages.fr\/es\/prepare-su-rodaje\/como-obtener-las-autorizaciones-para-rodar-una-pelicula\/","og_locale":"es_ES","og_type":"article","og_title":"\u00bfC\u00f3mo obtener las autorizaciones para rodar una pel\u00edcula? - Toulouse tournages","og_description":"La Ciudad Rosa consiente a todos los proyectos cinematogr\u00e1ficos. Est\u00e1 situada en el Suroeste, su clima es benigno y la ciudad desborda de vida y de cultura.","og_url":"https:\/\/www.toulouse-tournages.fr\/es\/prepare-su-rodaje\/como-obtener-las-autorizaciones-para-rodar-una-pelicula\/","og_site_name":"Toulouse tournages","article_modified_time":"2024-10-16T13:42:14+00:00","og_image":[{"width":1920,"height":1280,"url":"https:\/\/www.toulouse-tournages.fr\/assets\/uploads\/sites\/6\/2024\/09\/tournage-patience-mon-amour-2.jpg","type":"image\/jpeg"}],"twitter_card":"summary_large_image","twitter_misc":{"Tiempo de lectura":"3 minutos"},"schema":{"@context":"https:\/\/schema.org","@graph":[{"@type":"WebPage","@id":"https:\/\/www.toulouse-tournages.fr\/es\/prepare-su-rodaje\/como-obtener-las-autorizaciones-para-rodar-una-pelicula\/","url":"https:\/\/www.toulouse-tournages.fr\/es\/prepare-su-rodaje\/como-obtener-las-autorizaciones-para-rodar-una-pelicula\/","name":"\u00bfC\u00f3mo obtener las autorizaciones para rodar una pel\u00edcula? - Toulouse tournages","isPartOf":{"@id":"https:\/\/www.toulouse-tournages.fr\/es\/#website"},"primaryImageOfPage":{"@id":"https:\/\/www.toulouse-tournages.fr\/es\/prepare-su-rodaje\/como-obtener-las-autorizaciones-para-rodar-una-pelicula\/#primaryimage"},"image":{"@id":"https:\/\/www.toulouse-tournages.fr\/es\/prepare-su-rodaje\/como-obtener-las-autorizaciones-para-rodar-una-pelicula\/#primaryimage"},"thumbnailUrl":"https:\/\/www.toulouse-tournages.fr\/assets\/uploads\/sites\/6\/2024\/09\/tournage-patience-mon-amour-2.jpg","datePublished":"2024-09-18T14:29:03+00:00","dateModified":"2024-10-16T13:42:14+00:00","description":"La Ciudad Rosa consiente a todos los proyectos cinematogr\u00e1ficos. Est\u00e1 situada en el Suroeste, su clima es benigno y la ciudad desborda de vida y de cultura.","breadcrumb":{"@id":"https:\/\/www.toulouse-tournages.fr\/es\/prepare-su-rodaje\/como-obtener-las-autorizaciones-para-rodar-una-pelicula\/#breadcrumb"},"inLanguage":"es","potentialAction":[{"@type":"ReadAction","target":["https:\/\/www.toulouse-tournages.fr\/es\/prepare-su-rodaje\/como-obtener-las-autorizaciones-para-rodar-una-pelicula\/"]}]},{"@type":"ImageObject","inLanguage":"es","@id":"https:\/\/www.toulouse-tournages.fr\/es\/prepare-su-rodaje\/como-obtener-las-autorizaciones-para-rodar-una-pelicula\/#primaryimage","url":"https:\/\/www.toulouse-tournages.fr\/assets\/uploads\/sites\/6\/2024\/09\/tournage-patience-mon-amour-2.jpg","contentUrl":"https:\/\/www.toulouse-tournages.fr\/assets\/uploads\/sites\/6\/2024\/09\/tournage-patience-mon-amour-2.jpg","width":1920,"height":1280,"caption":"Tournage Patience Mon Amour - saison 2 \u00a9 R\u00e9mi Deligeon"},{"@type":"BreadcrumbList","@id":"https:\/\/www.toulouse-tournages.fr\/es\/prepare-su-rodaje\/como-obtener-las-autorizaciones-para-rodar-una-pelicula\/#breadcrumb","itemListElement":[{"@type":"ListItem","position":1,"name":"Accueil","item":"https:\/\/www.toulouse-tournages.fr\/es\/"},{"@type":"ListItem","position":2,"name":"Prepare su rodaje","item":"https:\/\/www.toulouse-tournages.fr\/es\/prepare-su-rodaje\/"},{"@type":"ListItem","position":3,"name":"\u00bfC\u00f3mo obtener las autorizaciones para rodar una pel\u00edcula?"}]},{"@type":"WebSite","@id":"https:\/\/www.toulouse-tournages.fr\/es\/#website","url":"https:\/\/www.toulouse-tournages.fr\/es\/","name":"Toulouse tournages","description":"","potentialAction":[{"@type":"SearchAction","target":{"@type":"EntryPoint","urlTemplate":"https:\/\/www.toulouse-tournages.fr\/es\/?s={search_term_string}"},"query-input":{"@type":"PropertyValueSpecification","valueRequired":true,"valueName":"search_term_string"}}],"inLanguage":"es"}]}},"_links":{"self":[{"href":"https:\/\/www.toulouse-tournages.fr\/es\/wp-json\/wp\/v2\/pages\/20116","targetHints":{"allow":["GET"]}}],"collection":[{"href":"https:\/\/www.toulouse-tournages.fr\/es\/wp-json\/wp\/v2\/pages"}],"about":[{"href":"https:\/\/www.toulouse-tournages.fr\/es\/wp-json\/wp\/v2\/types\/page"}],"author":[{"embeddable":true,"href":"https:\/\/www.toulouse-tournages.fr\/es\/wp-json\/wp\/v2\/users\/3"}],"replies":[{"embeddable":true,"href":"https:\/\/www.toulouse-tournages.fr\/es\/wp-json\/wp\/v2\/comments?post=20116"}],"version-history":[{"count":0,"href":"https:\/\/www.toulouse-tournages.fr\/es\/wp-json\/wp\/v2\/pages\/20116\/revisions"}],"up":[{"embeddable":true,"href":"https:\/\/www.toulouse-tournages.fr\/es\/wp-json\/wp\/v2\/pages\/20114"}],"wp:featuredmedia":[{"embeddable":true,"href":"https:\/\/www.toulouse-tournages.fr\/es\/wp-json\/wp\/v2\/media\/20118"}],"wp:attachment":[{"href":"https:\/\/www.toulouse-tournages.fr\/es\/wp-json\/wp\/v2\/media?parent=20116"}],"curies":[{"name":"wp","href":"https:\/\/api.w.org\/{rel}","templated":true}]}}