{"id":20122,"date":"2024-09-20T07:37:41","date_gmt":"2024-09-20T05:37:41","guid":{"rendered":"https:\/\/www.toulouse-tournages.fr\/prepare-su-rodaje\/filmer-avec-un-drone\/"},"modified":"2026-01-16T16:13:02","modified_gmt":"2026-01-16T15:13:02","slug":"realizar-tomas-con-un-dron","status":"publish","type":"page","link":"https:\/\/www.toulouse-tournages.fr\/es\/prepare-su-rodaje\/realizar-tomas-con-un-dron\/","title":{"rendered":"Realizar tomas con un dron"},"content":{"rendered":"\n<div class=\"wp-block-group has-global-padding is-layout-constrained wp-block-group-is-layout-constrained\">\n<div class=\"wp-block-columns is-layout-flex wp-container-core-columns-is-layout-28f84493 wp-block-columns-is-layout-flex\">\n<div class=\"wp-block-column is-vertically-aligned-center is-layout-flow wp-block-column-is-layout-flow\">\n<p class=\"is-style-h3-surtitle\">Piloto de dron<\/p>\n\n\n\n<h2 class=\"wp-block-heading\">Las profesiones del cine<\/h2>\n\n\n\n<p>Damien VICART, piloto de dron.<\/p>\n<\/div>\n\n\n\n<div class=\"wp-block-column is-layout-flow wp-block-column-is-layout-flow\">\n<figure class=\"wp-block-embed is-type-video is-provider-youtube wp-block-embed-youtube wp-embed-aspect-16-9 wp-has-aspect-ratio\"><div class=\"wp-block-embed__wrapper\">\n<iframe title=\"Damien Vicart, pilote de drone\" width=\"500\" height=\"281\" src=\"https:\/\/www.youtube.com\/embed\/C2xsulmEfrY?feature=oembed\" frameborder=\"0\" allow=\"accelerometer; autoplay; clipboard-write; encrypted-media; gyroscope; picture-in-picture; web-share\" referrerpolicy=\"strict-origin-when-cross-origin\" allowfullscreen><\/iframe>\n<\/div><\/figure>\n<\/div>\n<\/div>\n<\/div>\n\n\n\n<div class=\"wp-block-group has-global-padding is-layout-constrained wp-block-group-is-layout-constrained\">\n<div class=\"wp-block-columns is-layout-flex wp-container-core-columns-is-layout-28f84493 wp-block-columns-is-layout-flex\">\n<div class=\"wp-block-column is-layout-flow wp-block-column-is-layout-flow\">\n<h2 class=\"wp-block-heading\">La legislaci\u00f3n en Francia para manejar un dron<\/h2>\n\n\n\n<p>El vuelo con un dron est\u00e1 muy normalizado. Nada m\u00e1s despegar, el objeto est\u00e1 en el espacio a\u00e9reo y por lo tanto es la DGAC, la Direcci\u00f3n General de la Aviaci\u00f3n Civil, la que encuadra esta actividad.<\/p>\n\n\n\n<p>Gu\u00eda de usos de ocio y para profesionales de las aeronaves sin piloto a bordo:<br><a href=\"https:\/\/www.ecologie.gouv.fr\/sites\/default\/files\/documents\/Guide_categorie_Ouverte.pdf\" target=\"_blank\" rel=\"noreferrer noopener\">www.ecologie.gouv.fr\/sites\/default\/files\/Guide_categorie_Ouverte.pdf<\/a><\/p>\n\n\n\n<p>El uso de un dron en una localidad, por encima del espacio p\u00fablico s\u00f3lo es posible si el usuario ha registrado su actividad especial en el sitio AlphaTango. Esta p\u00e1gina web de la DGAC est\u00e1 dedicada a los usuarios de aeronaves pilotadas para que realicen las gestiones en l\u00ednea:<br><a href=\"https:\/\/alphatango.aviation-civile.gouv.fr\/\" target=\"_blank\" rel=\"noreferrer noopener\">alphatango.aviation-civile.gouv.fr<\/a><\/p>\n\n\n\n<h3 class=\"wp-block-heading\">Utilizar un dron necesita por lo tanto:<\/h3>\n\n\n\n<ul class=\"wp-block-list\">\n<li>que el operador o tele piloto <strong>disponga de un MAP<\/strong> (Manual de actividades particulares).<\/li>\n\n\n\n<li>que el tele piloto est\u00e9 <strong>en posesi\u00f3n del certificado de aptitud te\u00f3rica<\/strong> a pilotar drones y que haya approbado su formaci\u00f3n pr\u00e1ctica con el operador.<\/li>\n<\/ul>\n\n\n\n<p>Si no es el caso y que la persona no tiene el diploma, no tiene la autorizaci\u00f3n de hacer volar el dron en el casco urbano y por encima del espacio p\u00fablico. S\u00f3lo puede hacer volar el dron en el casco urbano si es por encima de un espacio privado (con autorizaci\u00f3n del propietario), siempre y cuando la altitud no supere la de los edificios colindantes.<\/p>\n\n\n\n<p>En todos los casos (ocio o actividades especiales), si se quiere hacer uso de fotos o v\u00eddeos, hay que rellenar un formulario de declaraci\u00f3n de actividad fotogr\u00e1fica y cinematogr\u00e1fica a\u00e9rea CERFA 12546*01.<br><a href=\"https:\/\/www.service-public.fr\/professionnels-entreprises\/vosdroits\/R14172\" target=\"_blank\" rel=\"noreferrer noopener\">www.service-public.fr\/professionnels-entreprises\/vosdroits\/R14172<\/a><\/p>\n\n\n\n<h4 class=\"wp-block-heading\">Gu\u00edas de drones de ocio y actividades especiales<\/h4>\n\n\n\n<p>Incluimos aqu\u00ed la gu\u00eda completa de la actividad dron ocio:<br><a href=\"https:\/\/www.ecologie.gouv.fr\/sites\/default\/files\/Guide_aeromodelisme_modeles_reduits_drones_de_loisir.pdf\" target=\"_blank\" rel=\"noreferrer noopener\">www.ecologie.gouv.fr\/sites\/default\/files\/Guide_aeromodelisme_modeles_reduits_drones_de_loisir.pdf<\/a><br>as\u00ed como la gu\u00eda drones de actividades especiales:<br><a href=\"https:\/\/www.ecologie.gouv.fr\/sites\/default\/files\/Guide_drones_activites_particulieres.pdf\" target=\"_blank\" rel=\"noreferrer noopener\">www.ecologie.gouv.fr\/sites\/default\/files\/Guide_drones_activites_particulieres.pdf<\/a><\/p>\n<\/div>\n<\/div>\n<\/div>\n\n\n\n<div class=\"wp-block-group has-global-padding is-layout-constrained wp-block-group-is-layout-constrained\">\n<h2 class=\"wp-block-heading\">Recurrir a profesionales<\/h2>\n\n\n\n<p>Con todas estas normativas en vigor, lo m\u00e1s sencillo y seguro para su rodaje es quiz\u00e1 recurrir a profesionales que cuenten con el material, la experiencia y las autorizaciones necesarias para realizar tomas a\u00e9reas con drones.<\/p>\n\n\n\n<h3 class=\"wp-block-heading\">PROVEEDORES DE GRABACIONES CON DRONES<\/h3>\n\n\n\n<p>En nuestro directorio de profesionales del cine y el sector audiovisual encontrar\u00e1 la lista de pilotos de drones.<\/p>\n\n\n\n<div class=\"wp-block-buttons is-layout-flex wp-block-buttons-is-layout-flex\">\n<div class=\"wp-block-button\"><a class=\"wp-block-button__link wp-element-button\" href=\"https:\/\/www.toulouse-tournages.fr\/preparez-votre-tournage\/annuaire-des-professionnels\/?_types_industry_player=drone_pilot\">PILOTOS DE DRONES (en franc\u00e9s)<\/a><\/div>\n<\/div>\n<\/div>\n\n\n\n<div class=\"wp-block-group has-global-padding is-layout-constrained wp-block-group-is-layout-constrained\">\n<div class=\"wp-block-columns is-layout-flex wp-container-core-columns-is-layout-28f84493 wp-block-columns-is-layout-flex\">\n<div class=\"wp-block-column is-vertically-aligned-center is-layout-flow wp-block-column-is-layout-flow\" style=\"flex-basis:33.33%\">\n<figure data-wp-context=\"{&quot;imageId&quot;:&quot;69dee25e0bc5e&quot;}\" data-wp-interactive=\"core\/image\" class=\"wp-block-image size-full wp-lightbox-container\"><img decoding=\"async\" width=\"907\" height=\"1020\" data-wp-class--hide=\"state.isContentHidden\" data-wp-class--show=\"state.isContentVisible\" data-wp-init=\"callbacks.setButtonStyles\" data-wp-on-async--click=\"actions.showLightbox\" data-wp-on-async--load=\"callbacks.setButtonStyles\" data-wp-on-async-window--resize=\"callbacks.setButtonStyles\" src=\"https:\/\/www.toulouse-tournages.fr\/assets\/uploads\/sites\/6\/2024\/09\/tournage-drone.jpg\" alt=\"Tournage avec un drone\" class=\"wp-image-17949\" srcset=\"https:\/\/www.toulouse-tournages.fr\/assets\/uploads\/sites\/6\/2024\/09\/tournage-drone.jpg 907w, https:\/\/www.toulouse-tournages.fr\/assets\/uploads\/sites\/6\/2024\/09\/tournage-drone-600x675.jpg 600w, https:\/\/www.toulouse-tournages.fr\/assets\/uploads\/sites\/6\/2024\/09\/tournage-drone-400x450.jpg 400w, https:\/\/www.toulouse-tournages.fr\/assets\/uploads\/sites\/6\/2024\/09\/tournage-drone-768x864.jpg 768w\" sizes=\"(max-width: 907px) 100vw, 907px\" \/><button\n\t\t\tclass=\"lightbox-trigger\"\n\t\t\ttype=\"button\"\n\t\t\taria-haspopup=\"dialog\"\n\t\t\taria-label=\"Agrandar\"\n\t\t\tdata-wp-init=\"callbacks.initTriggerButton\"\n\t\t\tdata-wp-on-async--click=\"actions.showLightbox\"\n\t\t\tdata-wp-style--right=\"state.imageButtonRight\"\n\t\t\tdata-wp-style--top=\"state.imageButtonTop\"\n\t\t>\n\t\t\t<svg xmlns=\"http:\/\/www.w3.org\/2000\/svg\" width=\"12\" height=\"12\" fill=\"none\" viewBox=\"0 0 12 12\">\n\t\t\t\t<path fill=\"#fff\" d=\"M2 0a2 2 0 0 0-2 2v2h1.5V2a.5.5 0 0 1 .5-.5h2V0H2Zm2 10.5H2a.5.5 0 0 1-.5-.5V8H0v2a2 2 0 0 0 2 2h2v-1.5ZM8 12v-1.5h2a.5.5 0 0 0 .5-.5V8H12v2a2 2 0 0 1-2 2H8Zm2-12a2 2 0 0 1 2 2v2h-1.5V2a.5.5 0 0 0-.5-.5H8V0h2Z\" \/>\n\t\t\t<\/svg>\n\t\t<\/button><figcaption class=\"wp-element-caption\">Disparar con un dron \u00a9 Chlo\u00e9 Sabatier<\/figcaption><\/figure>\n<\/div>\n\n\n\n<div class=\"wp-block-column is-vertically-aligned-center is-layout-flow wp-block-column-is-layout-flow\" style=\"flex-basis:66.66%\">\n<h2 class=\"wp-block-heading\">\u00bfQuiere aprender un oficio relacionado con los drones?<\/h2>\n\n\n\n<p>Les centros de ense\u00f1anza profesional en materia de drones:<\/p>\n\n\n\n<p><strong>EscaDrone<\/strong><br><a href=\"https:\/\/escadrone.com\/centre-de-formation-drone-toulouse\/\" target=\"_blank\" rel=\"noreferrer noopener\">escadrone.com\/centre-de-formation-drone-toulouse<\/a><\/p>\n\n\n\n<p><strong>Drone on air<\/strong><br><a href=\"https:\/\/www.droneonair.com\/formations-drone\/formation-drone-toulouse\/\" target=\"_blank\" rel=\"noreferrer noopener\">www.droneonair.com\/formations-drone\/formation-drone-toulouse<\/a><\/p>\n\n\n\n<p><strong>Format Drone<\/strong><br><a href=\"https:\/\/format-drone.com\/nos-formations\/\" target=\"_blank\" rel=\"noreferrer noopener\">format-drone.com\/nos-formations<\/a><\/p>\n<\/div>\n<\/div>\n<\/div>\n","protected":false},"excerpt":{"rendered":"<p>Piloto de dron Las profesiones del cine Damien VICART, piloto de dron. La legislaci\u00f3n en Francia para manejar un dron El vuelo con un dron est\u00e1 muy normalizado. Nada m\u00e1s despegar, el objeto est\u00e1 en el espacio a\u00e9reo y por lo tanto es la DGAC, la Direcci\u00f3n General de la Aviaci\u00f3n Civil, la que encuadra [&hellip;]<\/p>\n","protected":false},"author":3,"featured_media":20123,"parent":20114,"menu_order":0,"comment_status":"closed","ping_status":"closed","template":"templates\/editorial-content.php","meta":{"_acf_changed":true,"footnotes":""},"class_list":["post-20122","page","type-page","status-publish","has-post-thumbnail","hentry"],"acf":[],"yoast_head":"<!-- This site is optimized with the Yoast SEO plugin v27.1.1 - https:\/\/yoast.com\/product\/yoast-seo-wordpress\/ -->\n<title>Realizar tomas con un dron - Toulouse tournages<\/title>\n<meta name=\"description\" content=\"Un dron es una herramienta magn\u00edfica para realizar espl\u00e9ndidas tomas en altitud para secuencias a\u00e9reas y panor\u00e1micas.\" \/>\n<meta name=\"robots\" content=\"index, follow, max-snippet:-1, max-image-preview:large, max-video-preview:-1\" \/>\n<link rel=\"canonical\" href=\"https:\/\/www.toulouse-tournages.fr\/es\/prepare-su-rodaje\/realizar-tomas-con-un-dron\/\" \/>\n<meta property=\"og:locale\" content=\"es_ES\" \/>\n<meta property=\"og:type\" content=\"article\" \/>\n<meta property=\"og:title\" content=\"Realizar tomas con un dron - Toulouse tournages\" \/>\n<meta property=\"og:description\" content=\"Un dron es una herramienta magn\u00edfica para realizar espl\u00e9ndidas tomas en altitud para secuencias a\u00e9reas y panor\u00e1micas.\" \/>\n<meta property=\"og:url\" content=\"https:\/\/www.toulouse-tournages.fr\/es\/prepare-su-rodaje\/realizar-tomas-con-un-dron\/\" \/>\n<meta property=\"og:site_name\" content=\"Toulouse tournages\" \/>\n<meta property=\"article:modified_time\" content=\"2026-01-16T15:13:02+00:00\" \/>\n<meta property=\"og:image\" content=\"https:\/\/www.toulouse-tournages.fr\/assets\/uploads\/sites\/6\/2024\/09\/tournage-filmer-drone.jpg\" \/>\n\t<meta property=\"og:image:width\" content=\"1920\" \/>\n\t<meta property=\"og:image:height\" content=\"1440\" \/>\n\t<meta property=\"og:image:type\" content=\"image\/jpeg\" \/>\n<meta name=\"twitter:card\" content=\"summary_large_image\" \/>\n<meta name=\"twitter:label1\" content=\"Tiempo de lectura\" \/>\n\t<meta name=\"twitter:data1\" content=\"3 minutos\" \/>\n<script type=\"application\/ld+json\" class=\"yoast-schema-graph\">{\"@context\":\"https:\/\/schema.org\",\"@graph\":[{\"@type\":\"WebPage\",\"@id\":\"https:\/\/www.toulouse-tournages.fr\/es\/prepare-su-rodaje\/realizar-tomas-con-un-dron\/\",\"url\":\"https:\/\/www.toulouse-tournages.fr\/es\/prepare-su-rodaje\/realizar-tomas-con-un-dron\/\",\"name\":\"Realizar tomas con un dron - Toulouse tournages\",\"isPartOf\":{\"@id\":\"https:\/\/www.toulouse-tournages.fr\/es\/#website\"},\"primaryImageOfPage\":{\"@id\":\"https:\/\/www.toulouse-tournages.fr\/es\/prepare-su-rodaje\/realizar-tomas-con-un-dron\/#primaryimage\"},\"image\":{\"@id\":\"https:\/\/www.toulouse-tournages.fr\/es\/prepare-su-rodaje\/realizar-tomas-con-un-dron\/#primaryimage\"},\"thumbnailUrl\":\"https:\/\/www.toulouse-tournages.fr\/assets\/uploads\/sites\/6\/2024\/09\/tournage-filmer-drone.jpg\",\"datePublished\":\"2024-09-20T05:37:41+00:00\",\"dateModified\":\"2026-01-16T15:13:02+00:00\",\"description\":\"Un dron es una herramienta magn\u00edfica para realizar espl\u00e9ndidas tomas en altitud para secuencias a\u00e9reas y panor\u00e1micas.\",\"breadcrumb\":{\"@id\":\"https:\/\/www.toulouse-tournages.fr\/es\/prepare-su-rodaje\/realizar-tomas-con-un-dron\/#breadcrumb\"},\"inLanguage\":\"es\",\"potentialAction\":[{\"@type\":\"ReadAction\",\"target\":[\"https:\/\/www.toulouse-tournages.fr\/es\/prepare-su-rodaje\/realizar-tomas-con-un-dron\/\"]}]},{\"@type\":\"ImageObject\",\"inLanguage\":\"es\",\"@id\":\"https:\/\/www.toulouse-tournages.fr\/es\/prepare-su-rodaje\/realizar-tomas-con-un-dron\/#primaryimage\",\"url\":\"https:\/\/www.toulouse-tournages.fr\/assets\/uploads\/sites\/6\/2024\/09\/tournage-filmer-drone.jpg\",\"contentUrl\":\"https:\/\/www.toulouse-tournages.fr\/assets\/uploads\/sites\/6\/2024\/09\/tournage-filmer-drone.jpg\",\"width\":1920,\"height\":1440,\"caption\":\"Vol de drone \u00a9 Chlo\u00e9 Sabatier\"},{\"@type\":\"BreadcrumbList\",\"@id\":\"https:\/\/www.toulouse-tournages.fr\/es\/prepare-su-rodaje\/realizar-tomas-con-un-dron\/#breadcrumb\",\"itemListElement\":[{\"@type\":\"ListItem\",\"position\":1,\"name\":\"Accueil\",\"item\":\"https:\/\/www.toulouse-tournages.fr\/es\/\"},{\"@type\":\"ListItem\",\"position\":2,\"name\":\"Prepare su rodaje\",\"item\":\"https:\/\/www.toulouse-tournages.fr\/es\/prepare-su-rodaje\/\"},{\"@type\":\"ListItem\",\"position\":3,\"name\":\"Realizar tomas con un dron\"}]},{\"@type\":\"WebSite\",\"@id\":\"https:\/\/www.toulouse-tournages.fr\/es\/#website\",\"url\":\"https:\/\/www.toulouse-tournages.fr\/es\/\",\"name\":\"Toulouse tournages\",\"description\":\"\",\"potentialAction\":[{\"@type\":\"SearchAction\",\"target\":{\"@type\":\"EntryPoint\",\"urlTemplate\":\"https:\/\/www.toulouse-tournages.fr\/es\/?s={search_term_string}\"},\"query-input\":{\"@type\":\"PropertyValueSpecification\",\"valueRequired\":true,\"valueName\":\"search_term_string\"}}],\"inLanguage\":\"es\"}]}<\/script>\n<!-- \/ Yoast SEO plugin. -->","yoast_head_json":{"title":"Realizar tomas con un dron - Toulouse tournages","description":"Un dron es una herramienta magn\u00edfica para realizar espl\u00e9ndidas tomas en altitud para secuencias a\u00e9reas y panor\u00e1micas.","robots":{"index":"index","follow":"follow","max-snippet":"max-snippet:-1","max-image-preview":"max-image-preview:large","max-video-preview":"max-video-preview:-1"},"canonical":"https:\/\/www.toulouse-tournages.fr\/es\/prepare-su-rodaje\/realizar-tomas-con-un-dron\/","og_locale":"es_ES","og_type":"article","og_title":"Realizar tomas con un dron - Toulouse tournages","og_description":"Un dron es una herramienta magn\u00edfica para realizar espl\u00e9ndidas tomas en altitud para secuencias a\u00e9reas y panor\u00e1micas.","og_url":"https:\/\/www.toulouse-tournages.fr\/es\/prepare-su-rodaje\/realizar-tomas-con-un-dron\/","og_site_name":"Toulouse tournages","article_modified_time":"2026-01-16T15:13:02+00:00","og_image":[{"width":1920,"height":1440,"url":"https:\/\/www.toulouse-tournages.fr\/assets\/uploads\/sites\/6\/2024\/09\/tournage-filmer-drone.jpg","type":"image\/jpeg"}],"twitter_card":"summary_large_image","twitter_misc":{"Tiempo de lectura":"3 minutos"},"schema":{"@context":"https:\/\/schema.org","@graph":[{"@type":"WebPage","@id":"https:\/\/www.toulouse-tournages.fr\/es\/prepare-su-rodaje\/realizar-tomas-con-un-dron\/","url":"https:\/\/www.toulouse-tournages.fr\/es\/prepare-su-rodaje\/realizar-tomas-con-un-dron\/","name":"Realizar tomas con un dron - Toulouse tournages","isPartOf":{"@id":"https:\/\/www.toulouse-tournages.fr\/es\/#website"},"primaryImageOfPage":{"@id":"https:\/\/www.toulouse-tournages.fr\/es\/prepare-su-rodaje\/realizar-tomas-con-un-dron\/#primaryimage"},"image":{"@id":"https:\/\/www.toulouse-tournages.fr\/es\/prepare-su-rodaje\/realizar-tomas-con-un-dron\/#primaryimage"},"thumbnailUrl":"https:\/\/www.toulouse-tournages.fr\/assets\/uploads\/sites\/6\/2024\/09\/tournage-filmer-drone.jpg","datePublished":"2024-09-20T05:37:41+00:00","dateModified":"2026-01-16T15:13:02+00:00","description":"Un dron es una herramienta magn\u00edfica para realizar espl\u00e9ndidas tomas en altitud para secuencias a\u00e9reas y panor\u00e1micas.","breadcrumb":{"@id":"https:\/\/www.toulouse-tournages.fr\/es\/prepare-su-rodaje\/realizar-tomas-con-un-dron\/#breadcrumb"},"inLanguage":"es","potentialAction":[{"@type":"ReadAction","target":["https:\/\/www.toulouse-tournages.fr\/es\/prepare-su-rodaje\/realizar-tomas-con-un-dron\/"]}]},{"@type":"ImageObject","inLanguage":"es","@id":"https:\/\/www.toulouse-tournages.fr\/es\/prepare-su-rodaje\/realizar-tomas-con-un-dron\/#primaryimage","url":"https:\/\/www.toulouse-tournages.fr\/assets\/uploads\/sites\/6\/2024\/09\/tournage-filmer-drone.jpg","contentUrl":"https:\/\/www.toulouse-tournages.fr\/assets\/uploads\/sites\/6\/2024\/09\/tournage-filmer-drone.jpg","width":1920,"height":1440,"caption":"Vol de drone \u00a9 Chlo\u00e9 Sabatier"},{"@type":"BreadcrumbList","@id":"https:\/\/www.toulouse-tournages.fr\/es\/prepare-su-rodaje\/realizar-tomas-con-un-dron\/#breadcrumb","itemListElement":[{"@type":"ListItem","position":1,"name":"Accueil","item":"https:\/\/www.toulouse-tournages.fr\/es\/"},{"@type":"ListItem","position":2,"name":"Prepare su rodaje","item":"https:\/\/www.toulouse-tournages.fr\/es\/prepare-su-rodaje\/"},{"@type":"ListItem","position":3,"name":"Realizar tomas con un dron"}]},{"@type":"WebSite","@id":"https:\/\/www.toulouse-tournages.fr\/es\/#website","url":"https:\/\/www.toulouse-tournages.fr\/es\/","name":"Toulouse tournages","description":"","potentialAction":[{"@type":"SearchAction","target":{"@type":"EntryPoint","urlTemplate":"https:\/\/www.toulouse-tournages.fr\/es\/?s={search_term_string}"},"query-input":{"@type":"PropertyValueSpecification","valueRequired":true,"valueName":"search_term_string"}}],"inLanguage":"es"}]}},"_links":{"self":[{"href":"https:\/\/www.toulouse-tournages.fr\/es\/wp-json\/wp\/v2\/pages\/20122","targetHints":{"allow":["GET"]}}],"collection":[{"href":"https:\/\/www.toulouse-tournages.fr\/es\/wp-json\/wp\/v2\/pages"}],"about":[{"href":"https:\/\/www.toulouse-tournages.fr\/es\/wp-json\/wp\/v2\/types\/page"}],"author":[{"embeddable":true,"href":"https:\/\/www.toulouse-tournages.fr\/es\/wp-json\/wp\/v2\/users\/3"}],"replies":[{"embeddable":true,"href":"https:\/\/www.toulouse-tournages.fr\/es\/wp-json\/wp\/v2\/comments?post=20122"}],"version-history":[{"count":0,"href":"https:\/\/www.toulouse-tournages.fr\/es\/wp-json\/wp\/v2\/pages\/20122\/revisions"}],"up":[{"embeddable":true,"href":"https:\/\/www.toulouse-tournages.fr\/es\/wp-json\/wp\/v2\/pages\/20114"}],"wp:featuredmedia":[{"embeddable":true,"href":"https:\/\/www.toulouse-tournages.fr\/es\/wp-json\/wp\/v2\/media\/20123"}],"wp:attachment":[{"href":"https:\/\/www.toulouse-tournages.fr\/es\/wp-json\/wp\/v2\/media?parent=20122"}],"curies":[{"name":"wp","href":"https:\/\/api.w.org\/{rel}","templated":true}]}}