{"id":20128,"date":"2024-09-17T16:05:02","date_gmt":"2024-09-17T14:05:02","guid":{"rendered":"https:\/\/www.toulouse-tournages.fr\/prepare-su-rodaje\/le-droit-a-limage\/"},"modified":"2024-10-16T17:10:15","modified_gmt":"2024-10-16T15:10:15","slug":"derechos-de-imagen","status":"publish","type":"page","link":"https:\/\/www.toulouse-tournages.fr\/es\/prepare-su-rodaje\/derechos-de-imagen\/","title":{"rendered":"Derechos de imagen"},"content":{"rendered":"\n<div class=\"wp-block-group has-global-padding is-layout-constrained wp-block-group-is-layout-constrained\">\n<p>Cualquier persona tiene derecho a oponerse a que su imagen sea difundida sin su consentimiento.<br>En el caso de im\u00e1genes filmadas en la v\u00eda p\u00fablica, se requiere el consentimiento expl\u00edcito de la persona filmada si est\u00e1 aislada y es identificable. Debe obtener el consentimiento de la persona por escrito antes de poder utilizar su imagen.<br>Este consentimiento debe ser preciso, especificando el medio en el que se difundir\u00e1 la imagen, la finalidad y la duraci\u00f3n.<br>En el caso de los menores, se requiere el consentimiento de los padres.<\/p>\n\n\n\n<p><strong>Si va a filmar en la v\u00eda p\u00fablica, no olvide preparar las autorizaciones de derechos de imagen de las personas que aparecer\u00e1n en la toma, incluidas :<\/strong><\/p>\n\n\n\n<ul class=\"wp-block-list\">\n<li>el nombre de la producci\u00f3n ;<\/li>\n\n\n\n<li>el nombre del proyecto ;<\/li>\n\n\n\n<li>el nombre del director<\/li>\n\n\n\n<li>el contexto de las tomas y el uso que se les dar\u00e1;<\/li>\n\n\n\n<li>la fecha ;<\/li>\n\n\n\n<li>la firma de la persona filmada.<\/li>\n<\/ul>\n\n\n\n<p><strong>En algunos casos, no se requiere el permiso de las personas filmadas, salvo con fines comerciales y con el debido respeto a su dignidad.<\/strong><br>Estos casos se enumeran a continuaci\u00f3n:<\/p>\n\n\n\n<ul class=\"wp-block-list\">\n<li>imagen de un grupo o de una escena callejera en un lugar p\u00fablico si no se identifica a ning\u00fan individuo y dentro de los l\u00edmites del derecho a la informaci\u00f3n ;<\/li>\n\n\n\n<li>imagen de un acontecimiento de actualidad o de una manifestaci\u00f3n p\u00fablica dentro de los l\u00edmites del derecho a la informaci\u00f3n y a la creaci\u00f3n art\u00edstica<\/li>\n\n\n\n<li>imagen de un personaje p\u00fablico en el ejercicio de sus funciones si la finalidad de la imagen es informar;<\/li>\n\n\n\n<li>im\u00e1genes que ilustren un tema hist\u00f3rico.<\/li>\n<\/ul>\n\n\n\n<p>M\u00e1s informaci\u00f3n sobre derechos de imagen y privacidad en Francia:<br><a href=\"http:\/\/https\/\/www.demarches.interieur.gouv.fr\/particuliers\/droit-image\" target=\"_blank\" rel=\"noreferrer noopener\">www.demarches.interieur.gouv.fr\/particuliers\/droit-image<\/a><br><a href=\"https:\/\/ethiquedroit.hypotheses.org\/1469\" target=\"_blank\" rel=\"noreferrer noopener\">ethiquedroit.hypotheses.org\/1469<\/a><\/p>\n<\/div>\n","protected":false},"excerpt":{"rendered":"<p>Cualquier persona tiene derecho a oponerse a que su imagen sea difundida sin su consentimiento.En el caso de im\u00e1genes filmadas en la v\u00eda p\u00fablica, se requiere el consentimiento expl\u00edcito de la persona filmada si est\u00e1 aislada y es identificable. Debe obtener el consentimiento de la persona por escrito antes de poder utilizar su imagen.Este consentimiento [&hellip;]<\/p>\n","protected":false},"author":3,"featured_media":20129,"parent":20114,"menu_order":0,"comment_status":"closed","ping_status":"closed","template":"templates\/editorial-content.php","meta":{"_acf_changed":true,"footnotes":""},"class_list":["post-20128","page","type-page","status-publish","has-post-thumbnail","hentry"],"acf":[],"yoast_head":"<!-- This site is optimized with the Yoast SEO plugin v27.1.1 - https:\/\/yoast.com\/product\/yoast-seo-wordpress\/ -->\n<title>Derechos de imagen - Toulouse tournages<\/title>\n<meta name=\"description\" content=\"\u00bfQu\u00e9 son los derechos de imagen? \u00bfHay que pedir a cada persona que firme una solicitud de autorizaci\u00f3n para utilizar su imagen?\" \/>\n<meta name=\"robots\" content=\"index, follow, max-snippet:-1, max-image-preview:large, max-video-preview:-1\" \/>\n<link rel=\"canonical\" href=\"https:\/\/www.toulouse-tournages.fr\/es\/prepare-su-rodaje\/derechos-de-imagen\/\" \/>\n<meta property=\"og:locale\" content=\"es_ES\" \/>\n<meta property=\"og:type\" content=\"article\" \/>\n<meta property=\"og:title\" content=\"Derechos de imagen - Toulouse tournages\" \/>\n<meta property=\"og:description\" content=\"\u00bfQu\u00e9 son los derechos de imagen? \u00bfHay que pedir a cada persona que firme una solicitud de autorizaci\u00f3n para utilizar su imagen?\" \/>\n<meta property=\"og:url\" content=\"https:\/\/www.toulouse-tournages.fr\/es\/prepare-su-rodaje\/derechos-de-imagen\/\" \/>\n<meta property=\"og:site_name\" content=\"Toulouse tournages\" \/>\n<meta property=\"article:modified_time\" content=\"2024-10-16T15:10:15+00:00\" \/>\n<meta property=\"og:image\" content=\"https:\/\/www.toulouse-tournages.fr\/assets\/uploads\/sites\/6\/2024\/09\/garonne-la-grave.jpg\" \/>\n\t<meta property=\"og:image:width\" content=\"1920\" \/>\n\t<meta property=\"og:image:height\" content=\"1079\" \/>\n\t<meta property=\"og:image:type\" content=\"image\/jpeg\" \/>\n<meta name=\"twitter:card\" content=\"summary_large_image\" \/>\n<meta name=\"twitter:label1\" content=\"Tiempo de lectura\" \/>\n\t<meta name=\"twitter:data1\" content=\"2 minutos\" \/>\n<script type=\"application\/ld+json\" class=\"yoast-schema-graph\">{\"@context\":\"https:\/\/schema.org\",\"@graph\":[{\"@type\":\"WebPage\",\"@id\":\"https:\/\/www.toulouse-tournages.fr\/es\/prepare-su-rodaje\/derechos-de-imagen\/\",\"url\":\"https:\/\/www.toulouse-tournages.fr\/es\/prepare-su-rodaje\/derechos-de-imagen\/\",\"name\":\"Derechos de imagen - Toulouse tournages\",\"isPartOf\":{\"@id\":\"https:\/\/www.toulouse-tournages.fr\/es\/#website\"},\"primaryImageOfPage\":{\"@id\":\"https:\/\/www.toulouse-tournages.fr\/es\/prepare-su-rodaje\/derechos-de-imagen\/#primaryimage\"},\"image\":{\"@id\":\"https:\/\/www.toulouse-tournages.fr\/es\/prepare-su-rodaje\/derechos-de-imagen\/#primaryimage\"},\"thumbnailUrl\":\"https:\/\/www.toulouse-tournages.fr\/assets\/uploads\/sites\/6\/2024\/09\/garonne-la-grave.jpg\",\"datePublished\":\"2024-09-17T14:05:02+00:00\",\"dateModified\":\"2024-10-16T15:10:15+00:00\",\"description\":\"\u00bfQu\u00e9 son los derechos de imagen? \u00bfHay que pedir a cada persona que firme una solicitud de autorizaci\u00f3n para utilizar su imagen?\",\"breadcrumb\":{\"@id\":\"https:\/\/www.toulouse-tournages.fr\/es\/prepare-su-rodaje\/derechos-de-imagen\/#breadcrumb\"},\"inLanguage\":\"es\",\"potentialAction\":[{\"@type\":\"ReadAction\",\"target\":[\"https:\/\/www.toulouse-tournages.fr\/es\/prepare-su-rodaje\/derechos-de-imagen\/\"]}]},{\"@type\":\"ImageObject\",\"inLanguage\":\"es\",\"@id\":\"https:\/\/www.toulouse-tournages.fr\/es\/prepare-su-rodaje\/derechos-de-imagen\/#primaryimage\",\"url\":\"https:\/\/www.toulouse-tournages.fr\/assets\/uploads\/sites\/6\/2024\/09\/garonne-la-grave.jpg\",\"contentUrl\":\"https:\/\/www.toulouse-tournages.fr\/assets\/uploads\/sites\/6\/2024\/09\/garonne-la-grave.jpg\",\"width\":1920,\"height\":1079,\"caption\":\"Vue a\u00e9rienne de Toulouse \u00a9 R\u00e9mi Deligeon\"},{\"@type\":\"BreadcrumbList\",\"@id\":\"https:\/\/www.toulouse-tournages.fr\/es\/prepare-su-rodaje\/derechos-de-imagen\/#breadcrumb\",\"itemListElement\":[{\"@type\":\"ListItem\",\"position\":1,\"name\":\"Accueil\",\"item\":\"https:\/\/www.toulouse-tournages.fr\/es\/\"},{\"@type\":\"ListItem\",\"position\":2,\"name\":\"Prepare su rodaje\",\"item\":\"https:\/\/www.toulouse-tournages.fr\/es\/prepare-su-rodaje\/\"},{\"@type\":\"ListItem\",\"position\":3,\"name\":\"Derechos de imagen\"}]},{\"@type\":\"WebSite\",\"@id\":\"https:\/\/www.toulouse-tournages.fr\/es\/#website\",\"url\":\"https:\/\/www.toulouse-tournages.fr\/es\/\",\"name\":\"Toulouse tournages\",\"description\":\"\",\"potentialAction\":[{\"@type\":\"SearchAction\",\"target\":{\"@type\":\"EntryPoint\",\"urlTemplate\":\"https:\/\/www.toulouse-tournages.fr\/es\/?s={search_term_string}\"},\"query-input\":{\"@type\":\"PropertyValueSpecification\",\"valueRequired\":true,\"valueName\":\"search_term_string\"}}],\"inLanguage\":\"es\"}]}<\/script>\n<!-- \/ Yoast SEO plugin. -->","yoast_head_json":{"title":"Derechos de imagen - Toulouse tournages","description":"\u00bfQu\u00e9 son los derechos de imagen? \u00bfHay que pedir a cada persona que firme una solicitud de autorizaci\u00f3n para utilizar su imagen?","robots":{"index":"index","follow":"follow","max-snippet":"max-snippet:-1","max-image-preview":"max-image-preview:large","max-video-preview":"max-video-preview:-1"},"canonical":"https:\/\/www.toulouse-tournages.fr\/es\/prepare-su-rodaje\/derechos-de-imagen\/","og_locale":"es_ES","og_type":"article","og_title":"Derechos de imagen - Toulouse tournages","og_description":"\u00bfQu\u00e9 son los derechos de imagen? \u00bfHay que pedir a cada persona que firme una solicitud de autorizaci\u00f3n para utilizar su imagen?","og_url":"https:\/\/www.toulouse-tournages.fr\/es\/prepare-su-rodaje\/derechos-de-imagen\/","og_site_name":"Toulouse tournages","article_modified_time":"2024-10-16T15:10:15+00:00","og_image":[{"width":1920,"height":1079,"url":"https:\/\/www.toulouse-tournages.fr\/assets\/uploads\/sites\/6\/2024\/09\/garonne-la-grave.jpg","type":"image\/jpeg"}],"twitter_card":"summary_large_image","twitter_misc":{"Tiempo de lectura":"2 minutos"},"schema":{"@context":"https:\/\/schema.org","@graph":[{"@type":"WebPage","@id":"https:\/\/www.toulouse-tournages.fr\/es\/prepare-su-rodaje\/derechos-de-imagen\/","url":"https:\/\/www.toulouse-tournages.fr\/es\/prepare-su-rodaje\/derechos-de-imagen\/","name":"Derechos de imagen - Toulouse tournages","isPartOf":{"@id":"https:\/\/www.toulouse-tournages.fr\/es\/#website"},"primaryImageOfPage":{"@id":"https:\/\/www.toulouse-tournages.fr\/es\/prepare-su-rodaje\/derechos-de-imagen\/#primaryimage"},"image":{"@id":"https:\/\/www.toulouse-tournages.fr\/es\/prepare-su-rodaje\/derechos-de-imagen\/#primaryimage"},"thumbnailUrl":"https:\/\/www.toulouse-tournages.fr\/assets\/uploads\/sites\/6\/2024\/09\/garonne-la-grave.jpg","datePublished":"2024-09-17T14:05:02+00:00","dateModified":"2024-10-16T15:10:15+00:00","description":"\u00bfQu\u00e9 son los derechos de imagen? \u00bfHay que pedir a cada persona que firme una solicitud de autorizaci\u00f3n para utilizar su imagen?","breadcrumb":{"@id":"https:\/\/www.toulouse-tournages.fr\/es\/prepare-su-rodaje\/derechos-de-imagen\/#breadcrumb"},"inLanguage":"es","potentialAction":[{"@type":"ReadAction","target":["https:\/\/www.toulouse-tournages.fr\/es\/prepare-su-rodaje\/derechos-de-imagen\/"]}]},{"@type":"ImageObject","inLanguage":"es","@id":"https:\/\/www.toulouse-tournages.fr\/es\/prepare-su-rodaje\/derechos-de-imagen\/#primaryimage","url":"https:\/\/www.toulouse-tournages.fr\/assets\/uploads\/sites\/6\/2024\/09\/garonne-la-grave.jpg","contentUrl":"https:\/\/www.toulouse-tournages.fr\/assets\/uploads\/sites\/6\/2024\/09\/garonne-la-grave.jpg","width":1920,"height":1079,"caption":"Vue a\u00e9rienne de Toulouse \u00a9 R\u00e9mi Deligeon"},{"@type":"BreadcrumbList","@id":"https:\/\/www.toulouse-tournages.fr\/es\/prepare-su-rodaje\/derechos-de-imagen\/#breadcrumb","itemListElement":[{"@type":"ListItem","position":1,"name":"Accueil","item":"https:\/\/www.toulouse-tournages.fr\/es\/"},{"@type":"ListItem","position":2,"name":"Prepare su rodaje","item":"https:\/\/www.toulouse-tournages.fr\/es\/prepare-su-rodaje\/"},{"@type":"ListItem","position":3,"name":"Derechos de imagen"}]},{"@type":"WebSite","@id":"https:\/\/www.toulouse-tournages.fr\/es\/#website","url":"https:\/\/www.toulouse-tournages.fr\/es\/","name":"Toulouse tournages","description":"","potentialAction":[{"@type":"SearchAction","target":{"@type":"EntryPoint","urlTemplate":"https:\/\/www.toulouse-tournages.fr\/es\/?s={search_term_string}"},"query-input":{"@type":"PropertyValueSpecification","valueRequired":true,"valueName":"search_term_string"}}],"inLanguage":"es"}]}},"_links":{"self":[{"href":"https:\/\/www.toulouse-tournages.fr\/es\/wp-json\/wp\/v2\/pages\/20128","targetHints":{"allow":["GET"]}}],"collection":[{"href":"https:\/\/www.toulouse-tournages.fr\/es\/wp-json\/wp\/v2\/pages"}],"about":[{"href":"https:\/\/www.toulouse-tournages.fr\/es\/wp-json\/wp\/v2\/types\/page"}],"author":[{"embeddable":true,"href":"https:\/\/www.toulouse-tournages.fr\/es\/wp-json\/wp\/v2\/users\/3"}],"replies":[{"embeddable":true,"href":"https:\/\/www.toulouse-tournages.fr\/es\/wp-json\/wp\/v2\/comments?post=20128"}],"version-history":[{"count":0,"href":"https:\/\/www.toulouse-tournages.fr\/es\/wp-json\/wp\/v2\/pages\/20128\/revisions"}],"up":[{"embeddable":true,"href":"https:\/\/www.toulouse-tournages.fr\/es\/wp-json\/wp\/v2\/pages\/20114"}],"wp:featuredmedia":[{"embeddable":true,"href":"https:\/\/www.toulouse-tournages.fr\/es\/wp-json\/wp\/v2\/media\/20129"}],"wp:attachment":[{"href":"https:\/\/www.toulouse-tournages.fr\/es\/wp-json\/wp\/v2\/media?parent=20128"}],"curies":[{"name":"wp","href":"https:\/\/api.w.org\/{rel}","templated":true}]}}