{"id":20209,"date":"2024-09-17T14:43:48","date_gmt":"2024-09-17T12:43:48","guid":{"rendered":"https:\/\/www.toulouse-tournages.fr\/prepare-su-rodaje\/tourner-a-toulouse-liste-des-prestataires\/"},"modified":"2025-08-13T14:16:19","modified_gmt":"2025-08-13T12:16:19","slug":"rodar-en-toulouse-listas-de-prestatarios","status":"publish","type":"page","link":"https:\/\/www.toulouse-tournages.fr\/es\/prepare-su-rodaje\/rodar-en-toulouse-listas-de-prestatarios\/","title":{"rendered":"Rodar en Toulouse: listas de prestatarios"},"content":{"rendered":"\n<div class=\"wp-block-group has-global-padding is-layout-constrained wp-block-group-is-layout-constrained\">\n<p>Para los profesionales de la creaci\u00f3n, estudiantes, empresarios, productores o cineastas independientes que desean rodar en Toulouse, existen listas de prestatarios disponibles que proponen paquetes dise\u00f1ados para cualquier proyecto junto con los mejores asesores t\u00e9cnicos.<\/p>\n\n\n\n<h2 class=\"wp-block-heading\">Alquilar el material en Toulouse<\/h2>\n\n\n\n<p>El alquiler del material audiovisual, como el equipamiento cinematogr\u00e1fico, de televisi\u00f3n o de fotograf\u00eda profesional, es una real oportunidad que le permitir\u00e1 ahorrar dinero sin que eso repercuta negativamente en el resultado final. Para ello, varias empresas en Toulouse proponen ese tipo de prestaciones. Se puede alquilar el material t\u00e9cnico necesario para rodar, los m\u00e1s modernos que existen para el cine, la televisi\u00f3n o la difusi\u00f3n: entre ellos <strong>PAPAYE SA<\/strong> o tambi\u00e9n <strong>STUDIO ATLANTA<\/strong>. Le proporcional igualmente el equipo de iluminaci\u00f3n audiovisual de \u00faltima generaci\u00f3n, as\u00ed como gr\u00faas telesc\u00f3picas o desplazamientos motorizados. <strong>TRANSPALUX<\/strong> te ofrece todo un cat\u00e1logo de equipos de iluminaci\u00f3n en alquiler para cine y televisi\u00f3n. <strong>LOOMA STUDIO<\/strong> te apoya en tus producciones proporcion\u00e1ndote una c\u00e1mara ARRI ALEXA MINI como kit completo. Looma tambi\u00e9n ofrece soporte con t\u00e9cnicos capacitados para su filmaci\u00f3n. <strong>MENFOU<\/strong> alquila equipos de imagen: c\u00e1maras, objetivos, accesorios, etc.<br><a href=\"http:\/\/www.papaye.com\">www.pa<\/a><a href=\"https:\/\/www.papaye.com\" target=\"_blank\" rel=\"noreferrer noopener\">paye.com<\/a><br><a href=\"https:\/\/www.studio-atlanta.com\" target=\"_blank\" rel=\"noreferrer noopener\">www.studio-atlanta.com<\/a><br><a href=\"https:\/\/www.transpalux.com\" target=\"_blank\" rel=\"noreferrer noopener\">www.transpalux.com<\/a><br><a href=\"https:\/\/looma-studio.com\" target=\"_blank\" rel=\"noreferrer noopener\">looma-studio.com<\/a><br><a href=\"https:\/\/menfou.tv\" target=\"_blank\" rel=\"noreferrer noopener\">menfou.tv<\/a><\/p>\n\n\n\n<p>Dichas empresas proponen material audiovisual para la asistencia video de los largos y cortometrajes, as\u00ed como el alquiler del material audiovisual para las difusiones en directo con los canales de la c\u00e1mara 4k. Ponen a su disposici\u00f3n paquetes de equipamientos y accesorios de grandes marcas a la medida para cada proyecto. Entre las marcas que se proponen est\u00e1nArri, Sony, Panasonic, Canon as\u00ed como Red.<\/p>\n\n\n\n<h2 class=\"wp-block-heading\">Sets y accesorios<\/h2>\n\n\n\n<p><strong>Anachrone<\/strong> &#8211; Dise\u00f1adora de escenograf\u00edas y complementos.<br>65400 Arrens-Marsous<br>Tel. +33 6 78 57 91 74 &#8211; <a href=\"mailto:tramoni.remi@gmail.com\">tramoni.remi@gmail.com<\/a><br><a href=\"https:\/\/anachroneprops.jimdofree.com\" target=\"_blank\" rel=\"noreferrer noopener\">anachroneprops.jimdofree.com<\/a><\/p>\n\n\n\n<p><strong>Artstock<\/strong> &#8211; Artstock recolecta y recicla materiales de teatro y eventos.<br>Venta y alquiler de escenograf\u00edas, vestuario y complementos, materias primas y t\u00e9cnica esc\u00e9nica.<br>Route de la Tuilerie &#8211; 31350 Blajan<br>Tel. +33 5 40 24 64 66 &#8211; <a href=\"mailto:contact@artstockasso.fr\">contact@artstockasso.fr<\/a><br><a href=\"https:\/\/www.artstockasso.fr\" target=\"_blank\" rel=\"noreferrer noopener\">www.artstockasso.fr<\/a><\/p>\n\n\n\n<h2 class=\"wp-block-heading\">C\u00f3mo encontrar un local para rodajes<\/h2>\n\n\n\n<p>El alquiler de un espacio para diferentes rodajes se ha puesto muy de moda y cada d\u00eda es m\u00e1s acuciante. Cierto es que muchas empresas buscan un espacio ya montado porque permite ahorrar gran parte del coste de esa l\u00ednea presupuestaria. Sin duda se trata de una alternativa a las oportunidades que se presentan a los productores que buscan una proposici\u00f3n de conjunto poco costosa y de calidad. Es evidente que la variedad de opciones es amplia. Es obvio que hay que elegir la nave adecuada para el proyecto audiovisual.<\/p>\n\n\n\n<p>Se trata de facilitar el proceso de producci\u00f3n alquilando un local de rodaje a precio m\u00f3dico, garantizando la calidad de la prestaci\u00f3n. Por ello, si desea hacer un rodaje en Toulouse, le facilitamos las listas de los prestatarios que proponen servicios en la gama deseada.<\/p>\n\n\n\n<p><strong>Le Grand Set:<\/strong> el local que se propone est\u00e1 entre Toulouse y el aeropuerto. Conjuga la fuerza de un acabado preciso con la magia de la polivalencia. Cada rinc\u00f3n es una superficie \u00fatil para un trabajo audiovisual.<br><a href=\"http:\/\/www.legrandset.com\" target=\"_blank\" rel=\"noreferrer noopener\">www.legrandset.com<\/a><\/p>\n\n\n\n<p><strong>Studio Atlanta:<\/strong> en este lugar, incluso se pueden combinar todas las etapas de la producci\u00f3n audiovisual bajo un mismo techo. Todos los servicios de filmaci\u00f3n y producci\u00f3n necesarios est\u00e1n a su disposici\u00f3n para la realizaci\u00f3n de su proyecto.<br><a href=\"https:\/\/www.studio-atlanta.com\" target=\"_blank\" rel=\"noreferrer noopener\">www.studio-atlanta.com<\/a><\/p>\n\n\n\n<p><strong>PRODIGIMA: <\/strong>conjunto de 80 m2, climatizaci\u00f3n reversible, acceso exterior privado de carga y descarga, alimentaci\u00f3n trif\u00e1sica &#8211; Tetra 2 x 32A, balc\u00f3n con vista sobre el estudio, oscuridad total, posibilidad de fondos de ciclo o incrustaci\u00f3n (verde, azul) en 35 m2, 350 m3 de estudio para conjuntos o incrustaciones, vestuario con WC y ducha.<br><a href=\"https:\/\/prodigima.com\/studio\/\" target=\"_blank\" rel=\"noreferrer noopener\">prodigima.studio<\/a><\/p>\n\n\n\n<p><strong>Studio Roseraie: <\/strong>un estudio que se adapta a todos tus proyectos. F\u00e1cilmente modular y totalmente equipado con todo el equipo necesario para la captura de video y la toma de fotograf\u00edas, el estudio Roseraie tambi\u00e9n colabora con un panel de profesionales para las necesidades de su filmaci\u00f3n o rodaje. Accesible por metro, estaci\u00f3n Roseraie. Estudio 36m\u00b2 &#8211; meseta 20m\u00b2 &#8211; lodge 10m\u00b2 &#8211; sala de reuniones, 30m\u00b2.<br><a href=\"https:\/\/www.studio-roseraie.fr\" target=\"_blank\" rel=\"noreferrer noopener\">www.studio-roseraie.fr<\/a><\/p>\n\n\n\n<p><strong>Factory 5.42:<\/strong> el estudio est\u00e1 equipado con la iluminaci\u00f3n, los micr\u00f3fonos, los fondos y los decorados profesionales que necesita para realizar sus videoclips, sesiones de fotos, grabaciones, podcasts de audio y v\u00eddeo en pleno centro de Toulouse. Al trabajar con profesionales del v\u00eddeo, peluqueros, maquilladores, montadores, locutores y muchos otros, el estudio Factory 5.42 puede satisfacer todas sus necesidades. Superficie total: 200m2 &#8211; Zona de rodaje: 70m2 equipados con una parrilla con 2 travesa\u00f1os a lo largo y 2 a lo ancho. Ciclorama de tres caras: fondo verde permanente, fondo blanco y negro.<br><a href=\"https:\/\/www.factory542.fr\" target=\"_blank\" rel=\"noreferrer noopener\">www.factory542.fr<\/a><\/p>\n\n\n\n<p><strong>Chroma\u00b3<\/strong> es el estudio ideal para dar rienda suelta a su creatividad. Mucho m\u00e1s que un fondo, chroma\u00b3 es un ciclorama donde tus ideas toman forma: v\u00eddeos musicales, ficci\u00f3n, sesiones de fotos, plat\u00f3s de televisi\u00f3n, eventos, publicidad, streaming, integraci\u00f3n de VFX, packshots, todo es posible en esta infinita p\u00e1gina en blanco. Con un plat\u00f3 de 90 m\u00b2 y una altura de 4,5 m bajo la parrilla, y un espacio que incluye camerinos, una zona de descanso, una sala de reuniones y un patio, el estudio ha sido dise\u00f1ado para ofrecerle el marco, las herramientas y los servicios que necesita para dar vida a su proyecto: m\u00e1s que un espacio de trabajo, es un espacio creativo donde los \u00fanicos l\u00edmites son los de su imaginaci\u00f3n.<br><a href=\"https:\/\/chromacube.fr\" target=\"_blank\" rel=\"noreferrer noopener\">www.chromacube.fr<\/a><\/p>\n\n\n\n<p><strong>La Capsule<\/strong> es un estudio pero tambi\u00e9n un colectivo de creativos independientes apasionados que ponen su saber hacer al servicio de la comunicaci\u00f3n corporativa. Desde la estrategia de imagen hasta el dise\u00f1o de la experiencia de marca, aportan a las empresas la riqueza y diversidad de su know-how. Espacios para alquilar: estudio de fotograf\u00eda y video de 220 m2 (40 m2 de ciclorama, 35 m2 de espacio colorama, parrilla t\u00e9cnica motorizada, vestidores, cocina) &#8211; sala de reuniones para organizar talleres y impartir capacitaciones (10-12 personas) &#8211; oficina privada para trabajar tranquilo, recibir clientes, etc.Si lo que desea son servicios de rodaje y de producci\u00f3n para el cine, tambi\u00e9n podemos ayudarle a encontrar los mejores profesionales en Toulouse.<br><a href=\"https:\/\/www.wearelacapsule.com\" target=\"_blank\" rel=\"noreferrer noopener\">www.wearelacapsule.com<\/a><\/p>\n\n\n\n<p>El <strong>Studio Astorg<\/strong> est\u00e1 situado en el coraz\u00f3n de Toulouse, en Esquirol. Se posiciona como una aut\u00e9ntica incubadora de creativos. Este estudio de 40 m\u00b2 es mucho m\u00e1s que un espacio de alquiler: es un lugar de encuentro y expresi\u00f3n para artistas, videastas, fot\u00f3grafos y empresas creativas de la regi\u00f3n de Toulouse. Ofrece un espacio polivalente, bien equipado, c\u00e9ntrico y con instalaciones optimizadas para la producci\u00f3n de contenidos visuales (rodajes, filmaciones, etc.).<br><a href=\"https:\/\/studioastorg.fr\" target=\"_blank\" rel=\"noreferrer noopener\">studioastorg.fr<\/a><\/p>\n\n\n\n<p><strong>Studio Master<\/strong> est\u00e1 aqu\u00ed para hacer brillar tus ideas. Entra en un estudio dise\u00f1ado y equipado tanto para audio como para v\u00eddeo. Encontrar\u00e1s una insonorizaci\u00f3n perfecta, c\u00e1maras 6k y \u00f3pticas de alta gama, preamplificadores y micr\u00f3fonos cuidadosamente seleccionados, todo ello acompa\u00f1ado de una iluminaci\u00f3n profesional y regulable en un entorno c\u00e1lido y acogedor.<br><a href=\"https:\/\/www.studiomaster.fr\" target=\"_blank\" rel=\"noreferrer noopener\">www.studiomaster.fr<\/a><\/p>\n\n\n\n<h2 class=\"wp-block-heading\">Locales de postproducci\u00f3n<\/h2>\n\n\n\n<p><strong>MIDIM Studios:<\/strong> est\u00e1 a dos pasos del centro; estos locales Midim proponen estudios de postproducci\u00f3n imagen y sonido de primera calidad: 6 estudios de postproducci\u00f3n para el montaje de im\u00e1genes 4K en RAID5, animaciones y efectos visuales, grabaciones de voz en off en cabina, montaje y mezcla audio 5.0 en sala ac\u00fastica y mezcla definitiva en auditorio 5.1, etalonaje digital hasta 8K en sala oscura, incrustaci\u00f3n v\u00eddeo en estudio ac\u00fastico y otras prestaciones y postsincronizaciones.<br><a href=\"https:\/\/studios.midim.fr\/\" target=\"_blank\" rel=\"noreferrer noopener\">studios.midim.fr<\/a><br>MIDIM tambi\u00e9n puede ayudarle a organizar y producir sus rodajes.<br><a href=\"https:\/\/tournages.midim.fr\/\" target=\"_blank\" rel=\"noreferrer noopener\">tournages.midim.fr<\/a><\/p>\n\n\n\n<p><strong>Cercle Rouge Productions:<\/strong> el estudio dispone del mayor estudio de efectos de sonido de la regi\u00f3n de Occitanie, con varias cabinas modulares que ofrecen diferentes ac\u00fasticas. Mezcla TV\/cine (est\u00e9reo, 5.1, 7.1), grabaciones (locuciones, doblajes, m\u00fasicos, cantantes, etc.), montaje de sonido. Equipos de \u00faltima generaci\u00f3n. Ingenieros de sonido y sonidistas de renombre internacional.<br><a href=\"https:\/\/www.cerclerouge.com\" target=\"_blank\" rel=\"noreferrer noopener\">www.cerclerouge.com<\/a><br>Producci\u00f3n musical ejecutiva, creaci\u00f3n de m\u00fasica original y apoyo a proyectos musicales:<br><a href=\"http:\/\/www.kourtzer.com\" target=\"_blank\" rel=\"noreferrer noopener\">www.kourtzer.com<\/a><\/p>\n\n\n\n<p><strong>Le LoKal:<\/strong> aqu\u00ed encontrar\u00e1 una verdadera comodidad de trabajo con t\u00e9cnicos a la escucha de su proyecto. Alquiler de equipos de filmaci\u00f3n y grabaci\u00f3n de sonido. Laboratorio digital con alojamiento seguro. 4 salas de montaje totalmente equipadas. 2 escenarios para animaci\u00f3n tradicional con 2 mesas de t\u00edtulos multiplanos y 3 mesas de t\u00edtulos tradicionales, tanto para pel\u00edculas como para t\u00edtulos de cr\u00e9dito y aderezos.\u200b<br><a href=\"http:\/\/www.lelokalproduction.com\/prestations-techniques\/\" target=\"_blank\" rel=\"noreferrer noopener\">www.lelokalproduction.com\/prestations-techniques<\/a><br><a href=\"https:\/\/www.lekapshop.fr\/services\" target=\"_blank\" rel=\"noreferrer noopener\">www.lekapshop.fr<\/a><\/p>\n\n\n\n<p><strong>FormatV<\/strong> est\u00e1 especializada en servicios audiovisuales. Megafon\u00eda, traducci\u00f3n simult\u00e1nea, conferencias silenciosas, grabaci\u00f3n en directo, streaming, iluminaci\u00f3n LED, emisi\u00f3n multipantalla\u2026<br><a href=\"http:\/\/format-v.com\" target=\"_blank\" rel=\"noreferrer noopener\">format-v.com<\/a><\/p>\n\n\n\n<p><strong>\u00c9tincelle<\/strong> es un estudio de etalonaje y efectos visuales situado en el barrio de Busca, que cuenta con un etalonador jefe y un ayudante de etalonaje permanentes. Dispone de los medios t\u00e9cnicos m\u00e1s avanzados: c\u00f3moda sala de etalonaje con monitor HDR Flanders XMP310 y monitor cliente OLED. 5 estaciones de trabajo con monitores UHD calibrados Rec709 y un servidor local de alto rendimiento.<br><a href=\"https:\/\/etincelle-color.com\" target=\"_blank\" rel=\"noreferrer noopener\">etincelle-color.com<\/a><\/p>\n\n\n\n<p><strong>D\u00f4me Studio<\/strong> ofrece servicios en el \u00e1mbito del sonido: grabaci\u00f3n, toma de sonido, montaje de sonido, mezcla, masterizaci\u00f3n, fonoteca\u2026<br><a href=\"https:\/\/sites.google.com\/view\/www-iconnect-dome-com\/accueil\" target=\"_blank\" rel=\"noreferrer noopener\">www.iconnect-dome.com<\/a><\/p>\n\n\n\n<p>Estos diferentes prestatarios proponen igualmente otros servicios de producci\u00f3n y de rodaje para realizar su pel\u00edcula, serie, publicidad, clip o ficci\u00f3n en sus estudios situados en Toulouse y alrededores. Usted dispondr\u00e1 por lo tanto de un amplio elenco de t\u00e9cnicos en c\u00e1mara, iluminaci\u00f3n, producci\u00f3n, todo un personal que se volcar\u00e1 para que obtenga el mejor servicio. Y, gracias al emplazamiento ideal de sus locales podr\u00e1 llegar f\u00e1cilmente y transportar su material simplemente.<\/p>\n\n\n\n<h2 class=\"wp-block-heading\">\u00bfEst\u00e1 buscando t\u00e9cnicos, actores, figurantes?<\/h2>\n\n\n\n<h3 class=\"wp-block-heading\">P\u00f4le Emploi de l&#8217;audiovisuel et du spectacle<\/h3>\n\n\n\n<p>La oficina France Travail (oficina de empleo francesa) del sector audiovisual y del espect\u00e1culo<br>Esa base de datos de t\u00e9cnicos, actores y figurantes (base Talents) puede consultarse en Film France, y un fichero de profesionales del audiovisual y del espect\u00e1culo est\u00e1 a disposici\u00f3n en France Travail.<\/p>\n\n\n\n<p>Film France Talents <a href=\"https:\/\/www.filmfrancetalents.com\" target=\"_blank\" rel=\"noreferrer noopener\">www.filmfrancetalents.com<\/a><br>P\u00f4le emploi Spectacle <a href=\"https:\/\/www.francetravail.fr\/spectacle\/\" target=\"_blank\" rel=\"noreferrer noopener\">www.pole-emploi.fr\/spectac<\/a><a href=\"https:\/\/www.pole-emploi.fr\/spectacle\" target=\"_blank\" rel=\"noreferrer noopener\">le<\/a><\/p>\n<\/div>\n","protected":false},"excerpt":{"rendered":"<p>Para los profesionales de la creaci\u00f3n, estudiantes, empresarios, productores o cineastas independientes que desean rodar en Toulouse, existen listas de prestatarios disponibles que proponen paquetes dise\u00f1ados para cualquier proyecto junto con los mejores asesores t\u00e9cnicos. Alquilar el material en Toulouse El alquiler del material audiovisual, como el equipamiento cinematogr\u00e1fico, de televisi\u00f3n o de fotograf\u00eda profesional, [&hellip;]<\/p>\n","protected":false},"author":3,"featured_media":20093,"parent":20114,"menu_order":0,"comment_status":"closed","ping_status":"closed","template":"templates\/editorial-content.php","meta":{"_acf_changed":false,"footnotes":""},"class_list":["post-20209","page","type-page","status-publish","has-post-thumbnail","hentry"],"acf":[],"yoast_head":"<!-- This site is optimized with the Yoast SEO plugin v27.1.1 - https:\/\/yoast.com\/product\/yoast-seo-wordpress\/ -->\n<title>Rodar en Toulouse: listas de prestatarios - Toulouse tournages<\/title>\n<meta name=\"description\" content=\"\u00bfDesea hacer el rodaje de una pel\u00edcula, un anuncio o un documental? Toulouse tiene todos los prestatarios que pueda desear.\" \/>\n<meta name=\"robots\" content=\"index, follow, max-snippet:-1, max-image-preview:large, max-video-preview:-1\" \/>\n<link rel=\"canonical\" href=\"https:\/\/www.toulouse-tournages.fr\/es\/prepare-su-rodaje\/rodar-en-toulouse-listas-de-prestatarios\/\" \/>\n<meta property=\"og:locale\" content=\"es_ES\" \/>\n<meta property=\"og:type\" content=\"article\" \/>\n<meta property=\"og:title\" content=\"Rodar en Toulouse: listas de prestatarios - Toulouse tournages\" \/>\n<meta property=\"og:description\" content=\"\u00bfDesea hacer el rodaje de una pel\u00edcula, un anuncio o un documental? Toulouse tiene todos los prestatarios que pueda desear.\" \/>\n<meta property=\"og:url\" content=\"https:\/\/www.toulouse-tournages.fr\/es\/prepare-su-rodaje\/rodar-en-toulouse-listas-de-prestatarios\/\" \/>\n<meta property=\"og:site_name\" content=\"Toulouse tournages\" \/>\n<meta property=\"article:modified_time\" content=\"2025-08-13T12:16:19+00:00\" \/>\n<meta property=\"og:image\" content=\"https:\/\/www.toulouse-tournages.fr\/assets\/uploads\/sites\/6\/2024\/09\/comment-choir-lieux-tournage.jpg\" \/>\n\t<meta property=\"og:image:width\" content=\"1920\" \/>\n\t<meta property=\"og:image:height\" content=\"1280\" \/>\n\t<meta property=\"og:image:type\" content=\"image\/jpeg\" \/>\n<meta name=\"twitter:card\" content=\"summary_large_image\" \/>\n<meta name=\"twitter:label1\" content=\"Tiempo de lectura\" \/>\n\t<meta name=\"twitter:data1\" content=\"9 minutos\" \/>\n<script type=\"application\/ld+json\" class=\"yoast-schema-graph\">{\"@context\":\"https:\/\/schema.org\",\"@graph\":[{\"@type\":\"WebPage\",\"@id\":\"https:\/\/www.toulouse-tournages.fr\/es\/prepare-su-rodaje\/rodar-en-toulouse-listas-de-prestatarios\/\",\"url\":\"https:\/\/www.toulouse-tournages.fr\/es\/prepare-su-rodaje\/rodar-en-toulouse-listas-de-prestatarios\/\",\"name\":\"Rodar en Toulouse: listas de prestatarios - Toulouse tournages\",\"isPartOf\":{\"@id\":\"https:\/\/www.toulouse-tournages.fr\/es\/#website\"},\"primaryImageOfPage\":{\"@id\":\"https:\/\/www.toulouse-tournages.fr\/es\/prepare-su-rodaje\/rodar-en-toulouse-listas-de-prestatarios\/#primaryimage\"},\"image\":{\"@id\":\"https:\/\/www.toulouse-tournages.fr\/es\/prepare-su-rodaje\/rodar-en-toulouse-listas-de-prestatarios\/#primaryimage\"},\"thumbnailUrl\":\"https:\/\/www.toulouse-tournages.fr\/assets\/uploads\/sites\/6\/2024\/09\/comment-choir-lieux-tournage.jpg\",\"datePublished\":\"2024-09-17T12:43:48+00:00\",\"dateModified\":\"2025-08-13T12:16:19+00:00\",\"description\":\"\u00bfDesea hacer el rodaje de una pel\u00edcula, un anuncio o un documental? Toulouse tiene todos los prestatarios que pueda desear.\",\"breadcrumb\":{\"@id\":\"https:\/\/www.toulouse-tournages.fr\/es\/prepare-su-rodaje\/rodar-en-toulouse-listas-de-prestatarios\/#breadcrumb\"},\"inLanguage\":\"es\",\"potentialAction\":[{\"@type\":\"ReadAction\",\"target\":[\"https:\/\/www.toulouse-tournages.fr\/es\/prepare-su-rodaje\/rodar-en-toulouse-listas-de-prestatarios\/\"]}]},{\"@type\":\"ImageObject\",\"inLanguage\":\"es\",\"@id\":\"https:\/\/www.toulouse-tournages.fr\/es\/prepare-su-rodaje\/rodar-en-toulouse-listas-de-prestatarios\/#primaryimage\",\"url\":\"https:\/\/www.toulouse-tournages.fr\/assets\/uploads\/sites\/6\/2024\/09\/comment-choir-lieux-tournage.jpg\",\"contentUrl\":\"https:\/\/www.toulouse-tournages.fr\/assets\/uploads\/sites\/6\/2024\/09\/comment-choir-lieux-tournage.jpg\",\"width\":1920,\"height\":1280,\"caption\":\"Tournage de Patience Mon Amour - saison 2 \u00a9 R\u00e9mi Deligeon\"},{\"@type\":\"BreadcrumbList\",\"@id\":\"https:\/\/www.toulouse-tournages.fr\/es\/prepare-su-rodaje\/rodar-en-toulouse-listas-de-prestatarios\/#breadcrumb\",\"itemListElement\":[{\"@type\":\"ListItem\",\"position\":1,\"name\":\"Accueil\",\"item\":\"https:\/\/www.toulouse-tournages.fr\/es\/\"},{\"@type\":\"ListItem\",\"position\":2,\"name\":\"Prepare su rodaje\",\"item\":\"https:\/\/www.toulouse-tournages.fr\/es\/prepare-su-rodaje\/\"},{\"@type\":\"ListItem\",\"position\":3,\"name\":\"Rodar en Toulouse: listas de prestatarios\"}]},{\"@type\":\"WebSite\",\"@id\":\"https:\/\/www.toulouse-tournages.fr\/es\/#website\",\"url\":\"https:\/\/www.toulouse-tournages.fr\/es\/\",\"name\":\"Toulouse tournages\",\"description\":\"\",\"potentialAction\":[{\"@type\":\"SearchAction\",\"target\":{\"@type\":\"EntryPoint\",\"urlTemplate\":\"https:\/\/www.toulouse-tournages.fr\/es\/?s={search_term_string}\"},\"query-input\":{\"@type\":\"PropertyValueSpecification\",\"valueRequired\":true,\"valueName\":\"search_term_string\"}}],\"inLanguage\":\"es\"}]}<\/script>\n<!-- \/ Yoast SEO plugin. -->","yoast_head_json":{"title":"Rodar en Toulouse: listas de prestatarios - Toulouse tournages","description":"\u00bfDesea hacer el rodaje de una pel\u00edcula, un anuncio o un documental? Toulouse tiene todos los prestatarios que pueda desear.","robots":{"index":"index","follow":"follow","max-snippet":"max-snippet:-1","max-image-preview":"max-image-preview:large","max-video-preview":"max-video-preview:-1"},"canonical":"https:\/\/www.toulouse-tournages.fr\/es\/prepare-su-rodaje\/rodar-en-toulouse-listas-de-prestatarios\/","og_locale":"es_ES","og_type":"article","og_title":"Rodar en Toulouse: listas de prestatarios - Toulouse tournages","og_description":"\u00bfDesea hacer el rodaje de una pel\u00edcula, un anuncio o un documental? Toulouse tiene todos los prestatarios que pueda desear.","og_url":"https:\/\/www.toulouse-tournages.fr\/es\/prepare-su-rodaje\/rodar-en-toulouse-listas-de-prestatarios\/","og_site_name":"Toulouse tournages","article_modified_time":"2025-08-13T12:16:19+00:00","og_image":[{"width":1920,"height":1280,"url":"https:\/\/www.toulouse-tournages.fr\/assets\/uploads\/sites\/6\/2024\/09\/comment-choir-lieux-tournage.jpg","type":"image\/jpeg"}],"twitter_card":"summary_large_image","twitter_misc":{"Tiempo de lectura":"9 minutos"},"schema":{"@context":"https:\/\/schema.org","@graph":[{"@type":"WebPage","@id":"https:\/\/www.toulouse-tournages.fr\/es\/prepare-su-rodaje\/rodar-en-toulouse-listas-de-prestatarios\/","url":"https:\/\/www.toulouse-tournages.fr\/es\/prepare-su-rodaje\/rodar-en-toulouse-listas-de-prestatarios\/","name":"Rodar en Toulouse: listas de prestatarios - Toulouse tournages","isPartOf":{"@id":"https:\/\/www.toulouse-tournages.fr\/es\/#website"},"primaryImageOfPage":{"@id":"https:\/\/www.toulouse-tournages.fr\/es\/prepare-su-rodaje\/rodar-en-toulouse-listas-de-prestatarios\/#primaryimage"},"image":{"@id":"https:\/\/www.toulouse-tournages.fr\/es\/prepare-su-rodaje\/rodar-en-toulouse-listas-de-prestatarios\/#primaryimage"},"thumbnailUrl":"https:\/\/www.toulouse-tournages.fr\/assets\/uploads\/sites\/6\/2024\/09\/comment-choir-lieux-tournage.jpg","datePublished":"2024-09-17T12:43:48+00:00","dateModified":"2025-08-13T12:16:19+00:00","description":"\u00bfDesea hacer el rodaje de una pel\u00edcula, un anuncio o un documental? Toulouse tiene todos los prestatarios que pueda desear.","breadcrumb":{"@id":"https:\/\/www.toulouse-tournages.fr\/es\/prepare-su-rodaje\/rodar-en-toulouse-listas-de-prestatarios\/#breadcrumb"},"inLanguage":"es","potentialAction":[{"@type":"ReadAction","target":["https:\/\/www.toulouse-tournages.fr\/es\/prepare-su-rodaje\/rodar-en-toulouse-listas-de-prestatarios\/"]}]},{"@type":"ImageObject","inLanguage":"es","@id":"https:\/\/www.toulouse-tournages.fr\/es\/prepare-su-rodaje\/rodar-en-toulouse-listas-de-prestatarios\/#primaryimage","url":"https:\/\/www.toulouse-tournages.fr\/assets\/uploads\/sites\/6\/2024\/09\/comment-choir-lieux-tournage.jpg","contentUrl":"https:\/\/www.toulouse-tournages.fr\/assets\/uploads\/sites\/6\/2024\/09\/comment-choir-lieux-tournage.jpg","width":1920,"height":1280,"caption":"Tournage de Patience Mon Amour - saison 2 \u00a9 R\u00e9mi Deligeon"},{"@type":"BreadcrumbList","@id":"https:\/\/www.toulouse-tournages.fr\/es\/prepare-su-rodaje\/rodar-en-toulouse-listas-de-prestatarios\/#breadcrumb","itemListElement":[{"@type":"ListItem","position":1,"name":"Accueil","item":"https:\/\/www.toulouse-tournages.fr\/es\/"},{"@type":"ListItem","position":2,"name":"Prepare su rodaje","item":"https:\/\/www.toulouse-tournages.fr\/es\/prepare-su-rodaje\/"},{"@type":"ListItem","position":3,"name":"Rodar en Toulouse: listas de prestatarios"}]},{"@type":"WebSite","@id":"https:\/\/www.toulouse-tournages.fr\/es\/#website","url":"https:\/\/www.toulouse-tournages.fr\/es\/","name":"Toulouse tournages","description":"","potentialAction":[{"@type":"SearchAction","target":{"@type":"EntryPoint","urlTemplate":"https:\/\/www.toulouse-tournages.fr\/es\/?s={search_term_string}"},"query-input":{"@type":"PropertyValueSpecification","valueRequired":true,"valueName":"search_term_string"}}],"inLanguage":"es"}]}},"_links":{"self":[{"href":"https:\/\/www.toulouse-tournages.fr\/es\/wp-json\/wp\/v2\/pages\/20209","targetHints":{"allow":["GET"]}}],"collection":[{"href":"https:\/\/www.toulouse-tournages.fr\/es\/wp-json\/wp\/v2\/pages"}],"about":[{"href":"https:\/\/www.toulouse-tournages.fr\/es\/wp-json\/wp\/v2\/types\/page"}],"author":[{"embeddable":true,"href":"https:\/\/www.toulouse-tournages.fr\/es\/wp-json\/wp\/v2\/users\/3"}],"replies":[{"embeddable":true,"href":"https:\/\/www.toulouse-tournages.fr\/es\/wp-json\/wp\/v2\/comments?post=20209"}],"version-history":[{"count":0,"href":"https:\/\/www.toulouse-tournages.fr\/es\/wp-json\/wp\/v2\/pages\/20209\/revisions"}],"up":[{"embeddable":true,"href":"https:\/\/www.toulouse-tournages.fr\/es\/wp-json\/wp\/v2\/pages\/20114"}],"wp:featuredmedia":[{"embeddable":true,"href":"https:\/\/www.toulouse-tournages.fr\/es\/wp-json\/wp\/v2\/media\/20093"}],"wp:attachment":[{"href":"https:\/\/www.toulouse-tournages.fr\/es\/wp-json\/wp\/v2\/media?parent=20209"}],"curies":[{"name":"wp","href":"https:\/\/api.w.org\/{rel}","templated":true}]}}