{"id":21187,"date":"2024-10-18T14:04:37","date_gmt":"2024-10-18T12:04:37","guid":{"rendered":"https:\/\/www.toulouse-tournages.fr\/demande-dautorisation-de-tournage\/"},"modified":"2024-11-12T10:52:04","modified_gmt":"2024-11-12T09:52:04","slug":"solicitud-de-permiso-de-rodaje","status":"publish","type":"page","link":"https:\/\/www.toulouse-tournages.fr\/es\/solicitud-de-permiso-de-rodaje\/","title":{"rendered":"Solicitud de permiso de rodaje"},"content":{"rendered":"\n<p class=\"has-text-align-center\">Para ayudarnos a organizar su rodaje, rellene el siguiente formulario:<br>De conformidad con la Ley francesa de Protecci\u00f3n de Datos de 6 de enero de 1978, se informa a los usuarios de que los datos recogidos se conservan \u00fanicamente para responder a su solicitud. Estos datos no ser\u00e1n objeto de ning\u00fan otro tratamiento, publicaci\u00f3n o utilizaci\u00f3n con fines comerciales o no comerciales y no se ceder\u00e1n en ning\u00fan caso a terceros.<br>Todos los usuarios tienen derecho a acceder, rectificar u oponerse a los datos recogidos, enviando una solicitud a la siguiente direcci\u00f3n: <a href=\"mailto:webmaster@toulouse-team.com\">webmaster@toulouse-team.com<\/a><\/p>\n\n\n\n<div style=\"height:100px\" aria-hidden=\"true\" class=\"wp-block-spacer\"><\/div>\n\n\n\n<div class=\"wpcf7 no-js\" id=\"wpcf7-f21184-o1\" lang=\"fr-FR\" dir=\"ltr\" data-wpcf7-id=\"21184\">\n<div class=\"screen-reader-response\"><p role=\"status\" aria-live=\"polite\" aria-atomic=\"true\"><\/p> <ul><\/ul><\/div>\n<form action=\"\/es\/wp-json\/wp\/v2\/pages\/21187#wpcf7-f21184-o1\" method=\"post\" class=\"wpcf7-form init wpcf7-acceptance-as-validation\" aria-label=\"Formulaire de contact\" novalidate=\"novalidate\" data-status=\"init\">\n<fieldset class=\"hidden-fields-container\"><input type=\"hidden\" name=\"_wpcf7\" value=\"21184\" \/><input type=\"hidden\" name=\"_wpcf7_version\" value=\"6.1.5\" \/><input type=\"hidden\" name=\"_wpcf7_locale\" value=\"fr_FR\" \/><input type=\"hidden\" name=\"_wpcf7_unit_tag\" value=\"wpcf7-f21184-o1\" \/><input type=\"hidden\" name=\"_wpcf7_container_post\" value=\"0\" \/><input type=\"hidden\" name=\"_wpcf7_posted_data_hash\" value=\"\" \/><input type=\"hidden\" name=\"_wpcf7_recaptcha_response\" value=\"\" \/>\n<\/fieldset>\n<h2 class=\"form-subtitle slashed-heading\">Compa\u00f1\u00eda de Producci\u00f3n<\/h2>\n\n<div class=\"field field-stack field-30 required\">\n\t<label for=\"company\">Compa\u00f1\u00eda de Producci\u00f3n<\/label>\n\t<span class=\"wpcf7-form-control-wrap\" data-name=\"company\"><input size=\"40\" maxlength=\"400\" class=\"wpcf7-form-control wpcf7-text wpcf7-validates-as-required\" id=\"company\" aria-required=\"true\" aria-invalid=\"false\" value=\"\" type=\"text\" name=\"company\" \/><\/span>\n<\/div>\n\n<div class=\"field field-stack field-30 required\">\n\t<label for=\"phone\">Tel\u00e9fono<\/label>\n\t<span class=\"wpcf7-form-control-wrap\" data-name=\"phone\"><input size=\"40\" maxlength=\"400\" class=\"wpcf7-form-control wpcf7-tel wpcf7-validates-as-required wpcf7-text wpcf7-validates-as-tel\" id=\"phone\" aria-required=\"true\" aria-invalid=\"false\" value=\"\" type=\"tel\" name=\"phone\" \/><\/span>\n<\/div>\n\n<div class=\"field field-stack field-30 required\">\n\t<label for=\"email\">Correo Electr\u00f3nico<\/label>\n\t<span class=\"wpcf7-form-control-wrap\" data-name=\"email\"><input size=\"40\" maxlength=\"400\" class=\"wpcf7-form-control wpcf7-email wpcf7-validates-as-required wpcf7-text wpcf7-validates-as-email\" id=\"email\" aria-required=\"true\" aria-invalid=\"false\" value=\"\" type=\"email\" name=\"email\" \/><\/span>\n<\/div>\n\n<div class=\"field field-stack field-100 required\">\n\t<label for=\"address\">Direcci\u00f3n<\/label>\n\t<span class=\"wpcf7-form-control-wrap\" data-name=\"address\"><input size=\"40\" maxlength=\"400\" class=\"wpcf7-form-control wpcf7-text wpcf7-validates-as-required\" id=\"address\" aria-required=\"true\" aria-invalid=\"false\" value=\"\" type=\"text\" name=\"address\" \/><\/span>\n<\/div>\n\n<h2 class=\"form-subtitle slashed-heading\">Encargado de Locaciones<\/h2>\n\n<div class=\"field field-stack field-30 required\">\n\t<label for=\"manager\">Encargado de Locaciones<\/label>\n\t<span class=\"wpcf7-form-control-wrap\" data-name=\"manager\"><input size=\"40\" maxlength=\"400\" class=\"wpcf7-form-control wpcf7-text wpcf7-validates-as-required\" id=\"manager\" aria-required=\"true\" aria-invalid=\"false\" value=\"\" type=\"text\" name=\"manager\" \/><\/span>\n<\/div>\n\n<div class=\"field field-stack field-30 required\">\n\t<label for=\"phone-manager\">Tel\u00e9fono del Encargado<\/label>\n\t<span class=\"wpcf7-form-control-wrap\" data-name=\"phone-manager\"><input size=\"40\" maxlength=\"400\" class=\"wpcf7-form-control wpcf7-tel wpcf7-validates-as-required wpcf7-text wpcf7-validates-as-tel\" id=\"phone-manager\" aria-required=\"true\" aria-invalid=\"false\" value=\"\" type=\"tel\" name=\"phone-manager\" \/><\/span>\n<\/div>\n\n<div class=\"field field-stack field-30 required\">\n\t<label for=\"email-manager\">Correo Electr\u00f3nico del Encargado<\/label>\n\t<span class=\"wpcf7-form-control-wrap\" data-name=\"email-manager\"><input size=\"40\" maxlength=\"400\" class=\"wpcf7-form-control wpcf7-email wpcf7-validates-as-required wpcf7-text wpcf7-validates-as-email\" id=\"email-manager\" aria-required=\"true\" aria-invalid=\"false\" value=\"\" type=\"email\" name=\"email-manager\" \/><\/span>\n<\/div>\n\n<h2 class=\"form-subtitle slashed-heading\">Proyecto<\/h2>\n\n<div class=\"field field-stack field-100 required\">\n\t<label for=\"project-title\">T\u00edtulo<\/label>\n\t<span class=\"wpcf7-form-control-wrap\" data-name=\"project-title\"><input size=\"40\" maxlength=\"400\" class=\"wpcf7-form-control wpcf7-text wpcf7-validates-as-required\" id=\"project-title\" aria-required=\"true\" aria-invalid=\"false\" value=\"\" type=\"text\" name=\"project-title\" \/><\/span>\n<\/div>\n\n<div class=\"field field-stack field-100 pre-filled\">\n\t<label for=\"date\">Fechas Previstas de Rodaje<\/label>\n\t<span class=\"wpcf7-form-control-wrap\" data-name=\"date\"><input size=\"40\" maxlength=\"400\" class=\"wpcf7-form-control wpcf7-text use-datepicker\" id=\"date\" aria-invalid=\"false\" value=\"\" type=\"text\" name=\"date\" \/><\/span>\n<\/div>\n\n<div class=\"field field-stack field-30\">\n\t<label for=\"project-type\">Tipo de Proyecto<\/label>\n\t<span class=\"wpcf7-form-control-wrap\" data-name=\"project-type\"><select class=\"wpcf7-form-control wpcf7-select\" id=\"project-type\" aria-invalid=\"false\" name=\"project-type\"><option value=\"\"><\/option><option value=\"Videoclip\">Videoclip<\/option><option value=\"Cortometraje\">Cortometraje<\/option><option value=\"Documental\">Documental<\/option><option value=\"Programa de TV\">Programa de TV<\/option><option value=\"Pel\u00edcula Corporativa\">Pel\u00edcula Corporativa<\/option><option value=\"Largometraje\">Largometraje<\/option><option value=\"Filmaci\u00f3n con Dron\">Filmaci\u00f3n con Dron<\/option><option value=\"Anuncio\">Anuncio<\/option><option value=\"Reportaje\">Reportaje<\/option><option value=\"Serie\">Serie<\/option><option value=\"Sesi\u00f3n Fotogr\u00e1fica\">Sesi\u00f3n Fotogr\u00e1fica<\/option><option value=\"Unidad de TV\">Unidad de TV<\/option><option value=\"Serie Web \/ Contenido en Redes Sociales\">Serie Web \/ Contenido en Redes Sociales<\/option><\/select><\/span>\n<\/div>\n\n<div class=\"field field-stack field-30 required\">\n\t<label for=\"director\">Nombre del Director<\/label>\n\t<span class=\"wpcf7-form-control-wrap\" data-name=\"director\"><input size=\"40\" maxlength=\"400\" class=\"wpcf7-form-control wpcf7-text wpcf7-validates-as-required\" id=\"director\" aria-required=\"true\" aria-invalid=\"false\" value=\"\" type=\"text\" name=\"director\" \/><\/span>\n<\/div>\n\n<div class=\"field field-stack field-30 required\">\n\t<label for=\"team-count\">Equipo, n\u00famero de personas<\/label>\n\t<span class=\"wpcf7-form-control-wrap\" data-name=\"team-count\"><input class=\"wpcf7-form-control wpcf7-number wpcf7-validates-as-number\" id=\"team-count\" aria-invalid=\"false\" value=\"\" type=\"number\" name=\"team-count\" \/><\/span>\n<\/div>\n\n<div class=\"field field-100 input-radio required\">\n\t<label for=\"public-domaine\">Rodaje en Dominio P\u00fablico<\/label>\n\t<span class=\"wpcf7-form-control-wrap\" data-name=\"public-domaine\"><span class=\"wpcf7-form-control wpcf7-radio\" id=\"public-domaine\"><span class=\"wpcf7-list-item first\"><label><input type=\"radio\" name=\"public-domaine\" value=\"S\u00ed\" \/><span class=\"wpcf7-list-item-label\">S\u00ed<\/span><\/label><\/span><span class=\"wpcf7-list-item last\"><label><input type=\"radio\" name=\"public-domaine\" value=\"No\" \/><span class=\"wpcf7-list-item-label\">No<\/span><\/label><\/span><\/span><\/span>\n<\/div>\n\n<div class=\"field field-100 field-stack\">\n\t<label for=\"sites\">Locaciones Identificadas<\/label>\n\t<span class=\"wpcf7-form-control-wrap\" data-name=\"sites\"><textarea cols=\"40\" rows=\"10\" maxlength=\"2000\" class=\"wpcf7-form-control wpcf7-textarea\" id=\"sites\" aria-invalid=\"false\" name=\"sites\"><\/textarea><\/span>\n<\/div>\n\n<div class=\"field field-100 input-radio required\">\n\t<label for=\"parking-stop\">Permiso de Estacionamiento<\/label>\n\t<span class=\"wpcf7-form-control-wrap\" data-name=\"parking-stop\"><span class=\"wpcf7-form-control wpcf7-radio\" id=\"parking-stop\"><span class=\"wpcf7-list-item first\"><label><input type=\"radio\" name=\"parking-stop\" value=\"S\u00ed\" \/><span class=\"wpcf7-list-item-label\">S\u00ed<\/span><\/label><\/span><span class=\"wpcf7-list-item last\"><label><input type=\"radio\" name=\"parking-stop\" value=\"No\" \/><span class=\"wpcf7-list-item-label\">No<\/span><\/label><\/span><\/span><\/span>\n<\/div>\n\n<div class=\"field field-100 input-radio required\">\n\t<label for=\"traffic-stop\">Permiso de Tr\u00e1nsito<\/label>\n\t<span class=\"wpcf7-form-control-wrap\" data-name=\"traffic-stop\"><span class=\"wpcf7-form-control wpcf7-radio\" id=\"traffic-stop\"><span class=\"wpcf7-list-item first\"><label><input type=\"radio\" name=\"traffic-stop\" value=\"S\u00ed\" \/><span class=\"wpcf7-list-item-label\">S\u00ed<\/span><\/label><\/span><span class=\"wpcf7-list-item last\"><label><input type=\"radio\" name=\"traffic-stop\" value=\"No\" \/><span class=\"wpcf7-list-item-label\">No<\/span><\/label><\/span><\/span><\/span>\n<\/div>\n\n<div class=\"field field-100 input-radio required\">\n\t<label for=\"technical-equipment-request\">Solicitud de Equipamiento T\u00e9cnico<\/label>\n\t<span class=\"wpcf7-form-control-wrap\" data-name=\"technical-equipment-request\"><span class=\"wpcf7-form-control wpcf7-radio\" id=\"technical-equipment-request\"><span class=\"wpcf7-list-item first\"><label><input type=\"radio\" name=\"technical-equipment-request\" value=\"S\u00ed\" \/><span class=\"wpcf7-list-item-label\">S\u00ed<\/span><\/label><\/span><span class=\"wpcf7-list-item last\"><label><input type=\"radio\" name=\"technical-equipment-request\" value=\"No\" \/><span class=\"wpcf7-list-item-label\">No<\/span><\/label><\/span><\/span><\/span>\n<\/div>\n\n<div class=\"field field-100 input-radio required\">\n\t<label for=\"electricity-request\">Solicitud de Electricidad<\/label>\n\t<span class=\"wpcf7-form-control-wrap\" data-name=\"electricity-request\"><span class=\"wpcf7-form-control wpcf7-radio\" id=\"electricity-request\"><span class=\"wpcf7-list-item first\"><label><input type=\"radio\" name=\"electricity-request\" value=\"S\u00ed\" \/><span class=\"wpcf7-list-item-label\">S\u00ed<\/span><\/label><\/span><span class=\"wpcf7-list-item last\"><label><input type=\"radio\" name=\"electricity-request\" value=\"No\" \/><span class=\"wpcf7-list-item-label\">No<\/span><\/label><\/span><\/span><\/span>\n<\/div>\n\n<div class=\"field field-100 field-stack\">\n\t<label for=\"special-requests\">Requerimientos Especiales<\/label>\n\t<span class=\"wpcf7-form-control-wrap\" data-name=\"special-requests\"><textarea cols=\"40\" rows=\"10\" maxlength=\"2000\" class=\"wpcf7-form-control wpcf7-textarea\" id=\"special-requests\" aria-invalid=\"false\" name=\"special-requests\"><\/textarea><\/span>\n<\/div>\n\n<div class=\"field field-flex-label field-100\">\n\t<span class=\"wpcf7-form-control-wrap\" data-name=\"acceptance\"><span class=\"wpcf7-form-control wpcf7-acceptance\"><span class=\"wpcf7-list-item\"><label><input type=\"checkbox\" name=\"acceptance\" value=\"1\" id=\"acceptance\" aria-invalid=\"false\" \/><span class=\"wpcf7-list-item-label\">RGPD* : Al enviar este formulario, acepto que la informaci\u00f3n introducida en el\n\tmismo sea utilizada, procesada y empleada para ponerse en contacto conmigo y enviarme el bolet\u00edn de noticias (si\n\tprocede), en relaci\u00f3n con mi solicitud de informaci\u00f3n sobre el sitio web www.toulouse-tournages.fr.<\/span><\/label><\/span><\/span><\/span>\n<\/div>\n\n<div class=\"wp-block-button\">\n\t<button class=\"wpcf7-form-control wpcf7-submit wp-block-button__link wp-element-button\" type=\"submit\">Enviar<\/button>\n<\/div>\n\n<div class=\"legal-notice\">\n\t<p>De conformidad con la Ley francesa de Protecci\u00f3n de Datos de 6 de enero de 1978, se informa a los usuarios de que\n\t\tlos datos recogidos se conservan \u00fanicamente para responder a su solicitud. Estos datos no se tratar\u00e1n, publicar\u00e1n\n\t\tni utilizar\u00e1n con ning\u00fan otro fin, comercial o no, y en ning\u00fan caso se transmitir\u00e1n a terceros. Cualquier usuario\n\t\ttiene derecho a acceder, rectificar u oponerse a los datos recogidos, enviando una solicitud a <a\n\t\t\thref=\u201cmailto:webmaster@toulouse-team.com\u201d rel=\u201cnofollow noopener\n\t\t\tnoreferrer\u201d>webmaster@toulouse-team.com<\/a>.<\/p>\n\n\t<p>Este sitio web est\u00e1 protegido por reCAPTCHA. Las <a href=\"https:\/\/policies.google.com\/privacy\" target=\"_blank\"\n\t\t\trel=\"external nofollow noopener noreferrer\">normas de confidencialidad<\/a> y las <a\n\t\t\thref=\"https:\/\/policies.google.com\/terms\" target=\"_blank\"\n\t\t\trel=\"external nofollow noopener noreferrer\">condiciones de uso<\/a> de Google apply.<\/p>\n<\/div>\n\n<div class=\"form__loader\">\n\t<svg viewBox=\"25 25 50 50\">\n\t\t<circle cx=\"50\" cy=\"50\" r=\"24\" fill=\"none\" stroke-width=\"2\" stroke-miterlimit=\"10\" \/>\n\t<\/svg>\n<\/div><div class=\"wpcf7-response-output\" aria-hidden=\"true\"><\/div>\n<\/form>\n<\/div>\n\n","protected":false},"excerpt":{"rendered":"<p>Para ayudarnos a organizar su rodaje, rellene el siguiente formulario:De conformidad con la Ley francesa de Protecci\u00f3n de Datos de 6 de enero de 1978, se informa a los usuarios de que los datos recogidos se conservan \u00fanicamente para responder a su solicitud. Estos datos no ser\u00e1n objeto de ning\u00fan otro tratamiento, publicaci\u00f3n o utilizaci\u00f3n [&hellip;]<\/p>\n","protected":false},"author":2,"featured_media":0,"parent":0,"menu_order":0,"comment_status":"closed","ping_status":"closed","template":"templates\/form.php","meta":{"_acf_changed":false,"footnotes":""},"class_list":["post-21187","page","type-page","status-publish","hentry"],"acf":[],"yoast_head":"<!-- This site is optimized with the Yoast SEO plugin v27.1.1 - https:\/\/yoast.com\/product\/yoast-seo-wordpress\/ -->\n<title>Solicitud de permiso de rodaje - Toulouse tournages<\/title>\n<meta name=\"robots\" content=\"index, follow, max-snippet:-1, max-image-preview:large, max-video-preview:-1\" \/>\n<link rel=\"canonical\" href=\"https:\/\/www.toulouse-tournages.fr\/es\/solicitud-de-permiso-de-rodaje\/\" \/>\n<meta property=\"og:locale\" content=\"es_ES\" \/>\n<meta property=\"og:type\" content=\"article\" \/>\n<meta property=\"og:title\" content=\"Solicitud de permiso de rodaje - Toulouse tournages\" \/>\n<meta property=\"og:description\" content=\"Para ayudarnos a organizar su rodaje, rellene el siguiente formulario:De conformidad con la Ley francesa de Protecci\u00f3n de Datos de 6 de enero de 1978, se informa a los usuarios de que los datos recogidos se conservan \u00fanicamente para responder a su solicitud. Estos datos no ser\u00e1n objeto de ning\u00fan otro tratamiento, publicaci\u00f3n o utilizaci\u00f3n [&hellip;]\" \/>\n<meta property=\"og:url\" content=\"https:\/\/www.toulouse-tournages.fr\/es\/solicitud-de-permiso-de-rodaje\/\" \/>\n<meta property=\"og:site_name\" content=\"Toulouse tournages\" \/>\n<meta property=\"article:modified_time\" content=\"2024-11-12T09:52:04+00:00\" \/>\n<meta name=\"twitter:card\" content=\"summary_large_image\" \/>\n<meta name=\"twitter:label1\" content=\"Tiempo de lectura\" \/>\n\t<meta name=\"twitter:data1\" content=\"1 minuto\" \/>\n<script type=\"application\/ld+json\" class=\"yoast-schema-graph\">{\"@context\":\"https:\/\/schema.org\",\"@graph\":[{\"@type\":\"WebPage\",\"@id\":\"https:\/\/www.toulouse-tournages.fr\/es\/solicitud-de-permiso-de-rodaje\/\",\"url\":\"https:\/\/www.toulouse-tournages.fr\/es\/solicitud-de-permiso-de-rodaje\/\",\"name\":\"Solicitud de permiso de rodaje - Toulouse tournages\",\"isPartOf\":{\"@id\":\"https:\/\/www.toulouse-tournages.fr\/es\/#website\"},\"datePublished\":\"2024-10-18T12:04:37+00:00\",\"dateModified\":\"2024-11-12T09:52:04+00:00\",\"breadcrumb\":{\"@id\":\"https:\/\/www.toulouse-tournages.fr\/es\/solicitud-de-permiso-de-rodaje\/#breadcrumb\"},\"inLanguage\":\"es\",\"potentialAction\":[{\"@type\":\"ReadAction\",\"target\":[\"https:\/\/www.toulouse-tournages.fr\/es\/solicitud-de-permiso-de-rodaje\/\"]}]},{\"@type\":\"BreadcrumbList\",\"@id\":\"https:\/\/www.toulouse-tournages.fr\/es\/solicitud-de-permiso-de-rodaje\/#breadcrumb\",\"itemListElement\":[{\"@type\":\"ListItem\",\"position\":1,\"name\":\"Accueil\",\"item\":\"https:\/\/www.toulouse-tournages.fr\/es\/\"},{\"@type\":\"ListItem\",\"position\":2,\"name\":\"Solicitud de permiso de rodaje\"}]},{\"@type\":\"WebSite\",\"@id\":\"https:\/\/www.toulouse-tournages.fr\/es\/#website\",\"url\":\"https:\/\/www.toulouse-tournages.fr\/es\/\",\"name\":\"Toulouse tournages\",\"description\":\"\",\"potentialAction\":[{\"@type\":\"SearchAction\",\"target\":{\"@type\":\"EntryPoint\",\"urlTemplate\":\"https:\/\/www.toulouse-tournages.fr\/es\/?s={search_term_string}\"},\"query-input\":{\"@type\":\"PropertyValueSpecification\",\"valueRequired\":true,\"valueName\":\"search_term_string\"}}],\"inLanguage\":\"es\"}]}<\/script>\n<!-- \/ Yoast SEO plugin. -->","yoast_head_json":{"title":"Solicitud de permiso de rodaje - Toulouse tournages","robots":{"index":"index","follow":"follow","max-snippet":"max-snippet:-1","max-image-preview":"max-image-preview:large","max-video-preview":"max-video-preview:-1"},"canonical":"https:\/\/www.toulouse-tournages.fr\/es\/solicitud-de-permiso-de-rodaje\/","og_locale":"es_ES","og_type":"article","og_title":"Solicitud de permiso de rodaje - Toulouse tournages","og_description":"Para ayudarnos a organizar su rodaje, rellene el siguiente formulario:De conformidad con la Ley francesa de Protecci\u00f3n de Datos de 6 de enero de 1978, se informa a los usuarios de que los datos recogidos se conservan \u00fanicamente para responder a su solicitud. Estos datos no ser\u00e1n objeto de ning\u00fan otro tratamiento, publicaci\u00f3n o utilizaci\u00f3n [&hellip;]","og_url":"https:\/\/www.toulouse-tournages.fr\/es\/solicitud-de-permiso-de-rodaje\/","og_site_name":"Toulouse tournages","article_modified_time":"2024-11-12T09:52:04+00:00","twitter_card":"summary_large_image","twitter_misc":{"Tiempo de lectura":"1 minuto"},"schema":{"@context":"https:\/\/schema.org","@graph":[{"@type":"WebPage","@id":"https:\/\/www.toulouse-tournages.fr\/es\/solicitud-de-permiso-de-rodaje\/","url":"https:\/\/www.toulouse-tournages.fr\/es\/solicitud-de-permiso-de-rodaje\/","name":"Solicitud de permiso de rodaje - Toulouse tournages","isPartOf":{"@id":"https:\/\/www.toulouse-tournages.fr\/es\/#website"},"datePublished":"2024-10-18T12:04:37+00:00","dateModified":"2024-11-12T09:52:04+00:00","breadcrumb":{"@id":"https:\/\/www.toulouse-tournages.fr\/es\/solicitud-de-permiso-de-rodaje\/#breadcrumb"},"inLanguage":"es","potentialAction":[{"@type":"ReadAction","target":["https:\/\/www.toulouse-tournages.fr\/es\/solicitud-de-permiso-de-rodaje\/"]}]},{"@type":"BreadcrumbList","@id":"https:\/\/www.toulouse-tournages.fr\/es\/solicitud-de-permiso-de-rodaje\/#breadcrumb","itemListElement":[{"@type":"ListItem","position":1,"name":"Accueil","item":"https:\/\/www.toulouse-tournages.fr\/es\/"},{"@type":"ListItem","position":2,"name":"Solicitud de permiso de rodaje"}]},{"@type":"WebSite","@id":"https:\/\/www.toulouse-tournages.fr\/es\/#website","url":"https:\/\/www.toulouse-tournages.fr\/es\/","name":"Toulouse tournages","description":"","potentialAction":[{"@type":"SearchAction","target":{"@type":"EntryPoint","urlTemplate":"https:\/\/www.toulouse-tournages.fr\/es\/?s={search_term_string}"},"query-input":{"@type":"PropertyValueSpecification","valueRequired":true,"valueName":"search_term_string"}}],"inLanguage":"es"}]}},"_links":{"self":[{"href":"https:\/\/www.toulouse-tournages.fr\/es\/wp-json\/wp\/v2\/pages\/21187","targetHints":{"allow":["GET"]}}],"collection":[{"href":"https:\/\/www.toulouse-tournages.fr\/es\/wp-json\/wp\/v2\/pages"}],"about":[{"href":"https:\/\/www.toulouse-tournages.fr\/es\/wp-json\/wp\/v2\/types\/page"}],"author":[{"embeddable":true,"href":"https:\/\/www.toulouse-tournages.fr\/es\/wp-json\/wp\/v2\/users\/2"}],"replies":[{"embeddable":true,"href":"https:\/\/www.toulouse-tournages.fr\/es\/wp-json\/wp\/v2\/comments?post=21187"}],"version-history":[{"count":0,"href":"https:\/\/www.toulouse-tournages.fr\/es\/wp-json\/wp\/v2\/pages\/21187\/revisions"}],"wp:attachment":[{"href":"https:\/\/www.toulouse-tournages.fr\/es\/wp-json\/wp\/v2\/media?parent=21187"}],"curies":[{"name":"wp","href":"https:\/\/api.w.org\/{rel}","templated":true}]}}